{"id":897,"date":"2023-09-24T15:22:21","date_gmt":"2023-09-24T15:22:21","guid":{"rendered":"https:\/\/wp.gta.be\/en\/?page_id=897"},"modified":"2023-11-03T13:08:33","modified_gmt":"2023-11-03T13:08:33","slug":"hunting-period","status":"publish","type":"page","link":"https:\/\/www.gta.be\/en\/hunting-period\/","title":{"rendered":"During the hunting period"},"content":{"rendered":"\n<style type=\"text\/css\" data-created_by=\"avia_inline_auto\" id=\"style-css-av-pxieh-f291eec2b827844402c45ce73cd893ae\">\n.avia-section.av-pxieh-f291eec2b827844402c45ce73cd893ae{\nbackground-repeat:no-repeat;\nbackground-image:url(https:\/\/www.gta.be\/en\/wp-content\/uploads\/2023\/05\/transardennaise-jusseret-2-scaled-1.jpg);\nbackground-position:50% 50%;\nbackground-attachment:fixed;\n}\n<\/style>\n<div id='av_section_1'  class='avia-section av-pxieh-f291eec2b827844402c45ce73cd893ae main_color avia-section-default avia-no-shadow  avia-builder-el-0  el_before_av_section  avia-builder-el-first  avia-full-stretch avia-bg-style-fixed av-minimum-height av-minimum-height-custom  container_wrap fullsize'  data-section-bg-repeat='stretch' data-av_minimum_height_px='250'><div class='container av-section-cont-open' style='height:250px'><main  role=\"main\" itemprop=\"mainContentOfPage\"  class='template-page content  av-content-full alpha units'><div class='post-entry post-entry-type-page post-entry-897'><div class='entry-content-wrapper clearfix'>\n<\/div><\/div><\/main><!-- close content main element --><\/div><\/div>\n<style type=\"text\/css\" data-created_by=\"avia_inline_auto\" id=\"style-css-av-ngcix-52d67065bdd126cb9324c8b2d2876ac5\">\n.avia-section.av-ngcix-52d67065bdd126cb9324c8b2d2876ac5{\nbackground-color:#ffffff;\nbackground-image:unset;\n}\n<\/style>\n<div id='av_section_2'  class='avia-section av-ngcix-52d67065bdd126cb9324c8b2d2876ac5 alternate_color avia-section-huge avia-no-border-styling  avia-builder-el-1  el_after_av_section  avia-builder-el-last  avia-bg-style-scroll container_wrap fullsize'  ><div class='container av-section-cont-open' ><div class='template-page content  av-content-full alpha units'><div class='post-entry post-entry-type-page post-entry-897'><div class='entry-content-wrapper clearfix'>\n\n<style type=\"text\/css\" data-created_by=\"avia_inline_auto\" id=\"style-css-av-g9imh-ca28330e2ccbf4f22a27ef9da4b4cc00\">\n#top .flex_column.av-g9imh-ca28330e2ccbf4f22a27ef9da4b4cc00{\nmargin-top:-200px;\nmargin-bottom:0px;\n}\n.flex_column.av-g9imh-ca28330e2ccbf4f22a27ef9da4b4cc00{\n-webkit-border-radius:0px 0px 0px 0px;\n-moz-border-radius:0px 0px 0px 0px;\nborder-radius:0px 0px 0px 0px;\npadding:30px 30px 30px 30px;\nbackground-color:#ffffff;\n}\n.responsive #top #wrap_all .flex_column.av-g9imh-ca28330e2ccbf4f22a27ef9da4b4cc00{\nmargin-top:-200px;\nmargin-bottom:0px;\n}\n<\/style>\n<div class='flex_column av-g9imh-ca28330e2ccbf4f22a27ef9da4b4cc00 av_one_full  avia-builder-el-2  el_before_av_one_full  avia-builder-el-first  first flex_column_div '     ><style type=\"text\/css\" data-created_by=\"avia_inline_auto\" id=\"style-css-av-lmxm05a0-497e6d91ea1fafe348e223563d47f6f9\">\n#top .av-special-heading.av-lmxm05a0-497e6d91ea1fafe348e223563d47f6f9{\npadding-bottom:20px;\nfont-size:40px;\n}\nbody .av-special-heading.av-lmxm05a0-497e6d91ea1fafe348e223563d47f6f9 .av-special-heading-tag .heading-char{\nfont-size:25px;\n}\n#top #wrap_all .av-special-heading.av-lmxm05a0-497e6d91ea1fafe348e223563d47f6f9 .av-special-heading-tag{\nfont-size:40px;\n}\n.av-special-heading.av-lmxm05a0-497e6d91ea1fafe348e223563d47f6f9 .av-subheading{\nfont-size:15px;\n}\n\n@media only screen and (min-width: 480px) and (max-width: 767px){ \n#top #wrap_all .av-special-heading.av-lmxm05a0-497e6d91ea1fafe348e223563d47f6f9 .av-special-heading-tag{\nfont-size:0.8em;\n}\n}\n\n@media only screen and (max-width: 479px){ \n#top #wrap_all .av-special-heading.av-lmxm05a0-497e6d91ea1fafe348e223563d47f6f9 .av-special-heading-tag{\nfont-size:0.8em;\n}\n}\n<\/style>\n<div  class='av-special-heading av-lmxm05a0-497e6d91ea1fafe348e223563d47f6f9 av-special-heading-h1 blockquote modern-quote modern-centered  avia-builder-el-3  avia-builder-el-no-sibling  av-inherit-size'><h1 class='av-special-heading-tag'  itemprop=\"headline\"  >During the hunting period<\/h1><div class=\"special-heading-border\"><div class=\"special-heading-inner-border\"><\/div><\/div><\/div><\/div>\n<style type=\"text\/css\" data-created_by=\"avia_inline_auto\" id=\"style-css-av-6rb6h-75fbe7f37081493bde606c893254e011\">\n.flex_column.av-6rb6h-75fbe7f37081493bde606c893254e011{\n-webkit-border-radius:0px 0px 0px 0px;\n-moz-border-radius:0px 0px 0px 0px;\nborder-radius:0px 0px 0px 0px;\npadding:0px 0px 0px 0px;\n}\n<\/style>\n<div class='flex_column av-6rb6h-75fbe7f37081493bde606c893254e011 av_one_full  avia-builder-el-4  el_after_av_one_full  avia-builder-el-last  first flex_column_div av-animated-generic bottom-to-top av-zero-column-padding column-top-margin'     ><section  class='av_textblock_section av-lmxm0bq8-6e7816d4493e2b5e83bcebb6331d9dad'  itemscope=\"itemscope\" itemtype=\"https:\/\/schema.org\/CreativeWork\" ><div class='avia_textblock'  itemprop=\"text\" ><p>En Wallonie, la chasse en battue d\u00e9bute le 1er octobre. Elle se d\u00e9roule jusqu&#8217;au 31 d\u00e9cembre et est susceptible d&#8217;\u00eatre prolong\u00e9e en janvier et f\u00e9vrier.<\/p>\n<p>En surfant sur le site &#8220;chasseonweb&#8221; vous pouvez consulter les territoires de chasse sur lesquels des actions de chasse se d\u00e9roulent. Lorsqu&#8217;un territoire est ferm\u00e9, cela s&#8217;entend pour la journ\u00e9e.<\/p>\n<p>En dehors de cette p\u00e9riode, des actions de chasse \u00e0 l&#8217;affut peuvent \u00e9galement \u00eatre men\u00e9e (notamment entre le 21 et le 30 septembre). Durant cette p\u00e9riode, il est interdit d\u2019\u00eatre dans la zone concern\u00e9e de 1 heure avant le lever du soleil jusqu&#8217;\u00e0 2 heures apr\u00e8s, et de 2 heures avant le coucher du soleil jusqu\u2019\u00e0 1 heure apr\u00e8s.<\/p>\n<p>Pour plus de pr\u00e9cisions, vous pouvez \u00e9galement vous informer aupr\u00e8s du D\u00e9partement Nature et des For\u00eats ainsi qu&#8217;aupr\u00e8s des bureaux d&#8217;information touristique.<\/p>\n<p>Important: il est prioritaire de toujours se conformer aux affiches plac\u00e9es sur le terrain.<\/p>\n<\/div><\/section><\/div>\n","protected":false},"excerpt":{"rendered":"","protected":false},"author":1,"featured_media":0,"parent":0,"menu_order":0,"comment_status":"closed","ping_status":"closed","template":"","meta":{"footnotes":""},"class_list":["post-897","page","type-page","status-publish","hentry"],"_links":{"self":[{"href":"https:\/\/www.gta.be\/en\/wp-json\/wp\/v2\/pages\/897","targetHints":{"allow":["GET"]}}],"collection":[{"href":"https:\/\/www.gta.be\/en\/wp-json\/wp\/v2\/pages"}],"about":[{"href":"https:\/\/www.gta.be\/en\/wp-json\/wp\/v2\/types\/page"}],"author":[{"embeddable":true,"href":"https:\/\/www.gta.be\/en\/wp-json\/wp\/v2\/users\/1"}],"replies":[{"embeddable":true,"href":"https:\/\/www.gta.be\/en\/wp-json\/wp\/v2\/comments?post=897"}],"version-history":[{"count":2,"href":"https:\/\/www.gta.be\/en\/wp-json\/wp\/v2\/pages\/897\/revisions"}],"predecessor-version":[{"id":899,"href":"https:\/\/www.gta.be\/en\/wp-json\/wp\/v2\/pages\/897\/revisions\/899"}],"wp:attachment":[{"href":"https:\/\/www.gta.be\/en\/wp-json\/wp\/v2\/media?parent=897"}],"curies":[{"name":"wp","href":"https:\/\/api.w.org\/{rel}","templated":true}]}}