{"id":1072,"date":"2023-02-28T17:59:10","date_gmt":"2023-02-28T16:59:10","guid":{"rendered":"https:\/\/wp.gta.be\/fr\/?page_id=1072"},"modified":"2024-01-17T14:27:38","modified_gmt":"2024-01-17T13:27:38","slug":"ardenne-bike-tours","status":"publish","type":"page","link":"https:\/\/www.gta.be\/fr\/ardenne-bike-tours\/","title":{"rendered":"Ardenne Bike Tours"},"content":{"rendered":"\n<style type=\"text\/css\" data-created_by=\"avia_inline_auto\" id=\"style-css-av-5xx102-379f4233d4d33cf0199df647393dd337\">\n.avia-section.av-5xx102-379f4233d4d33cf0199df647393dd337{\nbackground-repeat:no-repeat;\nbackground-image:url(https:\/\/www.gta.be\/fr\/wp-content\/uploads\/2023\/04\/grandtourdelardennetransfrontaliere.jpg);\nbackground-position:50% 50%;\nbackground-attachment:fixed;\n}\n<\/style>\n<div id='av_section_1'  class='avia-section av-5xx102-379f4233d4d33cf0199df647393dd337 main_color avia-section-default avia-no-shadow  avia-builder-el-0  el_before_av_section  avia-builder-el-first  avia-full-stretch avia-bg-style-fixed av-minimum-height av-minimum-height-custom  container_wrap fullsize'  data-section-bg-repeat='stretch' data-av_minimum_height_px='250'><div class='container av-section-cont-open' style='height:250px'><main  role=\"main\" itemprop=\"mainContentOfPage\"  class='template-page content  av-content-full alpha units'><div class='post-entry post-entry-type-page post-entry-1072'><div class='entry-content-wrapper clearfix'>\n<\/div><\/div><\/main><!-- close content main element --><\/div><\/div><div id='av_section_2'  class='avia-section av-5qpym2-0bc51e6eab1368f83e31e05a4f543bf8 main_color avia-section-huge avia-no-border-styling  avia-builder-el-1  el_after_av_section  el_before_av_button_big  avia-bg-style-scroll container_wrap fullsize'  ><div class='container av-section-cont-open' ><div class='template-page content  av-content-full alpha units'><div class='post-entry post-entry-type-page post-entry-1072'><div class='entry-content-wrapper clearfix'>\n\n<style type=\"text\/css\" data-created_by=\"avia_inline_auto\" id=\"style-css-av-5kdo8y-4c7caaadd56b2622b8476eeebc3b619d\">\n#top .flex_column.av-5kdo8y-4c7caaadd56b2622b8476eeebc3b619d{\nmargin-top:-200px;\nmargin-bottom:0px;\n}\n.flex_column.av-5kdo8y-4c7caaadd56b2622b8476eeebc3b619d{\n-webkit-border-radius:0px 0px 0px 0px;\n-moz-border-radius:0px 0px 0px 0px;\nborder-radius:0px 0px 0px 0px;\npadding:30px 30px 30px 30px;\nbackground-color:#ffffff;\n}\n.responsive #top #wrap_all .flex_column.av-5kdo8y-4c7caaadd56b2622b8476eeebc3b619d{\nmargin-top:-200px;\nmargin-bottom:0px;\n}\n<\/style>\n<div class='flex_column av-5kdo8y-4c7caaadd56b2622b8476eeebc3b619d av_one_full  avia-builder-el-2  el_before_av_one_fourth  avia-builder-el-first  first flex_column_div '     ><style type=\"text\/css\" data-created_by=\"avia_inline_auto\" id=\"style-css-av-5dsg4i-61fcdae9bc4f64dc39adfe91b5bb88d8\">\n#top .av-special-heading.av-5dsg4i-61fcdae9bc4f64dc39adfe91b5bb88d8{\npadding-bottom:20px;\nfont-size:40px;\n}\nbody .av-special-heading.av-5dsg4i-61fcdae9bc4f64dc39adfe91b5bb88d8 .av-special-heading-tag .heading-char{\nfont-size:25px;\n}\n#top #wrap_all .av-special-heading.av-5dsg4i-61fcdae9bc4f64dc39adfe91b5bb88d8 .av-special-heading-tag{\nfont-size:40px;\n}\n.av-special-heading.av-5dsg4i-61fcdae9bc4f64dc39adfe91b5bb88d8 .av-subheading{\nfont-size:15px;\n}\n\n@media only screen and (min-width: 480px) and (max-width: 767px){ \n#top #wrap_all .av-special-heading.av-5dsg4i-61fcdae9bc4f64dc39adfe91b5bb88d8 .av-special-heading-tag{\nfont-size:0.8em;\n}\n}\n\n@media only screen and (max-width: 479px){ \n#top #wrap_all .av-special-heading.av-5dsg4i-61fcdae9bc4f64dc39adfe91b5bb88d8 .av-special-heading-tag{\nfont-size:0.8em;\n}\n}\n<\/style>\n<div  class='av-special-heading av-5dsg4i-61fcdae9bc4f64dc39adfe91b5bb88d8 av-special-heading-h1 blockquote modern-quote modern-centered  avia-builder-el-3  avia-builder-el-no-sibling  av-inherit-size'><h1 class='av-special-heading-tag'  itemprop=\"headline\"  >Ardenne Bike Tours<\/h1><div class=\"special-heading-border\"><div class=\"special-heading-inner-border\"><\/div><\/div><\/div><\/div><div class='flex_column av-27ow5c-c24c89689a5db564d835f2fe83e85aa5 av_one_fourth  avia-builder-el-4  el_after_av_one_full  el_before_av_three_fourth  first flex_column_div column-top-margin'     ><style type=\"text\/css\" data-created_by=\"avia_inline_auto\" id=\"style-css-av-lfy0i33a-e1d707a04e8abd901fb321bc94c76ba5\">\n.avia-image-container.av-lfy0i33a-e1d707a04e8abd901fb321bc94c76ba5 img.avia_image{\nbox-shadow:none;\n}\n.avia-image-container.av-lfy0i33a-e1d707a04e8abd901fb321bc94c76ba5 .av-image-caption-overlay-center{\ncolor:#ffffff;\n}\n<\/style>\n<div  class='avia-image-container av-lfy0i33a-e1d707a04e8abd901fb321bc94c76ba5 av-styling- avia-align-center  avia-builder-el-5  avia-builder-el-no-sibling '   itemprop=\"image\" itemscope=\"itemscope\" itemtype=\"https:\/\/schema.org\/ImageObject\" ><div class=\"avia-image-container-inner\"><div class=\"avia-image-overlay-wrap\"><img decoding=\"async\" class='wp-image-1561 avia-img-lazy-loading-not-1561 avia_image ' src=\"https:\/\/www.gta.be\/fr\/wp-content\/uploads\/2023\/04\/ardenne_bike_tours.jpg\" alt='Logo Ardenne Bike Tours' title='ardenne_bike_tours'  height=\"181\" width=\"278\"  itemprop=\"thumbnailUrl\"  \/><\/div><\/div><\/div><\/div>\n<style type=\"text\/css\" data-created_by=\"avia_inline_auto\" id=\"style-css-av-53ni0a-20d69c593fad4f2f41a6a5f728cb79c1\">\n.flex_column.av-53ni0a-20d69c593fad4f2f41a6a5f728cb79c1{\n-webkit-border-radius:0px 0px 0px 0px;\n-moz-border-radius:0px 0px 0px 0px;\nborder-radius:0px 0px 0px 0px;\npadding:0px 0px 0px 0px;\n}\n<\/style>\n<div class='flex_column av-53ni0a-20d69c593fad4f2f41a6a5f728cb79c1 av_three_fourth  avia-builder-el-6  el_after_av_one_fourth  el_before_av_one_third  flex_column_div av-zero-column-padding column-top-margin'     ><p>\n<style type=\"text\/css\" data-created_by=\"avia_inline_auto\" id=\"style-css-av-4twrgq-837a45b0155a579bab810c368521353f\">\n#top .av-special-heading.av-4twrgq-837a45b0155a579bab810c368521353f{\npadding-bottom:0;\n}\nbody .av-special-heading.av-4twrgq-837a45b0155a579bab810c368521353f .av-special-heading-tag .heading-char{\nfont-size:25px;\n}\n.av-special-heading.av-4twrgq-837a45b0155a579bab810c368521353f .av-subheading{\nfont-size:15px;\n}\n<\/style>\n<div  class='av-special-heading av-4twrgq-837a45b0155a579bab810c368521353f av-special-heading-h2 blockquote modern-quote  avia-builder-el-7  el_before_av_textblock  avia-builder-el-first '><h2 class='av-special-heading-tag'  itemprop=\"headline\"  >L\u2019Ardenne \u00e0 v\u00e9lo <\/h2><div class=\"special-heading-border\"><div class=\"special-heading-inner-border\"><\/div><\/div><\/div><br \/>\n<section  class='av_textblock_section av-4qim36-2bd99d345a208d1a4d88244a4a6fab4f'  itemscope=\"itemscope\" itemtype=\"https:\/\/schema.org\/CreativeWork\" ><div class='avia_textblock'  itemprop=\"text\" ><p>D\u00e9couvrez ces routes touristiques qui vous emm\u00e8nent \u00e0 la d\u00e9couverte du patrimoine r\u00e9gional, des sites touristiques ou encore des sp\u00e9cialit\u00e9s locales de l\u2019Ardenne. Sous le vocable \u00ab\u00a0Ardenne Bike Tours\u00a0\u00bb, vous retrouvez les itin\u00e9raires GTA.<\/p>\n<p><em>C&rsquo;est dans les ann\u00e9es 1990 que les premiers grands itin\u00e9raires \u00e0 v\u00e9lo ont \u00e9t\u00e9 imagin\u00e9s par la Maison de la <a href=\"https:\/\/www.gta.be\/fr\/la-transgaumaise\/\">Randonn\u00e9e<\/a> \u2013 GTA Belgique sur l&rsquo;Ardenne<\/em><br \/>\n<em>belge. Tout a commenc\u00e9 par la Transardennaise \u00e0 v\u00e9lo. Plusieurs itin\u00e9raires ont ensuite \u00e9t\u00e9 imagin\u00e9s dans la foul\u00e9e.<\/em><\/p>\n<p><em>La Route des For\u00eats est un itin\u00e9raire imagin\u00e9 au d\u00e9part par un groupement touristique \u00ab For\u00eats d&rsquo;Ardenne et Haute Lesse et repris par la Maison de la Randonn\u00e9e. Un r\u00e9seau s&rsquo;est alors d\u00e9velopp\u00e9 avec la Route de la S\u00fbre, le Bastogne Bike Tours, notamment.<\/em><\/p>\n<p><em>L&rsquo;itin\u00e9raire \u00ab Le Grand Tour de l&rsquo;Ardenne transfrontali\u00e8re \u00bb est le plus r\u00e9cent. Il vient compl\u00e9ter l&rsquo;offre du cyclotourisme ardennais. Il a \u00e9t\u00e9 con\u00e7u dans le cadre de l&rsquo;adh\u00e9sion de<\/em> <em>la Maison de la Randonn\u00e9e \u2013 GTA Belgique \u00e0 la \u00ab Marque Ardenne \u00bb et de son souhait de faire conna\u00eetre l&rsquo;Ardenne transfrontali\u00e8re en passant par Sedan, Charleville-M\u00e9zi\u00e8res et Montherm\u00e9 proposant une connexion avec la Transardennaise.<br \/>\n<\/em><\/p>\n<\/div><\/section><\/p><\/div>\n<style type=\"text\/css\" data-created_by=\"avia_inline_auto\" id=\"style-css-av-3eizn6-cc7cea486f634e6f98e9e3679b9501ab\">\n.flex_column.av-3eizn6-cc7cea486f634e6f98e9e3679b9501ab{\n-webkit-border-radius:0px 0px 0px 0px;\n-moz-border-radius:0px 0px 0px 0px;\nborder-radius:0px 0px 0px 0px;\npadding:0px 0px 0px 0px;\n}\n<\/style>\n<div class='flex_column av-3eizn6-cc7cea486f634e6f98e9e3679b9501ab av_one_third  avia-builder-el-9  el_after_av_three_fourth  el_before_av_one_third  first flex_column_div av-zero-column-padding column-top-margin'     ><p>\n<style type=\"text\/css\" data-created_by=\"avia_inline_auto\" id=\"style-css-av-369mea-75d144ba2a4516247f23aec9d9b8bd81\">\n#top .av-special-heading.av-369mea-75d144ba2a4516247f23aec9d9b8bd81{\npadding-bottom:0;\n}\nbody .av-special-heading.av-369mea-75d144ba2a4516247f23aec9d9b8bd81 .av-special-heading-tag .heading-char{\nfont-size:25px;\n}\n.av-special-heading.av-369mea-75d144ba2a4516247f23aec9d9b8bd81 .av-subheading{\nfont-size:15px;\n}\n<\/style>\n<div  class='av-special-heading av-369mea-75d144ba2a4516247f23aec9d9b8bd81 av-special-heading-h3 blockquote modern-quote  avia-builder-el-10  el_before_av_textblock  avia-builder-el-first '><h3 class='av-special-heading-tag'  itemprop=\"headline\"  >Les boucles cyclos dans le Pays de Bastogne et la For\u00eat de Saint-Hubert<\/h3><div class=\"special-heading-border\"><div class=\"special-heading-inner-border\"><\/div><\/div><\/div><br \/>\n<section  class='av_textblock_section av-5p3n0g-d98d53121e4fae1246ce3b3c8bf5da64'  itemscope=\"itemscope\" itemtype=\"https:\/\/schema.org\/CreativeWork\" ><div class='avia_textblock'  itemprop=\"text\" ><p>Ces circuits ne sont pas balis\u00e9s.<br \/>\nEn cliquant sur le lien vous pouvez t\u00e9l\u00e9charger la trace gpx.<\/p>\n<p><strong><a href=\"https:\/\/www.cirkwi.com\/fr\/circuit\/54380-ardenne-bike-tour-n-1\" target=\"_blank\" rel=\"noopener\">Circuit 1:<\/a><\/strong> 48 km<\/p>\n<p><strong><a href=\"https:\/\/www.cirkwi.com\/fr\/circuit\/54379-ardenne-bike-tour-n-2\" target=\"_blank\" rel=\"noopener\">Circuit 2:<\/a> <\/strong>45 km<\/p>\n<p><strong><a href=\"https:\/\/www.cirkwi.com\/fr\/circuit\/54378-ardenne-bike-tour-n-3\" target=\"_blank\" rel=\"noopener\">Circuit 3:<\/a> <\/strong>20 km<\/p>\n<p><strong><a href=\"https:\/\/www.cirkwi.com\/fr\/circuit\/54377-ardenne-bike-tour-n-4\" target=\"_blank\" rel=\"noopener\">Circuit 4<\/a>:<\/strong> 27 km<\/p>\n<p><strong><a href=\"https:\/\/www.cirkwi.com\/fr\/circuit\/54376-ardenne-bike-tour-n-5\" target=\"_blank\" rel=\"noopener\">Circuit 5:<\/a> <\/strong>35 km<\/p>\n<p><strong><a href=\"https:\/\/www.cirkwi.com\/fr\/circuit\/54375-ardenne-bike-tour-n-6\" target=\"_blank\" rel=\"noopener\">Circuit 6:<\/a> <\/strong>36 km<\/p>\n<p><strong><a href=\"https:\/\/www.cirkwi.com\/fr\/circuit\/54373-ardenne-bike-tour-n-7\" target=\"_blank\" rel=\"noopener\">Circuit 7:<\/a> <\/strong>35 km<\/p>\n<p><strong><a href=\"https:\/\/www.google.be\/url?sa=t&#038;rct=j&#038;q=&#038;esrc=s&#038;source=web&#038;cd=&#038;cad=rja&#038;uact=8&#038;ved=2ahUKEwis6umuutHxAhWWraQKHWtjBpkQFjAKegQIAxAD&#038;url=https%3A%2F%2Fwww.cirkwi.com%2Ffr%2Fcircuit%2F54372-ardenne-bike-tour-n-8&#038;usg=AOvVaw2hqOJ24B9biOH7OfPai_fR\" target=\"_blank\" rel=\"noopener\">Circuit 8:<\/a> <\/strong>15,2 km<\/p>\n<p><strong><a href=\"https:\/\/www.cirkwi.com\/fr\/circuit\/54371-ardenne-bike-tour-n-9\" target=\"_blank\" rel=\"noopener\">Circuit 9:<\/a><\/strong> 24 km<\/p>\n<p><strong><a href=\"https:\/\/www.cirkwi.com\/fr\/circuit\/54370-ardenne-bike-tour-n-10\" target=\"_blank\" rel=\"noopener\">Circuit 10:<\/a> <\/strong>28 km<\/p>\n<p><strong>Bastogne Bike Tours : <\/strong>33,35 km et 36,50 km, ainsi qu\u2019un tour de la ville de Bastogne de 9 km pour v\u00e9lo tout chemin (passant sur chemins de campagnes et pistes cyclables).<\/p>\n<\/div><\/section><\/p><\/div>\n<style type=\"text\/css\" data-created_by=\"avia_inline_auto\" id=\"style-css-av-2qi6v4-06cedaec1716076a6096fecb8e7e2819\">\n.flex_column.av-2qi6v4-06cedaec1716076a6096fecb8e7e2819{\n-webkit-border-radius:0px 0px 0px 0px;\n-moz-border-radius:0px 0px 0px 0px;\nborder-radius:0px 0px 0px 0px;\npadding:0px 0px 0px 0px;\n}\n<\/style>\n<div class='flex_column av-2qi6v4-06cedaec1716076a6096fecb8e7e2819 av_one_third  avia-builder-el-12  el_after_av_one_third  el_before_av_one_third  flex_column_div av-zero-column-padding column-top-margin'     ><p>\n<style type=\"text\/css\" data-created_by=\"avia_inline_auto\" id=\"style-css-av-lfy0a69o-9c263b42e9a79c7bc11e90033ad93a7b\">\n#top .av-special-heading.av-lfy0a69o-9c263b42e9a79c7bc11e90033ad93a7b{\npadding-bottom:0;\n}\nbody .av-special-heading.av-lfy0a69o-9c263b42e9a79c7bc11e90033ad93a7b .av-special-heading-tag .heading-char{\nfont-size:25px;\n}\n.av-special-heading.av-lfy0a69o-9c263b42e9a79c7bc11e90033ad93a7b .av-subheading{\nfont-size:15px;\n}\n<\/style>\n<div  class='av-special-heading av-lfy0a69o-9c263b42e9a79c7bc11e90033ad93a7b av-special-heading-h3 blockquote modern-quote  avia-builder-el-13  el_before_av_textblock  avia-builder-el-first '><h3 class='av-special-heading-tag'  itemprop=\"headline\"  >Les grandes travers\u00e9es  <\/h3><div class=\"special-heading-border\"><div class=\"special-heading-inner-border\"><\/div><\/div><\/div><br \/>\n<section  class='av_textblock_section av-4tv0wg-4ee25575dc5cbcb131c4323f80481b53'  itemscope=\"itemscope\" itemtype=\"https:\/\/schema.org\/CreativeWork\" ><div class='avia_textblock'  itemprop=\"text\" ><\/div><\/section><br \/>\n<section  class='av_textblock_section av-lfzbb1bv-8986249e259f8c3225406f3ca40573cc'  itemscope=\"itemscope\" itemtype=\"https:\/\/schema.org\/CreativeWork\" ><div class='avia_textblock'  itemprop=\"text\" ><p>Ces circuits ne sont pas balis\u00e9s.<br \/>\nEn cliquant sur le lien vous pouvez t\u00e9l\u00e9charger la trace GPX.<\/p>\n<p><a href=\"https:\/\/www.gta.be\/fr\/les-routes-des-forets-et-de-la-sure\/\"><strong>La Route des For\u00eats<\/strong><\/a><\/p>\n<p><a href=\"https:\/\/www.gta.be\/fr\/les-routes-des-forets-et-de-la-sure\/\"><strong>La Route de la S\u00fbre<\/strong><\/a><\/p>\n<p><a href=\"https:\/\/www.gta.be\/fr\/la-transardennaise\"><strong>La Transardennaise<\/strong><\/a><\/p>\n<p><a href=\"https:\/\/www.gta.be\/fr\/la-transgaumaise\"><strong>La Transgaumaise<\/strong><\/a><\/p>\n<p><a href=\"https:\/\/www.gta.be\/fr\/ardenne-transfrontaliere\/\"><strong>Le Grand Tour de l&rsquo;Ardenne transfrontali\u00e8re<\/strong><\/a><\/p>\n<\/div><\/section><\/p><\/div>\n<style type=\"text\/css\" data-created_by=\"avia_inline_auto\" id=\"style-css-av-259vfk-e0caded30252690f116711c035c69ca9\">\n.flex_column.av-259vfk-e0caded30252690f116711c035c69ca9{\n-webkit-border-radius:0px 0px 0px 0px;\n-moz-border-radius:0px 0px 0px 0px;\nborder-radius:0px 0px 0px 0px;\npadding:0px 0px 0px 0px;\n}\n<\/style>\n<div class='flex_column av-259vfk-e0caded30252690f116711c035c69ca9 av_one_third  avia-builder-el-16  el_after_av_one_third  avia-builder-el-last  flex_column_div av-zero-column-padding column-top-margin'     ><p>\n<style type=\"text\/css\" data-created_by=\"avia_inline_auto\" id=\"style-css-av-lfzbasob-2072ecceb667cc54741bfe0333ca3e8a\">\n#top .av-special-heading.av-lfzbasob-2072ecceb667cc54741bfe0333ca3e8a{\npadding-bottom:0;\n}\nbody .av-special-heading.av-lfzbasob-2072ecceb667cc54741bfe0333ca3e8a .av-special-heading-tag .heading-char{\nfont-size:25px;\n}\n.av-special-heading.av-lfzbasob-2072ecceb667cc54741bfe0333ca3e8a .av-subheading{\nfont-size:15px;\n}\n<\/style>\n<div  class='av-special-heading av-lfzbasob-2072ecceb667cc54741bfe0333ca3e8a av-special-heading-h3 blockquote modern-quote  avia-builder-el-17  el_before_av_textblock  avia-builder-el-first '><h3 class='av-special-heading-tag'  itemprop=\"headline\"  >Les boucles VTT dans le Pays de Bastogne<\/h3><div class=\"special-heading-border\"><div class=\"special-heading-inner-border\"><\/div><\/div><\/div><br \/>\n<section  class='av_textblock_section av-lfzbutly-546ec1ebf0709c9bb172c8a26fe80b7b'  itemscope=\"itemscope\" itemtype=\"https:\/\/schema.org\/CreativeWork\" ><div class='avia_textblock'  itemprop=\"text\" ><p>Ces circuits sont situ\u00e9s dans la commune de Sainte-Ode.<br \/>\nIls ne sont pas balis\u00e9s. En cliquant sur le lien, vous pouvez t\u00e9l\u00e9charger la trace GPX.<\/p>\n<p><a href=\"https:\/\/www.cirkwi.com\/fr\/circuit\/13035-circuit-vtt-entre-ourthe-et-laval\" target=\"_blank\" rel=\"noopener\"><strong>Circuit Entre Ourthe et Laval:<\/strong><\/a> 50 km<\/p>\n<p><a href=\"https:\/\/www.cirkwi.com\/fr\/circuit\/13032-circuit-vtt-du-rancourt\" target=\"_blank\" rel=\"noopener\"><strong>Circuit VTT du Rancourt:<\/strong> <\/a>22 km<\/p>\n<p><a href=\"https:\/\/www.cirkwi.com\/fr\/circuit\/13031-circuit-vtt-de-freyr\" target=\"_blank\" rel=\"noopener\"><strong>Circuit de Freyr :<\/strong>\u00a0<\/a> 19 km<\/p>\n<p><a href=\"https:\/\/www.cirkwi.com\/fr\/circuit\/13034-raid-vtt-de-la-jonquille\" target=\"_blank\" rel=\"noopener\"><strong>Raid de la Jonquille:<\/strong>\u00a0<\/a> 62 km<\/p>\n<p><a href=\"https:\/\/www.cirkwi.com\/fr\/circuit\/13029-circuit-vtt-de-fosset\" target=\"_blank\" rel=\"noopener\"><strong>Circuit de Fosset:<\/strong> <\/a>21 km<\/p>\n<p><a href=\"https:\/\/www.cirkwi.com\/fr\/circuit\/13033-circuit-vtt-des-haies-magery\" target=\"_blank\" rel=\"noopener\"><strong>Circuit des Haies de Magery:<\/strong><\/a> 17 km<\/p>\n<\/div><\/section><\/p><\/div><div  class='avia-button-wrap avia-button-center  avia-builder-el-19  el_after_av_section  avia-builder-el-last '>\n<style type=\"text\/css\" data-created_by=\"avia_inline_auto\" id=\"style-css-av-btv4y-602a905d0407f3cc99266319b10195d9\">\n#top #wrap_all .avia-button.av-btv4y-602a905d0407f3cc99266319b10195d9{\nbackground-color:#005e11;\nborder-color:#005e11;\n-webkit-transition:all 0.4s ease-in-out;\n-moz-transition:all 0.4s ease-in-out;\n-ms-transition:all 0.4s ease-in-out;\n-o-transition:all 0.4s ease-in-out;\ntransition:all 0.4s ease-in-out;\n}\n#top #wrap_all .avia-button.av-btv4y-602a905d0407f3cc99266319b10195d9:hover{\ncolor:white;\n-webkit-transition:all 0.4s ease-in-out;\n-moz-transition:all 0.4s ease-in-out;\n-ms-transition:all 0.4s ease-in-out;\n-o-transition:all 0.4s ease-in-out;\ntransition:all 0.4s ease-in-out;\n}\n<\/style>\n<a href='https:\/\/www.gta.be\/fr\/ardenne-e-bike\/' class='avia-font-color-theme-color avia-button avia-button-fullwidth av-btv4y-602a905d0407f3cc99266319b10195d9 avia-icon_select-no avia-color-custom'  ><span class='avia_iconbox_title' >Loeurs de v\u00e9lo VTT e-bike en Ardenne<\/span><span class='avia_button_background avia-button avia-button-fullwidth avia-color-theme-color'><\/span><\/a><\/div><\/p>\n","protected":false},"excerpt":{"rendered":"","protected":false},"author":1,"featured_media":0,"parent":0,"menu_order":0,"comment_status":"open","ping_status":"closed","template":"","meta":{"_seopress_robots_primary_cat":"","_seopress_titles_title":"Ardenne Bike Tours - Maison de la Randonn\u00e9e GTA Belgique","_seopress_titles_desc":"D\u00e9couvrez ces routes touristiques qui vous emm\u00e8nent \u00e0 la d\u00e9couverte du patrimoine r\u00e9gional, des sites touristiques ou des sp\u00e9cialit\u00e9s locales de l\u2019Ardenne.","_seopress_robots_index":"","_seopress_analysis_target_kw":"circuits,v\u00e9lo,ardenne,d\u00e9couverte","footnotes":""},"class_list":["post-1072","page","type-page","status-publish","hentry"],"_links":{"self":[{"href":"https:\/\/www.gta.be\/fr\/wp-json\/wp\/v2\/pages\/1072","targetHints":{"allow":["GET"]}}],"collection":[{"href":"https:\/\/www.gta.be\/fr\/wp-json\/wp\/v2\/pages"}],"about":[{"href":"https:\/\/www.gta.be\/fr\/wp-json\/wp\/v2\/types\/page"}],"author":[{"embeddable":true,"href":"https:\/\/www.gta.be\/fr\/wp-json\/wp\/v2\/users\/1"}],"replies":[{"embeddable":true,"href":"https:\/\/www.gta.be\/fr\/wp-json\/wp\/v2\/comments?post=1072"}],"version-history":[{"count":57,"href":"https:\/\/www.gta.be\/fr\/wp-json\/wp\/v2\/pages\/1072\/revisions"}],"predecessor-version":[{"id":2573,"href":"https:\/\/www.gta.be\/fr\/wp-json\/wp\/v2\/pages\/1072\/revisions\/2573"}],"wp:attachment":[{"href":"https:\/\/www.gta.be\/fr\/wp-json\/wp\/v2\/media?parent=1072"}],"curies":[{"name":"wp","href":"https:\/\/api.w.org\/{rel}","templated":true}]}}