{"id":1234,"date":"2023-03-05T14:04:56","date_gmt":"2023-03-05T13:04:56","guid":{"rendered":"https:\/\/wp.gta.be\/fr\/?page_id=1234"},"modified":"2024-01-17T14:04:48","modified_gmt":"2024-01-17T13:04:48","slug":"info-tourisme-2","status":"publish","type":"page","link":"https:\/\/www.gta.be\/fr\/info-tourisme-2\/","title":{"rendered":"Info Tourisme"},"content":{"rendered":"\n<style type=\"text\/css\" data-created_by=\"avia_inline_auto\" id=\"style-css-av-5xx102-c286a86f1d83838b149e13787871e99d\">\n.avia-section.av-5xx102-c286a86f1d83838b149e13787871e99d{\nbackground-repeat:no-repeat;\nbackground-image:url(https:\/\/www.gta.be\/fr\/wp-content\/uploads\/2023\/02\/ardenne-nordic-park-la-la-maison-de-la-randonnee-6-scaled.jpg);\nbackground-position:50% 50%;\nbackground-attachment:fixed;\n}\n<\/style>\n<div id='av_section_1'  class='avia-section av-5xx102-c286a86f1d83838b149e13787871e99d main_color avia-section-default avia-no-shadow  avia-builder-el-0  el_before_av_section  avia-builder-el-first  avia-full-stretch avia-bg-style-fixed av-minimum-height av-minimum-height-custom  container_wrap fullsize'  data-section-bg-repeat='stretch' data-av_minimum_height_px='250'><div class='container av-section-cont-open' style='height:250px'><main  role=\"main\" itemprop=\"mainContentOfPage\"  class='template-page content  av-content-full alpha units'><div class='post-entry post-entry-type-page post-entry-1234'><div class='entry-content-wrapper clearfix'>\n<\/div><\/div><\/main><!-- close content main element --><\/div><\/div>\n<style type=\"text\/css\" data-created_by=\"avia_inline_auto\" id=\"style-css-av-5qpym2-68cd50131fb367fb1c33bc834386f6f3\">\n.avia-section.av-5qpym2-68cd50131fb367fb1c33bc834386f6f3{\nbackground-repeat:no-repeat;\nbackground-image:url(https:\/\/www.gta.be\/fr\/wp-content\/uploads\/2015\/07\/ornament-bg-top-small-1.png);\nbackground-position:50% 0%;\nbackground-attachment:scroll;\n}\n<\/style>\n<div id='av_section_2'  class='avia-section av-5qpym2-68cd50131fb367fb1c33bc834386f6f3 main_color avia-section-huge avia-no-border-styling  avia-builder-el-1  el_after_av_section  el_before_av_button_big  avia-full-contain avia-bg-style-scroll container_wrap fullsize'  data-section-bg-repeat='contain'><div class='container av-section-cont-open' ><div class='template-page content  av-content-full alpha units'><div class='post-entry post-entry-type-page post-entry-1234'><div class='entry-content-wrapper clearfix'>\n\n<style type=\"text\/css\" data-created_by=\"avia_inline_auto\" id=\"style-css-av-5kdo8y-2f4c242b46089aa80a41ac50ddc67b5f\">\n#top .flex_column.av-5kdo8y-2f4c242b46089aa80a41ac50ddc67b5f{\nmargin-top:-200px;\nmargin-bottom:0px;\n}\n.flex_column.av-5kdo8y-2f4c242b46089aa80a41ac50ddc67b5f{\n-webkit-border-radius:0px 0px 0px 0px;\n-moz-border-radius:0px 0px 0px 0px;\nborder-radius:0px 0px 0px 0px;\npadding:30px 30px 30px 30px;\nbackground-color:#ffffff;\n}\n.responsive #top #wrap_all .flex_column.av-5kdo8y-2f4c242b46089aa80a41ac50ddc67b5f{\nmargin-top:-200px;\nmargin-bottom:0px;\n}\n<\/style>\n<div class='flex_column av-5kdo8y-2f4c242b46089aa80a41ac50ddc67b5f av_one_full  avia-builder-el-2  el_before_av_one_fifth  avia-builder-el-first  first flex_column_div '     ><style type=\"text\/css\" data-created_by=\"avia_inline_auto\" id=\"style-css-av-5dsg4i-09c4af93a4c6dff18613ab6c189079c0\">\n#top .av-special-heading.av-5dsg4i-09c4af93a4c6dff18613ab6c189079c0{\npadding-bottom:20px;\nfont-size:40px;\n}\nbody .av-special-heading.av-5dsg4i-09c4af93a4c6dff18613ab6c189079c0 .av-special-heading-tag .heading-char{\nfont-size:25px;\n}\n#top #wrap_all .av-special-heading.av-5dsg4i-09c4af93a4c6dff18613ab6c189079c0 .av-special-heading-tag{\nfont-size:40px;\n}\n.av-special-heading.av-5dsg4i-09c4af93a4c6dff18613ab6c189079c0 .av-subheading{\nfont-size:15px;\n}\n\n@media only screen and (min-width: 480px) and (max-width: 767px){ \n#top #wrap_all .av-special-heading.av-5dsg4i-09c4af93a4c6dff18613ab6c189079c0 .av-special-heading-tag{\nfont-size:0.8em;\n}\n}\n\n@media only screen and (max-width: 479px){ \n#top #wrap_all .av-special-heading.av-5dsg4i-09c4af93a4c6dff18613ab6c189079c0 .av-special-heading-tag{\nfont-size:0.8em;\n}\n}\n<\/style>\n<div  class='av-special-heading av-5dsg4i-09c4af93a4c6dff18613ab6c189079c0 av-special-heading-h1 blockquote modern-quote modern-centered  avia-builder-el-3  avia-builder-el-no-sibling  av-inherit-size'><h1 class='av-special-heading-tag'  itemprop=\"headline\"  >Info Tourisme<\/h1><div class=\"special-heading-border\"><div class=\"special-heading-inner-border\"><\/div><\/div><\/div><\/div><div class='flex_column av-84v5f6-d93989151647f089741a376def45e0ed av_one_fifth  avia-builder-el-4  el_after_av_one_full  el_before_av_four_fifth  first flex_column_div column-top-margin'     ><style type=\"text\/css\" data-created_by=\"avia_inline_auto\" id=\"style-css-av-lfr198bm-100b9eb74b8c12b3314bf2c6bff6ca53\">\n.avia-image-container.av-lfr198bm-100b9eb74b8c12b3314bf2c6bff6ca53 img.avia_image{\nbox-shadow:none;\n}\n.avia-image-container.av-lfr198bm-100b9eb74b8c12b3314bf2c6bff6ca53 .av-image-caption-overlay-center{\ncolor:#ffffff;\n}\n<\/style>\n<div  class='avia-image-container av-lfr198bm-100b9eb74b8c12b3314bf2c6bff6ca53 av-styling- avia-align-center  avia-builder-el-5  avia-builder-el-no-sibling '   itemprop=\"image\" itemscope=\"itemscope\" itemtype=\"https:\/\/schema.org\/ImageObject\" ><div class=\"avia-image-container-inner\"><div class=\"avia-image-overlay-wrap\"><img decoding=\"async\" class='wp-image-1389 avia-img-lazy-loading-not-1389 avia_image ' src=\"https:\/\/www.gta.be\/fr\/wp-content\/uploads\/2023\/03\/Bus_4161-800px.jpg\" alt='' title='Visitardenne'  height=\"331\" width=\"265\"  itemprop=\"thumbnailUrl\" srcset=\"https:\/\/www.gta.be\/fr\/wp-content\/uploads\/2023\/03\/Bus_4161-800px.jpg 265w, https:\/\/www.gta.be\/fr\/wp-content\/uploads\/2023\/03\/Bus_4161-800px-240x300.jpg 240w\" sizes=\"(max-width: 265px) 100vw, 265px\" \/><\/div><\/div><\/div><\/div><div class='flex_column av-5r55qq-2abcc4c3a0b8e591837a291b9befe53b av_four_fifth  avia-builder-el-6  el_after_av_one_fifth  el_before_av_hr  flex_column_div column-top-margin'     ><p>\n<style type=\"text\/css\" data-created_by=\"avia_inline_auto\" id=\"style-css-av-lejqbsa7-1bb26f40694a2789ced9e7336ba66c7a\">\n#top .av-special-heading.av-lejqbsa7-1bb26f40694a2789ced9e7336ba66c7a{\npadding-bottom:0;\n}\nbody .av-special-heading.av-lejqbsa7-1bb26f40694a2789ced9e7336ba66c7a .av-special-heading-tag .heading-char{\nfont-size:25px;\n}\n.av-special-heading.av-lejqbsa7-1bb26f40694a2789ced9e7336ba66c7a .av-subheading{\nfont-size:15px;\n}\n<\/style>\n<div  class='av-special-heading av-lejqbsa7-1bb26f40694a2789ced9e7336ba66c7a av-special-heading-h2 blockquote modern-quote  avia-builder-el-7  el_before_av_hr  avia-builder-el-first '><h2 class='av-special-heading-tag'  itemprop=\"headline\"  >R\u00e9joindre les itin\u00e9raires en transport en commun<\/h2><div class=\"special-heading-border\"><div class=\"special-heading-inner-border\"><\/div><\/div><\/div><br \/>\n<div  class='hr av-3s62pu-f01b803b0233f88cc70693c6b1037a5d hr-default  avia-builder-el-8  el_after_av_heading  el_before_av_textblock '><span class='hr-inner '><span class=\"hr-inner-style\"><\/span><\/span><\/div><br \/>\n<section  class='av_textblock_section av-19j6su-6458e50fa59ddf9aa531687c99a8eedc'  itemscope=\"itemscope\" itemtype=\"https:\/\/schema.org\/CreativeWork\" ><div class='avia_textblock'  itemprop=\"text\" ><p>Si vous souhaitez rejoindre les diff\u00e9rents itin\u00e9raires GTA en transport en commun, vous aurez \u00e0 combiner le train et le bus.<br \/>\nNous vous recommandons d&rsquo;organiser vos d\u00e9placements au pr\u00e9alable.<\/p>\n<p>Surfez sur<\/p>\n<ul>\n<li><a href=\"https:\/\/www.letec.be\/\" target=\"_blank\" rel=\"noopener\">letec.be<\/a><\/li>\n<li><a href=\"https:\/\/www.belgiantrain.be\" target=\"_blank\" rel=\"noopener\">belgianrail.be<\/a><\/li>\n<\/ul>\n<p>afin de vous assurer de la fr\u00e9quence et des horaires.<\/p>\n<p>Une boucle longue distance est possible au d\u00e9part de la gare de Marche-en-Famenne (voir: <a href=\"https:\/\/wp.gta.be\/fr\/la-transfamenne\">La Transfamenne<\/a>).<\/p>\n<\/div><\/section><\/p><\/div><div  class='hr av-lfr1gjm1-1dcce4e46e10ce44010868e689f36990 hr-default  avia-builder-el-10  el_after_av_four_fifth  el_before_av_one_fifth '><span class='hr-inner '><span class=\"hr-inner-style\"><\/span><\/span><\/div>\n<div class='flex_column av-2hb1oy-71d140ee9e30c3215ff9ee3e5c77e93c av_one_fifth  avia-builder-el-11  el_after_av_hr  el_before_av_four_fifth  first flex_column_div '     ><style type=\"text\/css\" data-created_by=\"avia_inline_auto\" id=\"style-css-av-lfr1f70o-5ee7587865d6616bf86b0c27d55a0783\">\n.avia-image-container.av-lfr1f70o-5ee7587865d6616bf86b0c27d55a0783 img.avia_image{\nbox-shadow:none;\n}\n.avia-image-container.av-lfr1f70o-5ee7587865d6616bf86b0c27d55a0783 .av-image-caption-overlay-center{\ncolor:#ffffff;\n}\n<\/style>\n<div  class='avia-image-container av-lfr1f70o-5ee7587865d6616bf86b0c27d55a0783 av-styling- avia-align-center  avia-builder-el-12  avia-builder-el-no-sibling '   itemprop=\"image\" itemscope=\"itemscope\" itemtype=\"https:\/\/schema.org\/ImageObject\" ><div class=\"avia-image-container-inner\"><div class=\"avia-image-overlay-wrap\"><img decoding=\"async\" class='wp-image-1392 avia-img-lazy-loading-not-1392 avia_image ' src=\"https:\/\/www.gta.be\/fr\/wp-content\/uploads\/2023\/03\/Localisation_-_carte_3824-800px.jpg\" alt='' title='VisitArdenne'  height=\"261\" width=\"237\"  itemprop=\"thumbnailUrl\"  \/><\/div><\/div><\/div><\/div>\n<style type=\"text\/css\" data-created_by=\"avia_inline_auto\" id=\"style-css-av-gpp9i-e9ddb5890f7cc10b327df9902dd8193f\">\n.flex_column.av-gpp9i-e9ddb5890f7cc10b327df9902dd8193f{\n-webkit-border-radius:0px 0px 0px 0px;\n-moz-border-radius:0px 0px 0px 0px;\nborder-radius:0px 0px 0px 0px;\npadding:0px 0px 0px 0px;\n}\n<\/style>\n<div class='flex_column av-gpp9i-e9ddb5890f7cc10b327df9902dd8193f av_four_fifth  avia-builder-el-13  el_after_av_one_fifth  avia-builder-el-last  flex_column_div av-zero-column-padding '     ><p>\n<style type=\"text\/css\" data-created_by=\"avia_inline_auto\" id=\"style-css-av-lejy7fxr-1e18e3fa6223600b039f543148eb6696\">\n#top .av-special-heading.av-lejy7fxr-1e18e3fa6223600b039f543148eb6696{\npadding-bottom:0;\n}\nbody .av-special-heading.av-lejy7fxr-1e18e3fa6223600b039f543148eb6696 .av-special-heading-tag .heading-char{\nfont-size:25px;\n}\n.av-special-heading.av-lejy7fxr-1e18e3fa6223600b039f543148eb6696 .av-subheading{\nfont-size:15px;\n}\n<\/style>\n<div  class='av-special-heading av-lejy7fxr-1e18e3fa6223600b039f543148eb6696 av-special-heading-h2 blockquote modern-quote  avia-builder-el-14  el_before_av_hr  avia-builder-el-first '><h2 class='av-special-heading-tag'  itemprop=\"headline\"  >S\u2019informer aupr\u00e8s des Bureaux de Tourisme locaux<\/h2><div class=\"special-heading-border\"><div class=\"special-heading-inner-border\"><\/div><\/div><\/div><br \/>\n<div  class='hr av-8cio6-891c8d8cc86c749cc6c9c380e9244d12 hr-default  avia-builder-el-15  el_after_av_heading  el_before_av_textblock '><span class='hr-inner '><span class=\"hr-inner-style\"><\/span><\/span><\/div><br \/>\n<section  class='av_textblock_section av-lejyctk1-4e697313168529d2d1310b6e36b9a704'  itemscope=\"itemscope\" itemtype=\"https:\/\/schema.org\/CreativeWork\" ><div class='avia_textblock'  itemprop=\"text\" ><h3>Si vous randonnez sur le <strong>Sentier des Vall\u00e9es de l&rsquo;Ourthe et du Laval<\/strong> ou dans l&rsquo;<strong>Ardenne Nordic Park<\/strong>:<\/h3>\n<ul>\n<li><a href=\"http:\/\/www.sainte-ode-tourisme.be\">Syndicat d&rsquo;Initiative de Sainte-Ode<\/a><\/li>\n<li><a href=\"http:\/\/www.paysdebastogne.be\">Maison du Tourisme du Pays de Bastogne<\/a><\/li>\n<\/ul>\n<h3>Si vous randonnez sur <strong>la Transardennaise<\/strong>:<\/h3>\n<ul>\n<li><a href=\"http:\/\/www.la-roche-tourisme.com\/\" target=\"_blank\" rel=\"noopener\">Syndicat d&rsquo;Initiative de La Roche-en-Ardenne<\/a><\/li>\n<li><a href=\"http:\/\/www.tenneville.com\" target=\"_blank\" rel=\"noopener\">Syndicat d&rsquo;Initiative Champlon-Tenneville<\/a><\/li>\n<li><a href=\"https:\/\/bertogne-tourisme.jimdosite.com\/\" target=\"_blank\" rel=\"noopener\">Syndicat d&rsquo;Initiative de Bertogne<\/a><\/li>\n<li><a href=\"http:\/\/www.sainte-ode-tourisme.be\" target=\"_blank\" rel=\"noopener\">Syndicat d&rsquo;Initiative de Sainte-Ode<\/a><\/li>\n<li>Royal Syndicat d&rsquo;Initiative de Saint-Hubert<\/li>\n<li><a href=\"https:\/\/www.libin.be\/loffice-du-tourisme\" target=\"_blank\" rel=\"noopener\">Office du Tourisme de Libin<\/a><\/li>\n<li><a href=\"https:\/\/daverdisse-tourisme.be\/\" target=\"_blank\" rel=\"noopener\">Centre touristique de Daverdisse<\/a><\/li>\n<li><a href=\"http:\/\/www.si-paliseul.be\/\" target=\"_blank\" rel=\"noopener\">Syndicat d&rsquo;Initiative de Paliseul<\/a><\/li>\n<li><a href=\"https:\/\/www.bouilloninitiative.be\/\" target=\"_blank\" rel=\"noopener\">Royal Syndicat d&rsquo;Initiative de Bouillon<\/a><\/li>\n<\/ul>\n<ul>\n<li><a href=\"https:\/\/www.coeurdelardenne.be\/\" target=\"_blank\" rel=\"noopener\">Maison du Tourisme Coeur de l&rsquo;Ardenne<\/a><\/li>\n<li><a href=\"http:\/\/www.foretdesainthubert-tourisme.be\" target=\"_blank\" rel=\"noopener\">Maison du Tourisme de la For\u00eat de Saint-Hubert<\/a><\/li>\n<li><a href=\"https:\/\/www.paysdebouillon.be\/\" target=\"_blank\" rel=\"noopener\">Maison du Tourisme du Pays de Bouillon<\/a><\/li>\n<\/ul>\n<h3>Si vous randonnez sur <strong>la Transfamenne<\/strong>:<\/h3>\n<ul>\n<li><a href=\"https:\/\/www.nassogne.be\/tourisme\/accueil\" target=\"_blank\" rel=\"noopener\">Office du Tourisme de Nassogne<\/a><\/li>\n<li><a href=\"https:\/\/visitmarche.be\/fr\/\" target=\"_blank\" rel=\"noopener\">Office du Tourisme de Marche-en-Famenne<\/a><\/li>\n<li><a href=\"http:\/\/www.la-roche-tourisme.com\/\">Syndicat d&rsquo;Initiative de La Roche-en-Ardenne<\/a><\/li>\n<li><a href=\"https:\/\/www.famenneardenne.be\/\">Maison du Tourisme Famenne-Ardenne<\/a><\/li>\n<li><a href=\"https:\/\/www.coeurdelardenne.be\/\">Maison du Tourisme Coeur de l&rsquo;Ardenne<\/a><\/li>\n<\/ul>\n<h3>Si vous randonnez sur le <strong>Chemin de la Libert\u00e9 &#8211; The Freedom Trail<\/strong>:<\/h3>\n<ul>\n<li><a href=\"https:\/\/www.bastogne-tourisme.be\/\" target=\"_blank\" rel=\"noopener\">Royal Syndicat d&rsquo;Initiative de Bastogne<\/a><\/li>\n<li><a href=\"https:\/\/www.sainte-ode-tourisme.be\/\" target=\"_blank\" rel=\"noopener\">Syndicat d&rsquo;Initiative de Sainte-Ode<\/a><\/li>\n<li><a href=\"https:\/\/bertogne-tourisme.jimdosite.com\/\" target=\"_blank\" rel=\"noopener\">Syndicat d&rsquo;Initiative de Bertogne<\/a><\/li>\n<li><a href=\"https:\/\/www.vaux-sur-sure.be\/loisirs\/tourisme\/syndicat-dinitiative\" target=\"_blank\" rel=\"noopener\">Syndicat d&rsquo;Initiative de Vaux-sur-S\u00fbre<\/a><\/li>\n<li><a href=\"https:\/\/www.paysdebastogne.be\/\" target=\"_blank\" rel=\"noopener\">Maison du Tourisme du Pays de Bastogne<\/a><\/li>\n<li><a href=\"https:\/\/www.capsureanlier.be\/\" target=\"_blank\" rel=\"noopener\">Maison du Tourisme Cap S\u00fbre-Anlier<\/a><\/li>\n<\/ul>\n<h3>Si vous randonnez sur <strong>Escapardenne &#8211; Lee Trail<\/strong> :<\/h3>\n<ul>\n<li><a href=\"https:\/\/www.pndo.be\" target=\"_blank\" rel=\"noopener\">Parc naturel des Deux Ourthes<\/a><\/li>\n<\/ul>\n<h3>Si vous randonnez sur <strong>la Transgaumaise<\/strong>:<\/h3>\n<ul>\n<li style=\"text-align: left;\"><a href=\"https:\/\/ilovevirton.be\/\" target=\"_blank\" rel=\"noopener\">Syndicat d&rsquo;Initiative de Virton<\/a><\/li>\n<li><a href=\"https:\/\/www.visitgaume.be\/\" target=\"_blank\" rel=\"noopener\">Maison du Tourisme de Gaume<\/a><\/li>\n<\/ul>\n<\/div><\/section><\/p><\/div>\n\n<div  class='avia-button-wrap avia-button-center  avia-builder-el-17  el_after_av_section  avia-builder-el-last '>\n<style type=\"text\/css\" data-created_by=\"avia_inline_auto\" id=\"style-css-av-btv4y-7be537694a9e49af9938df95286f993f\">\n#top #wrap_all .avia-button.av-btv4y-7be537694a9e49af9938df95286f993f{\nbackground-color:#005e11;\nborder-color:#005e11;\n-webkit-transition:all 0.4s ease-in-out;\n-moz-transition:all 0.4s ease-in-out;\n-ms-transition:all 0.4s ease-in-out;\n-o-transition:all 0.4s ease-in-out;\ntransition:all 0.4s ease-in-out;\n}\n#top #wrap_all .avia-button.av-btv4y-7be537694a9e49af9938df95286f993f:hover{\ncolor:white;\n-webkit-transition:all 0.4s ease-in-out;\n-moz-transition:all 0.4s ease-in-out;\n-ms-transition:all 0.4s ease-in-out;\n-o-transition:all 0.4s ease-in-out;\ntransition:all 0.4s ease-in-out;\n}\n<\/style>\n<a href='https:\/\/wp.gta.be\/fr\/shop\/' class='avia-font-color-theme-color avia-button avia-button-fullwidth av-btv4y-7be537694a9e49af9938df95286f993f avia-icon_select-no avia-color-custom'  ><span class='avia_iconbox_title' >Boutique <\/span><span class='avia_button_background avia-button avia-button-fullwidth avia-color-theme-color'><\/span><\/a><\/div>\n","protected":false},"excerpt":{"rendered":"","protected":false},"author":1,"featured_media":0,"parent":0,"menu_order":0,"comment_status":"open","ping_status":"closed","template":"","meta":{"_seopress_robots_primary_cat":"","_seopress_titles_title":"Info Tourisme Ardenne","_seopress_titles_desc":"Sur cette page, retrouvez les coordonn\u00e9es des bureaux d&#039;information touristique des r\u00e9gions travers\u00e9es par les itin\u00e9raires GTA.","_seopress_robots_index":"","footnotes":""},"class_list":["post-1234","page","type-page","status-publish","hentry"],"_links":{"self":[{"href":"https:\/\/www.gta.be\/fr\/wp-json\/wp\/v2\/pages\/1234","targetHints":{"allow":["GET"]}}],"collection":[{"href":"https:\/\/www.gta.be\/fr\/wp-json\/wp\/v2\/pages"}],"about":[{"href":"https:\/\/www.gta.be\/fr\/wp-json\/wp\/v2\/types\/page"}],"author":[{"embeddable":true,"href":"https:\/\/www.gta.be\/fr\/wp-json\/wp\/v2\/users\/1"}],"replies":[{"embeddable":true,"href":"https:\/\/www.gta.be\/fr\/wp-json\/wp\/v2\/comments?post=1234"}],"version-history":[{"count":17,"href":"https:\/\/www.gta.be\/fr\/wp-json\/wp\/v2\/pages\/1234\/revisions"}],"predecessor-version":[{"id":2570,"href":"https:\/\/www.gta.be\/fr\/wp-json\/wp\/v2\/pages\/1234\/revisions\/2570"}],"wp:attachment":[{"href":"https:\/\/www.gta.be\/fr\/wp-json\/wp\/v2\/media?parent=1234"}],"curies":[{"name":"wp","href":"https:\/\/api.w.org\/{rel}","templated":true}]}}