{"id":1492,"date":"2023-04-01T13:55:07","date_gmt":"2023-04-01T11:55:07","guid":{"rendered":"https:\/\/wp.gta.be\/fr\/?page_id=1492"},"modified":"2026-03-26T13:58:18","modified_gmt":"2026-03-26T12:58:18","slug":"mentions-legales-et-cgv","status":"publish","type":"page","link":"https:\/\/www.gta.be\/fr\/mentions-legales-et-cgv\/","title":{"rendered":"Mentions l\u00e9gales et politique de confidentialit\u00e9"},"content":{"rendered":"\n<style type=\"text\/css\" data-created_by=\"avia_inline_auto\" id=\"style-css-av-ev709g-fc641b28ee2823b3f83ff10f7427ab26\">\n.avia-section.av-ev709g-fc641b28ee2823b3f83ff10f7427ab26{\nbackground-repeat:no-repeat;\nbackground-image:url(https:\/\/www.gta.be\/fr\/wp-content\/uploads\/2023\/02\/balisage-gta-scaled.jpg);\nbackground-position:50% 50%;\nbackground-attachment:fixed;\n}\n<\/style>\n<div id='av_section_1'  class='avia-section av-ev709g-fc641b28ee2823b3f83ff10f7427ab26 main_color avia-section-default avia-no-shadow  avia-builder-el-0  el_before_av_section  avia-builder-el-first  avia-full-stretch avia-bg-style-fixed av-minimum-height av-minimum-height-custom  container_wrap fullsize'  data-section-bg-repeat='stretch' data-av_minimum_height_px='250'><div class='container av-section-cont-open' style='height:250px'><main  role=\"main\" itemprop=\"mainContentOfPage\"  class='template-page content  av-content-full alpha units'><div class='post-entry post-entry-type-page post-entry-1492'><div class='entry-content-wrapper clearfix'>\n<\/div><\/div><\/main><!-- close content main element --><\/div><\/div>\n<style type=\"text\/css\" data-created_by=\"avia_inline_auto\" id=\"style-css-av-8ktkms-267f99176d062cd4e28d492a6578879d\">\n.avia-section.av-8ktkms-267f99176d062cd4e28d492a6578879d{\nbackground-color:#ffffff;\nbackground-image:unset;\n}\n<\/style>\n<div id='av_section_2'  class='avia-section av-8ktkms-267f99176d062cd4e28d492a6578879d alternate_color avia-section-huge avia-no-border-styling  avia-builder-el-1  el_after_av_section  avia-builder-el-last  avia-bg-style-scroll container_wrap fullsize'  ><div class='container av-section-cont-open' ><div class='template-page content  av-content-full alpha units'><div class='post-entry post-entry-type-page post-entry-1492'><div class='entry-content-wrapper clearfix'>\n\n<style type=\"text\/css\" data-created_by=\"avia_inline_auto\" id=\"style-css-av-7kx4us-f83a85dea1b069f148cef95956a2b02f\">\n.flex_column.av-7kx4us-f83a85dea1b069f148cef95956a2b02f{\n-webkit-border-radius:0px 0px 0px 0px;\n-moz-border-radius:0px 0px 0px 0px;\nborder-radius:0px 0px 0px 0px;\npadding:0px 0px 0px 0px;\n}\n<\/style>\n<div class='flex_column av-7kx4us-f83a85dea1b069f148cef95956a2b02f av_one_full  avia-builder-el-2  el_before_av_heading  avia-builder-el-first  first flex_column_div av-zero-column-padding '     ><p><section  class='av_textblock_section av-lk5jfxad-c3f785d2342604ebbd733ec7017e4fde'  itemscope=\"itemscope\" itemtype=\"https:\/\/schema.org\/CreativeWork\" ><div class='avia_textblock'  itemprop=\"text\" ><p><strong>Mentions l\u00e9gales et conditions d\u2019utilisation<\/strong><\/p>\n<p>En visitant ce site, la personne qui le visite reconna\u00eet avoir pris connaissance des mentions l\u00e9gales et conditions d\u2019utilisation, ainsi que des conditions g\u00e9n\u00e9rales de vente. La Maison de la Randonn\u00e9e \u2013 GTA Belgique se r\u00e9serve le droit de modifier les pr\u00e9sents textes sans notification pr\u00e9alable.<\/p>\n<\/div><\/section><br \/>\n\n<style type=\"text\/css\" data-created_by=\"avia_inline_auto\" id=\"style-css-av-lk5jhejq-246000325263b7664ac328ce887acfa2\">\n#top .av-special-heading.av-lk5jhejq-246000325263b7664ac328ce887acfa2{\npadding-bottom:0;\n}\nbody .av-special-heading.av-lk5jhejq-246000325263b7664ac328ce887acfa2 .av-special-heading-tag .heading-char{\nfont-size:25px;\n}\n.av-special-heading.av-lk5jhejq-246000325263b7664ac328ce887acfa2 .av-subheading{\nfont-size:15px;\n}\n<\/style>\n<div  class='av-special-heading av-lk5jhejq-246000325263b7664ac328ce887acfa2 av-special-heading-h3 blockquote modern-quote  avia-builder-el-4  el_after_av_textblock  el_before_av_textblock '><h3 class='av-special-heading-tag'  itemprop=\"headline\"  >Editeur responsable<\/h3><div class=\"special-heading-border\"><div class=\"special-heading-inner-border\"><\/div><\/div><\/div><br \/>\n<section  class='av_textblock_section av-lk5jhku5-48af524f479c17b79c7a773d405c31d3'  itemscope=\"itemscope\" itemtype=\"https:\/\/schema.org\/CreativeWork\" ><div class='avia_textblock'  itemprop=\"text\" ><p>Ce site est le site officiel de la Maison de la Randonn\u00e9e \u2013 GTA Belgique asbl.<br \/>\nCette a \u00e9t\u00e9 d\u00e9velopp\u00e9e sur WordPress et est h\u00e9berg\u00e9e sur un serveur en Allemagne.<br \/>\nPour toute r\u00e9action, suggestion, demande d\u2019information, veuillez contacter la Maison de la Randonn\u00e9e \u2013 GTA Belgique par courrier postal : route des Courts Champs 4, B-6680 Sainte-Ode ou par e-mail (contact(at)gta.be).<\/p>\n<\/div><\/section><br \/>\n\n<style type=\"text\/css\" data-created_by=\"avia_inline_auto\" id=\"style-css-av-lk5jhuaf-c068dd80b1b899d82e6c5f58633ff396\">\n#top .av-special-heading.av-lk5jhuaf-c068dd80b1b899d82e6c5f58633ff396{\npadding-bottom:0;\n}\nbody .av-special-heading.av-lk5jhuaf-c068dd80b1b899d82e6c5f58633ff396 .av-special-heading-tag .heading-char{\nfont-size:25px;\n}\n.av-special-heading.av-lk5jhuaf-c068dd80b1b899d82e6c5f58633ff396 .av-subheading{\nfont-size:15px;\n}\n<\/style>\n<div  class='av-special-heading av-lk5jhuaf-c068dd80b1b899d82e6c5f58633ff396 av-special-heading-h3 blockquote modern-quote  avia-builder-el-6  el_after_av_textblock  el_before_av_textblock '><h3 class='av-special-heading-tag'  itemprop=\"headline\"  >Propri\u00e9t\u00e9 intellectuelle et droits d\u2019auteur<\/h3><div class=\"special-heading-border\"><div class=\"special-heading-inner-border\"><\/div><\/div><\/div><br \/>\n<section  class='av_textblock_section av-lk5ji7df-18748685f0bdde5a761d45190c5d81b8'  itemscope=\"itemscope\" itemtype=\"https:\/\/schema.org\/CreativeWork\" ><div class='avia_textblock'  itemprop=\"text\" ><p>Toute reproduction m\u00eame partielle du contenu de ce site est interdite.<\/p>\n<p>En ce qui concerne les itin\u00e9raires, qu\u2019il s\u2019agisse de leurs d\u00e9nominations, des trac\u00e9s et de tout autre \u00e9l\u00e9ment li\u00e9, il est interdit de les reproduire, diffuser, commercialiser. Ces usages requi\u00e8rent l\u2019autorisation pr\u00e9alable et \u00e9crite de son concepteur.<br \/>\nIl est interdit de diffuser, reproduire, commercialiser sans cet accord pr\u00e9alable \u00e9crit sur un quelconque support (partage de traces GPX sur des plateformes, \u00e9dition en version num\u00e9rique comme des roadbooks digitaux ou papier, par exemple).<br \/>\nPar ailleurs, les itin\u00e9raires GTA dont le t\u00e9l\u00e9chargement des traces est autoris\u00e9 par le concepteur \/ la Maison de la Randonn\u00e9e \u2013 GTA Belgique asbl sont les itin\u00e9raires mis en t\u00e9l\u00e9chargement sur ou depuis le pr\u00e9sent site.<\/p>\n<p>La Maison de la Randonn\u00e9e &#8211; GTA Belgique asbl tient aussi, par la pr\u00e9sente, \u00e0 remercier les personnes et structures qui respectent le travail sous toutes ses facettes, des concepteurs d\u2019itin\u00e9raires.<\/p>\n<p>En ce qui concerne les photos, les reproductions et diffusions sont interdites et requi\u00e8rent l\u2019autorisation pr\u00e9alable et \u00e9crite des photographes concern\u00e9s.<\/p>\n<\/div><\/section><\/p><\/div>\n<style type=\"text\/css\" data-created_by=\"avia_inline_auto\" id=\"style-css-av-lk5jichb-db8764bcab12aa6c8dcfeba19d596455\">\n#top .av-special-heading.av-lk5jichb-db8764bcab12aa6c8dcfeba19d596455{\npadding-bottom:0;\n}\nbody .av-special-heading.av-lk5jichb-db8764bcab12aa6c8dcfeba19d596455 .av-special-heading-tag .heading-char{\nfont-size:25px;\n}\n.av-special-heading.av-lk5jichb-db8764bcab12aa6c8dcfeba19d596455 .av-subheading{\nfont-size:15px;\n}\n<\/style>\n<div  class='av-special-heading av-lk5jichb-db8764bcab12aa6c8dcfeba19d596455 av-special-heading-h3 blockquote modern-quote  avia-builder-el-8  el_after_av_one_full  el_before_av_textblock '><h3 class='av-special-heading-tag'  itemprop=\"headline\"  >Navigation<\/h3><div class=\"special-heading-border\"><div class=\"special-heading-inner-border\"><\/div><\/div><\/div>\n<section  class='av_textblock_section av-lk5jj7u0-e26a9288658aa7992fe94d828ac0aff8'  itemscope=\"itemscope\" itemtype=\"https:\/\/schema.org\/CreativeWork\" ><div class='avia_textblock'  itemprop=\"text\" ><p>La Maison de la Randonn\u00e9e \u2013 GTA Belgique veille avec les moyens dont elle dispose, \u00e0 prendre les mesures raisonnables et n\u00e9cessaires pour assurer un bon fonctionnement s\u00e9curis\u00e9 de ce site. La responsabilit\u00e9 des risques auxquels s\u2019expose l\u2019utilisateur se fait \u00e0 la propre responsabilit\u00e9 de celui-ci. Qu\u2019il s\u2019agisse de risques li\u00e9s \u00e0 d\u2019\u00e9ventuels dysfonctionnements, interruptions, d\u00e9faillances ou \u00e9l\u00e9ments nuisibles pr\u00e9sents sur le site.<\/p>\n<p>La Maison de la Randonn\u00e9e \u2013 GTA Belgique veille \u00e0 proposer un site fonctionnel, complet et actualis\u00e9. Elle se r\u00e9serve le droit d\u2019adapter les contenus (ajout, modification, suppression) \u00e0 tout moment. Il est possible que l\u2019information ne soit pas toujours compl\u00e8te, suffisamment pr\u00e9cis\u00e9e, actualis\u00e9e.<\/p>\n<p>Le pr\u00e9sent site utilise Google Analytics 4. En continuant \u00e0 surfer sur ce pr\u00e9sent site, vous marquez votre accord quant \u00e0 la r\u00e9colte de donn\u00e9es \u00e0 des fins d\u2019analyse statistique.<\/p>\n<p>Remarque concernant le contenu embarqu\u00e9 : certaines pages de ce site peuvent inclurent du contenu comme des vid\u00e9os provenant d\u2019autres sites. Cela veut dire que le syst\u00e8me analysera votre comportement comme si vous visitiez ces sites initiaux. Ces sites peuvent collecter des donn\u00e9es \u00e0 propos de vous, utiliser des cookies, int\u00e9grer un suivi suppl\u00e9mentaire par des tiers et surveiller votre interaction avec ce contenu int\u00e9gr\u00e9, y compris le suivi de votre interaction avec le contenu int\u00e9gr\u00e9 si vous avez un compte et \u00eates connect\u00e9 \u00e0 ce site web.<\/p>\n<p>Nous collectons vos donn\u00e9es conform\u00e9ment au R\u00e8glement G\u00e9n\u00e9ral sur la Protection des Donn\u00e9es Personnelles.<br \/>\nLes donn\u00e9es demand\u00e9es nous sont n\u00e9cessaires au traitement de votre commande afin de pouvoir en assurer la gestion et vous fournir les articles souhait\u00e9s.<br \/>\nSauf information contraire de vos parts transmises au pr\u00e9alable \u00e0 la Maison de la Randonn\u00e9e &#8211; GTA Belgique, vos donn\u00e9es pourront \u00e9galement \u00eatre utilis\u00e9es par nous pour vous adresser nos offres promotionnelles ou commerciales, par courrier \u00e9lectronique ou postal.<br \/>\nEn qualit\u00e9 de personne dont les donn\u00e9es sont collect\u00e9es, vous disposez d\u2019un droit d\u2019acc\u00e8s, de rectification, d\u2019effacement de vos donn\u00e9es, ainsi qu\u2019un droit d\u2019opposition \u00e0 la collecte de vos donn\u00e9es. Ces droits peuvent \u00eatre exerc\u00e9s en nous envoyant un mail \u00e0 contact(at)gta.be, mentionnant votre nom, pr\u00e9nom et adresse ainsi que l\u2019objet de votre correspondance.<br \/>\nVos r\u00e9clamations relatives \u00e0 la collecte et au traitement de vos donn\u00e9es personnelles peuvent \u00eatre adress\u00e9es \u00e0 l\u2019autorit\u00e9 de contr\u00f4le comp\u00e9tente.<\/p>\n<\/div><\/section>\n\n","protected":false},"excerpt":{"rendered":"","protected":false},"author":1,"featured_media":0,"parent":0,"menu_order":0,"comment_status":"closed","ping_status":"closed","template":"","meta":{"_seopress_robots_primary_cat":"","_seopress_titles_title":"","_seopress_titles_desc":"","_seopress_robots_index":"","footnotes":""},"class_list":["post-1492","page","type-page","status-publish","hentry"],"_links":{"self":[{"href":"https:\/\/www.gta.be\/fr\/wp-json\/wp\/v2\/pages\/1492","targetHints":{"allow":["GET"]}}],"collection":[{"href":"https:\/\/www.gta.be\/fr\/wp-json\/wp\/v2\/pages"}],"about":[{"href":"https:\/\/www.gta.be\/fr\/wp-json\/wp\/v2\/types\/page"}],"author":[{"embeddable":true,"href":"https:\/\/www.gta.be\/fr\/wp-json\/wp\/v2\/users\/1"}],"replies":[{"embeddable":true,"href":"https:\/\/www.gta.be\/fr\/wp-json\/wp\/v2\/comments?post=1492"}],"version-history":[{"count":17,"href":"https:\/\/www.gta.be\/fr\/wp-json\/wp\/v2\/pages\/1492\/revisions"}],"predecessor-version":[{"id":4268,"href":"https:\/\/www.gta.be\/fr\/wp-json\/wp\/v2\/pages\/1492\/revisions\/4268"}],"wp:attachment":[{"href":"https:\/\/www.gta.be\/fr\/wp-json\/wp\/v2\/media?parent=1492"}],"curies":[{"name":"wp","href":"https:\/\/api.w.org\/{rel}","templated":true}]}}