{"id":2211,"date":"2023-09-24T16:11:48","date_gmt":"2023-09-24T14:11:48","guid":{"rendered":"https:\/\/wp.gta.be\/fr\/?page_id=2211"},"modified":"2024-01-17T14:03:32","modified_gmt":"2024-01-17T13:03:32","slug":"info-chasse","status":"publish","type":"page","link":"https:\/\/www.gta.be\/fr\/info-chasse\/","title":{"rendered":"Info chasse"},"content":{"rendered":"\n<style type=\"text\/css\" data-created_by=\"avia_inline_auto\" id=\"style-css-av-7mzqlf-c170b42b3724983dc7b749b21c1c7338\">\n.avia-section.av-7mzqlf-c170b42b3724983dc7b749b21c1c7338{\nbackground-repeat:no-repeat;\nbackground-image:url(https:\/\/www.gta.be\/fr\/wp-content\/uploads\/2023\/02\/ardenne-nordic-park-la-la-maison-de-la-randonnee-6-scaled.jpg);\nbackground-position:50% 50%;\nbackground-attachment:fixed;\n}\n<\/style>\n<div id='av_section_1'  class='avia-section av-7mzqlf-c170b42b3724983dc7b749b21c1c7338 main_color avia-section-default avia-no-shadow  avia-builder-el-0  el_before_av_section  avia-builder-el-first  avia-full-stretch avia-bg-style-fixed av-minimum-height av-minimum-height-custom  container_wrap fullsize'  data-section-bg-repeat='stretch' data-av_minimum_height_px='250'><div class='container av-section-cont-open' style='height:250px'><main  role=\"main\" itemprop=\"mainContentOfPage\"  class='template-page content  av-content-full alpha units'><div class='post-entry post-entry-type-page post-entry-2211'><div class='entry-content-wrapper clearfix'>\n<\/div><\/div><\/main><!-- close content main element --><\/div><\/div><div id='av_section_2'  class='avia-section av-5r8e8j-1033a854b0a3da24348372595bfea9cd main_color avia-section-huge avia-no-border-styling  avia-builder-el-1  el_after_av_section  avia-builder-el-last  avia-bg-style-scroll container_wrap fullsize'  ><div class='container av-section-cont-open' ><div class='template-page content  av-content-full alpha units'><div class='post-entry post-entry-type-page post-entry-2211'><div class='entry-content-wrapper clearfix'>\n\n<style type=\"text\/css\" data-created_by=\"avia_inline_auto\" id=\"style-css-av-459uhv-e6ef815caf2408062fe845c8346f9ebc\">\n#top .flex_column.av-459uhv-e6ef815caf2408062fe845c8346f9ebc{\nmargin-top:-200px;\nmargin-bottom:0px;\n}\n.flex_column.av-459uhv-e6ef815caf2408062fe845c8346f9ebc{\n-webkit-border-radius:0px 0px 0px 0px;\n-moz-border-radius:0px 0px 0px 0px;\nborder-radius:0px 0px 0px 0px;\npadding:30px 30px 30px 30px;\nbackground-color:#ffffff;\n}\n.responsive #top #wrap_all .flex_column.av-459uhv-e6ef815caf2408062fe845c8346f9ebc{\nmargin-top:-200px;\nmargin-bottom:0px;\n}\n<\/style>\n<div class='flex_column av-459uhv-e6ef815caf2408062fe845c8346f9ebc av_one_full  avia-builder-el-2  el_before_av_one_full  avia-builder-el-first  first flex_column_div '     ><style type=\"text\/css\" data-created_by=\"avia_inline_auto\" id=\"style-css-av-lmxjhcj0-1f0d3c990ecddcf29332f2d585d3e192\">\n#top .av-special-heading.av-lmxjhcj0-1f0d3c990ecddcf29332f2d585d3e192{\npadding-bottom:20px;\nfont-size:40px;\n}\nbody .av-special-heading.av-lmxjhcj0-1f0d3c990ecddcf29332f2d585d3e192 .av-special-heading-tag .heading-char{\nfont-size:25px;\n}\n#top #wrap_all .av-special-heading.av-lmxjhcj0-1f0d3c990ecddcf29332f2d585d3e192 .av-special-heading-tag{\nfont-size:40px;\n}\n.av-special-heading.av-lmxjhcj0-1f0d3c990ecddcf29332f2d585d3e192 .av-subheading{\nfont-size:15px;\n}\n\n@media only screen and (min-width: 480px) and (max-width: 767px){ \n#top #wrap_all .av-special-heading.av-lmxjhcj0-1f0d3c990ecddcf29332f2d585d3e192 .av-special-heading-tag{\nfont-size:0.8em;\n}\n}\n\n@media only screen and (max-width: 479px){ \n#top #wrap_all .av-special-heading.av-lmxjhcj0-1f0d3c990ecddcf29332f2d585d3e192 .av-special-heading-tag{\nfont-size:0.8em;\n}\n}\n<\/style>\n<div  class='av-special-heading av-lmxjhcj0-1f0d3c990ecddcf29332f2d585d3e192 av-special-heading-h1 blockquote modern-quote modern-centered  avia-builder-el-3  avia-builder-el-no-sibling  av-inherit-size'><h1 class='av-special-heading-tag'  itemprop=\"headline\"  >Randonner en p\u00e9riode de chasse<\/h1><div class=\"special-heading-border\"><div class=\"special-heading-inner-border\"><\/div><\/div><\/div><\/div><div class='flex_column av-bti2b-ee036fb45bf81064f74c50591b113ccb av_one_full  avia-builder-el-4  el_after_av_one_full  el_before_av_button_big  avia-builder-el-last  first flex_column_div column-top-margin'     ><section  class='av_textblock_section av-lmxjsukg-250768b96b79269bfbdf436cc8860d5b'  itemscope=\"itemscope\" itemtype=\"https:\/\/schema.org\/CreativeWork\" ><div class='avia_textblock'  itemprop=\"text\" ><p>En Wallonie, la chasse en battue d\u00e9bute le 1er octobre. Elle se d\u00e9roule jusqu&rsquo;au 31 d\u00e9cembre et est susceptible d&rsquo;\u00eatre prolong\u00e9e en janvier et f\u00e9vrier.<\/p>\n<p>En surfant <a href=\"https:\/\/portalarcgis.spw.wallonie.be\/portail\/apps\/webappviewer\/index.html?id=0460ad15c519483399a78622450b17a4\">sur le site \u00ab\u00a0chasseonweb\u00a0\u00bb<\/a> vous pouvez consulter les territoires de chasse sur lesquels des actions de chasse se d\u00e9roulent. Lorsqu&rsquo;un territoire est ferm\u00e9, cela s&rsquo;entend pour la journ\u00e9e.<\/p>\n<p>En dehors de cette p\u00e9riode de chasse en battue, des actions de chasse \u00e0 l&rsquo;affut peuvent \u00e9galement \u00eatre men\u00e9e (notamment entre le 21 et le 30 septembre). Durant cette p\u00e9riode, il est interdit d\u2019\u00eatre dans la zone concern\u00e9e de 1 heure avant le lever du soleil jusqu&rsquo;\u00e0 2 heures apr\u00e8s, et de 2 heures avant le coucher du soleil jusqu\u2019\u00e0 1 heure apr\u00e8s.<\/p>\n<p>Pour plus de pr\u00e9cisions, vous pouvez \u00e9galement vous informer aupr\u00e8s du D\u00e9partement Nature et des For\u00eats ainsi qu&rsquo;aupr\u00e8s des<a href=\"https:\/\/wp.gta.be\/fr\/info-tourisme-2\/\"> bureaux d&rsquo;information touristique<\/a>.<\/p>\n<p>Important: il est prioritaire de toujours se conformer aux affiches officielles plac\u00e9es sur le terrain.<\/p>\n<\/div><\/section><\/div><div  class='avia-button-wrap avia-button-center  avia-builder-el-6  el_after_av_one_full  avia-builder-el-last '>\n<style type=\"text\/css\" data-created_by=\"avia_inline_auto\" id=\"style-css-av-lnzsen5j-0592c775a501d4afef630dfaf615bc01\">\n#top #wrap_all .avia-button.av-lnzsen5j-0592c775a501d4afef630dfaf615bc01:hover{\ncolor:white;\n-webkit-transition:all 0.4s ease-in-out;\n-moz-transition:all 0.4s ease-in-out;\n-ms-transition:all 0.4s ease-in-out;\n-o-transition:all 0.4s ease-in-out;\ntransition:all 0.4s ease-in-out;\n}\n<\/style>\n<a href='https:\/\/portalarcgis.spw.wallonie.be\/portail\/apps\/webappviewer\/index.html?id=0460ad15c519483399a78622450b17a4' class='avia-color-theme-color avia-font-color-theme-color avia-button avia-button-fullwidth av-lnzsen5j-0592c775a501d4afef630dfaf615bc01 avia-icon_select-no avia-color-theme-color' target=\"_blank\" rel=\"noopener noreferrer\"><span class='avia_iconbox_title' >Vers le site Chasseonweb<\/span><span class='avia_button_background avia-button avia-button-fullwidth avia-color-theme-color-highlight'><\/span><\/a><\/div>\n\n","protected":false},"excerpt":{"rendered":"","protected":false},"author":1,"featured_media":0,"parent":0,"menu_order":0,"comment_status":"closed","ping_status":"closed","template":"","meta":{"_seopress_robots_primary_cat":"","_seopress_titles_title":"Randonner en p\u00e9riode de chasse","_seopress_titles_desc":"En Wallonie, la chasse en battue d\u00e9bute le 1er octobre. Elle se d\u00e9roule jusqu&#039;au 31 d\u00e9cembre et est susceptible d&#039;\u00eatre prolong\u00e9e en janvier et f\u00e9vrier. En surfa","_seopress_robots_index":"","footnotes":""},"class_list":["post-2211","page","type-page","status-publish","hentry"],"_links":{"self":[{"href":"https:\/\/www.gta.be\/fr\/wp-json\/wp\/v2\/pages\/2211","targetHints":{"allow":["GET"]}}],"collection":[{"href":"https:\/\/www.gta.be\/fr\/wp-json\/wp\/v2\/pages"}],"about":[{"href":"https:\/\/www.gta.be\/fr\/wp-json\/wp\/v2\/types\/page"}],"author":[{"embeddable":true,"href":"https:\/\/www.gta.be\/fr\/wp-json\/wp\/v2\/users\/1"}],"replies":[{"embeddable":true,"href":"https:\/\/www.gta.be\/fr\/wp-json\/wp\/v2\/comments?post=2211"}],"version-history":[{"count":8,"href":"https:\/\/www.gta.be\/fr\/wp-json\/wp\/v2\/pages\/2211\/revisions"}],"predecessor-version":[{"id":2568,"href":"https:\/\/www.gta.be\/fr\/wp-json\/wp\/v2\/pages\/2211\/revisions\/2568"}],"wp:attachment":[{"href":"https:\/\/www.gta.be\/fr\/wp-json\/wp\/v2\/media?parent=2211"}],"curies":[{"name":"wp","href":"https:\/\/api.w.org\/{rel}","templated":true}]}}