{"id":2322,"date":"2023-11-04T10:56:43","date_gmt":"2023-11-04T09:56:43","guid":{"rendered":"https:\/\/www.gta.be\/fr\/?page_id=2322"},"modified":"2023-11-05T17:03:30","modified_gmt":"2023-11-05T16:03:30","slug":"conditions-generales-de-vente","status":"publish","type":"page","link":"https:\/\/www.gta.be\/fr\/conditions-generales-de-vente\/","title":{"rendered":"Conditions g\u00e9n\u00e9rales de vente"},"content":{"rendered":"\n<style type=\"text\/css\" data-created_by=\"avia_inline_auto\" id=\"style-css-av-gjay4y-50eec67b04b0e61db462962b697765e7\">\n.avia-section.av-gjay4y-50eec67b04b0e61db462962b697765e7{\nbackground-repeat:no-repeat;\nbackground-image:url(https:\/\/www.gta.be\/fr\/wp-content\/uploads\/2023\/02\/balisage-gta-scaled.jpg);\nbackground-position:50% 50%;\nbackground-attachment:fixed;\n}\n<\/style>\n<div id='av_section_1'  class='avia-section av-gjay4y-50eec67b04b0e61db462962b697765e7 main_color avia-section-default avia-no-shadow  avia-builder-el-0  el_before_av_section  avia-builder-el-first  avia-full-stretch avia-bg-style-fixed av-minimum-height av-minimum-height-custom  container_wrap fullsize'  data-section-bg-repeat='stretch' data-av_minimum_height_px='250'><div class='container av-section-cont-open' style='height:250px'><main  role=\"main\" itemprop=\"mainContentOfPage\"  class='template-page content  av-content-full alpha units'><div class='post-entry post-entry-type-page post-entry-2322'><div class='entry-content-wrapper clearfix'>\n<\/div><\/div><\/main><!-- close content main element --><\/div><\/div>\n<style type=\"text\/css\" data-created_by=\"avia_inline_auto\" id=\"style-css-av-eipzs2-e728db8be412a761b598b1cc28605475\">\n.avia-section.av-eipzs2-e728db8be412a761b598b1cc28605475{\nbackground-color:#ffffff;\nbackground-image:unset;\n}\n<\/style>\n<div id='av_section_2'  class='avia-section av-eipzs2-e728db8be412a761b598b1cc28605475 alternate_color avia-section-huge avia-no-border-styling  avia-builder-el-1  el_after_av_section  el_before_av_section  avia-bg-style-scroll container_wrap fullsize'  ><div class='container av-section-cont-open' ><div class='template-page content  av-content-full alpha units'><div class='post-entry post-entry-type-page post-entry-2322'><div class='entry-content-wrapper clearfix'>\n\n<style type=\"text\/css\" data-created_by=\"avia_inline_auto\" id=\"style-css-av-d25f2a-55165dd8db14d5bcdf52503fd387b45d\">\n#top .flex_column.av-d25f2a-55165dd8db14d5bcdf52503fd387b45d{\nmargin-top:-200px;\nmargin-bottom:0px;\n}\n.flex_column.av-d25f2a-55165dd8db14d5bcdf52503fd387b45d{\n-webkit-border-radius:0px 0px 0px 0px;\n-moz-border-radius:0px 0px 0px 0px;\nborder-radius:0px 0px 0px 0px;\npadding:30px 30px 30px 30px;\nbackground-color:#ffffff;\n}\n.responsive #top #wrap_all .flex_column.av-d25f2a-55165dd8db14d5bcdf52503fd387b45d{\nmargin-top:-200px;\nmargin-bottom:0px;\n}\n<\/style>\n<div class='flex_column av-d25f2a-55165dd8db14d5bcdf52503fd387b45d av_one_full  avia-builder-el-2  el_before_av_one_full  avia-builder-el-first  first flex_column_div '     ><style type=\"text\/css\" data-created_by=\"avia_inline_auto\" id=\"style-css-av-lojvfsdt-7c3abaeda4548e76d52ef0fec107eee6\">\n#top .av-special-heading.av-lojvfsdt-7c3abaeda4548e76d52ef0fec107eee6{\npadding-bottom:20px;\nfont-size:40px;\n}\nbody .av-special-heading.av-lojvfsdt-7c3abaeda4548e76d52ef0fec107eee6 .av-special-heading-tag .heading-char{\nfont-size:25px;\n}\n#top #wrap_all .av-special-heading.av-lojvfsdt-7c3abaeda4548e76d52ef0fec107eee6 .av-special-heading-tag{\nfont-size:40px;\n}\n.av-special-heading.av-lojvfsdt-7c3abaeda4548e76d52ef0fec107eee6 .av-subheading{\nfont-size:15px;\n}\n\n@media only screen and (min-width: 480px) and (max-width: 767px){ \n#top #wrap_all .av-special-heading.av-lojvfsdt-7c3abaeda4548e76d52ef0fec107eee6 .av-special-heading-tag{\nfont-size:0.8em;\n}\n}\n\n@media only screen and (max-width: 479px){ \n#top #wrap_all .av-special-heading.av-lojvfsdt-7c3abaeda4548e76d52ef0fec107eee6 .av-special-heading-tag{\nfont-size:0.8em;\n}\n}\n<\/style>\n<div  class='av-special-heading av-lojvfsdt-7c3abaeda4548e76d52ef0fec107eee6 av-special-heading-h1 blockquote modern-quote modern-centered  avia-builder-el-3  avia-builder-el-no-sibling  av-inherit-size'><h1 class='av-special-heading-tag'  itemprop=\"headline\"  >Conditions g\u00e9n\u00e9rales de vente<\/h1><div class=\"special-heading-border\"><div class=\"special-heading-inner-border\"><\/div><\/div><\/div><\/div>\n<style type=\"text\/css\" data-created_by=\"avia_inline_auto\" id=\"style-css-av-a4z71u-6a21ee1afe9eb4e3fe743459794c2c62\">\n.flex_column.av-a4z71u-6a21ee1afe9eb4e3fe743459794c2c62{\n-webkit-border-radius:0px 0px 0px 0px;\n-moz-border-radius:0px 0px 0px 0px;\nborder-radius:0px 0px 0px 0px;\npadding:0px 0px 0px 0px;\n}\n<\/style>\n<div class='flex_column av-a4z71u-6a21ee1afe9eb4e3fe743459794c2c62 av_one_full  avia-builder-el-4  el_after_av_one_full  avia-builder-el-last  first flex_column_div av-zero-column-padding column-top-margin'     ><section  class='av_textblock_section av-lojvg7ga-4395b315b2c4e7e7265c15b9d5518a4c'  itemscope=\"itemscope\" itemtype=\"https:\/\/schema.org\/CreativeWork\" ><div class='avia_textblock'  itemprop=\"text\" ><section class=\"av_textblock_section av-lk5jkzsh-5c38b33e359a4f926be66e361c699807\">\n<div class=\"avia_textblock\">\n<p>Les Conditions G\u00e9n\u00e9rales de Vente reprises ci-apr\u00e8s s\u2019appliquent pour toute les op\u00e9rations conclues entre d\u2019une part le vendeur repris sous \u00ab identit\u00e9 du vendeur \u00bb et l\u2019acheteur qui utilise le pr\u00e9sent site pour proc\u00e9der \u00e0 un achat.<\/p>\n<p><strong>Identit\u00e9 du vendeur<\/strong><br \/>\nLa Maison de la <a href=\"https:\/\/www.gta.be\/fr\/la-transgaumaise\/\">Randonn\u00e9e<\/a> \u2013 GTA Belgique asbl<br \/>\n435.110.425<br \/>\nSi\u00e8ge: Route des Courts Champs 4, 6680 Sainte-Ode, Belgique<br \/>\ncontact(at)gta.be<br \/>\n+32 475 61 15 06<\/p>\n<p><strong>Objet<\/strong><br \/>\nLes pr\u00e9sentes conditions g\u00e9n\u00e9rales s\u2019appliquent \u00e0 tous les achats en ligne effectu\u00e9s aupr\u00e8s de la Maison de la Randonn\u00e9e \u2013 GTA Belgique asbl au moyen du pr\u00e9sent site.<br \/>\nSur ce site, la Maison de la Randonn\u00e9e \u2013 GTA Belgique propose \u00e0 la vente divers articles li\u00e9s \u00e0 la promenade et \u00e0 la randonn\u00e9e\u00a0: des cartes, des roadbooks, des guides, des articles d\u00e9riv\u00e9s.<br \/>\nLes contenus sont \u00e9labor\u00e9s de bonne foi en fonction des donn\u00e9es disponibles. Les visuels sont pr\u00e9sent\u00e9s \u00e0 titre informatif. Ils sont les plus repr\u00e9sentatifs possible. N\u00e9anmoins une similitude parfaite ne peut \u00eatre assur\u00e9e par le visuel en question.<br \/>\nCes visuels peuvent faire l\u2019objet de modifications avant la finalisation de la commande. Le client autorise la Maison de la Randonn\u00e9e \u2013 GTA Belgique asbl a corriger les \u00e9ventuelles erreurs mat\u00e9rielles dans les informations qui lui sont communiqu\u00e9es.<\/p>\n<p><strong>Application des conditions g\u00e9n\u00e9rales de vente<\/strong><br \/>\nLes conditions g\u00e9n\u00e9rales de vente sont conclues entre les deux parties suivantes\u00a0: d\u2019une part, la Maison de la Randonn\u00e9e \u2013 GTA Belgique asbl d\u00e9nomm\u00e9e ci-apr\u00e8s \u00ab\u00a0le vendeur\u00a0\u00bb et, d\u2019autre part, toute personne physique ou morale souhaitant effectuer un achat sur le site www.gta.be d\u00e9nomm\u00e9e ci-apr\u00e8s \u00ab\u00a0le client\u00a0\u00bb.<br \/>\nCes conditions d\u00e9finissent le processus de vente entre le vendeur et le client, ainsi que les diff\u00e9rentes modalit\u00e9s (commande, paiement, livraison) aff\u00e9rentes au(x) produit(s) command\u00e9(s).<br \/>\nElles sont d\u2019application durant toute la p\u00e9riode de mise en ligne du site.<br \/>\nLa Maison de la Randonn\u00e9e \u2013 GTA Belgique se r\u00e9serve le droit de modifier \u00e0 tout moment ses conditions g\u00e9n\u00e9rales de vente. Les commandes pass\u00e9es avant la modification ne sont pas concern\u00e9e par ladite modification.<\/p>\n<p><strong>Tarifs<\/strong><br \/>\nLe prix affich\u00e9 au moment de la validation de la commande constitue le prix total \u00e0 payer incluant les taxes et frais d\u2019exp\u00e9dition.<br \/>\nLe client autorise la Maison de la Randonn\u00e9e \u2013 GTA Belgique asbl \u00e0 corriger les \u00e9ventuelles erreurs de prix manifestes.<br \/>\nDes frais d\u2019exp\u00e9dition s\u2019appliquent sur le montant total de la commande (montant forfaitaire) ; ces frais comprennent la tarification postale ainsi que les frais de gestion. Des frais suppl\u00e9mentaires peuvent \u00eatre exigibles.<\/p>\n<p><strong>Confirmation de la commande<\/strong><br \/>\nLa confirmation de la commande valide l\u2019achat d\u2019un ou de plusieurs produit(s). Elle implique de ce fait la pleine et enti\u00e8re acceptation des pr\u00e9sentes conditions g\u00e9n\u00e9rales de vente, le fait d\u2019en avoir pris parfaitement connaissance et de renoncer \u00e0 faire pr\u00e9valoir d\u2019autres conditions.<\/p>\n<p><strong>Exp\u00e9dition et livraison<\/strong><br \/>\nLes produits command\u00e9s en ligne sur ce site sont livrables en Europe.<br \/>\nLe mode de livraison est la poste belge (BPOST) en non prior.<br \/>\nPour tout autre pays, veuillez nous contacter en envoyant un e-mail \u00e0 contact(at)gta.be.<br \/>\nDans votre demande, merci de pr\u00e9ciser votre pays de livraison et le contenu de\u00a0 la commande afin que nous puissions vous informer sur les frais d\u2019exp\u00e9dition li\u00e9s \u00e0 votre demande.<br \/>\nLes commandes sont trait\u00e9es par des b\u00e9n\u00e9voles. Ils veillent \u00e0 le faire dans le d\u00e9lai le plus court possible.<\/p>\n<p><strong>Droit de r\u00e9tractation<\/strong><br \/>\nDans le cas d\u2019un achat en ligne via ce site, vous b\u00e9n\u00e9ficiez du d\u00e9lai de r\u00e9flexion l\u00e9gal de 14 jours calendrier. Ce d\u00e9lai d\u00e9bute le lendemain de la livraison du bien concern\u00e9. Si la commande a \u00e9t\u00e9 envoy\u00e9e, les frais de renvoi sont \u00e0 votre charge.<br \/>\nVeuillez consulter le site SPF Economie pour les pr\u00e9cisions\u00a0: https:\/\/economie.fgov.be\/fr\/themes\/protection-des-consommateurs\/faire-valoir-ses-droits\/achats\/annuler-un-achat\/quand-exercer-le-droit-de\/droit-de-retractation-en-cas<\/p>\n<p><strong>R\u00e8glement en ligne des litiges<\/strong><br \/>\nhttps:\/\/ec.europa.eu\/consumers\/odr\/main\/index.cfm?event=main.home2.show&#038;lng=FR<\/p>\n<p><strong>Respect de la vie priv\u00e9e<\/strong><br \/>\nNous collectons vos donn\u00e9es conform\u00e9ment au R\u00e8glement G\u00e9n\u00e9ral sur la Protection des<br \/>\nDonn\u00e9es Personnelles.<br \/>\nLes donn\u00e9es demand\u00e9es nous sont n\u00e9cessaires au traitement de votre commande afin de pouvoir en assurer la gestion et vous fournir les articles souhait\u00e9s.<br \/>\nSauf information contraire de vos parts transmises au pr\u00e9alable \u00e0 la Maison de la Randonn\u00e9e \u2013 GTA Belgique, vos donn\u00e9es pourront \u00e9galement \u00eatre utilis\u00e9es par nous pour vous adresser nos offres promotionnelles ou commerciales, par courrier \u00e9lectronique ou postal.<br \/>\nEn qualit\u00e9 de personne dont les donn\u00e9es sont collect\u00e9es, vous disposez d\u2019un droit d\u2019acc\u00e8s, de rectification, d\u2019effacement de vos donn\u00e9es, ainsi qu\u2019un droit d\u2019opposition \u00e0 la collecte de vos donn\u00e9es. Ces droits peuvent \u00eatre exerc\u00e9s en nous envoyant un mail \u00e0 contact(at)gta.be, mentionnant votre nom, pr\u00e9nom et adresse ainsi que l\u2019objet de votre correspondance.<br \/>\nVos r\u00e9clamations relatives \u00e0 la collecte et au traitement de vos donn\u00e9es personnelles peuvent \u00eatre adress\u00e9es \u00e0 l\u2019autorit\u00e9 de contr\u00f4le comp\u00e9tente.<\/p>\n<\/div>\n<\/section>\n<\/div><\/section><\/div><\/div><\/div><\/div><!-- close content main div --><\/div><\/div>\n<style type=\"text\/css\" data-created_by=\"avia_inline_auto\" id=\"style-css-av-97425u-f8bbc2268e7bc43d73e5a90d935f18d1\">\n.avia-section.av-97425u-f8bbc2268e7bc43d73e5a90d935f18d1{\nbackground-repeat:no-repeat;\nbackground-image:url(https:\/\/www.gta.be\/fr\/wp-content\/uploads\/2023\/02\/balisage-gta-scaled.jpg);\nbackground-position:50% 50%;\nbackground-attachment:fixed;\n}\n<\/style>\n<div id='av_section_3'  class='avia-section av-97425u-f8bbc2268e7bc43d73e5a90d935f18d1 main_color avia-section-default avia-no-shadow  avia-builder-el-6  el_after_av_section  el_before_av_layout_row  avia-full-stretch avia-bg-style-fixed av-minimum-height av-minimum-height-custom  container_wrap fullsize'  data-section-bg-repeat='stretch' data-av_minimum_height_px='250'><div class='container av-section-cont-open' style='height:250px'><div class='template-page content  av-content-full alpha units'><div class='post-entry post-entry-type-page post-entry-2322'><div class='entry-content-wrapper clearfix'><\/p>\n<\/div><\/div><\/div><!-- close content main div --><\/div><\/div><div id='av-layout-grid-1'  class='av-layout-grid-container av-7cfaoy-7e37d6d404e02d86328099b7d35e6bce entry-content-wrapper main_color av-flex-cells  avia-builder-el-7  el_after_av_section  avia-builder-el-last  grid-row-not-first  container_wrap fullsize'  >\n\n<style type=\"text\/css\" data-created_by=\"avia_inline_auto\" id=\"style-css-av-5kv9v6-8530c28f5cfac42cd17b302611e65f9b\">\n.flex_cell.av-5kv9v6-8530c28f5cfac42cd17b302611e65f9b{\nvertical-align:top;\nheight:400px;\nmin-height:400px;\nbackground:url(https:\/\/www.gta.be\/fr\/wp-content\/uploads\/2023\/03\/balisage_randonnee-1024x1024-1.jpg) 50% 50% no-repeat scroll ;\n}\n.responsive #top #wrap_all .flex_cell.av-5kv9v6-8530c28f5cfac42cd17b302611e65f9b{\npadding:30px 30px 30px 30px !important;\n}\n<\/style>\n<div class='flex_cell av-5kv9v6-8530c28f5cfac42cd17b302611e65f9b av-gridrow-cell av_one_third no_margin  avia-builder-el-8  el_before_av_cell_one_third  avia-builder-el-first  avia-full-stretch' ><div class='flex_cell_inner'><\/div><\/div>\n<style type=\"text\/css\" data-created_by=\"avia_inline_auto\" id=\"style-css-av-434osy-f1d818cc54822960e51ad886f345dee6\">\n.flex_cell.av-434osy-f1d818cc54822960e51ad886f345dee6{\nvertical-align:top;\nheight:400px;\nmin-height:400px;\nbackground:url(https:\/\/www.gta.be\/fr\/wp-content\/uploads\/2023\/03\/balisage_balade-1024x1024-1.jpg) 50% 50% no-repeat scroll ;\n}\n.responsive #top #wrap_all .flex_cell.av-434osy-f1d818cc54822960e51ad886f345dee6{\npadding:30px 30px 30px 30px !important;\n}\n<\/style>\n<div class='flex_cell av-434osy-f1d818cc54822960e51ad886f345dee6 av-gridrow-cell av_one_third no_margin  avia-builder-el-9  el_after_av_cell_one_third  el_before_av_cell_one_third  avia-full-stretch' ><div class='flex_cell_inner'><\/div><\/div>\n<style type=\"text\/css\" data-created_by=\"avia_inline_auto\" id=\"style-css-av-2xox3m-94ae1adef0a9d886b897dc6b7f412755\">\n.flex_cell.av-2xox3m-94ae1adef0a9d886b897dc6b7f412755{\nvertical-align:top;\nheight:400px;\nmin-height:400px;\nbackground:url(https:\/\/www.gta.be\/fr\/wp-content\/uploads\/2023\/02\/balisage-gta-1030x579.jpg) 50% 50% no-repeat scroll ;\n}\n.responsive #top #wrap_all .flex_cell.av-2xox3m-94ae1adef0a9d886b897dc6b7f412755{\npadding:30px 30px 30px 30px !important;\n}\n<\/style>\n<div class='flex_cell av-2xox3m-94ae1adef0a9d886b897dc6b7f412755 av-gridrow-cell av_one_third no_margin  avia-builder-el-10  el_after_av_cell_one_third  avia-builder-el-last  avia-full-stretch' ><div class='flex_cell_inner'><\/div><\/div>\n<\/div>\n","protected":false},"excerpt":{"rendered":"","protected":false},"author":1,"featured_media":0,"parent":0,"menu_order":0,"comment_status":"closed","ping_status":"closed","template":"","meta":{"_seopress_robots_primary_cat":"","_seopress_titles_title":"","_seopress_titles_desc":"","_seopress_robots_index":"","footnotes":""},"class_list":["post-2322","page","type-page","status-publish","hentry"],"_links":{"self":[{"href":"https:\/\/www.gta.be\/fr\/wp-json\/wp\/v2\/pages\/2322","targetHints":{"allow":["GET"]}}],"collection":[{"href":"https:\/\/www.gta.be\/fr\/wp-json\/wp\/v2\/pages"}],"about":[{"href":"https:\/\/www.gta.be\/fr\/wp-json\/wp\/v2\/types\/page"}],"author":[{"embeddable":true,"href":"https:\/\/www.gta.be\/fr\/wp-json\/wp\/v2\/users\/1"}],"replies":[{"embeddable":true,"href":"https:\/\/www.gta.be\/fr\/wp-json\/wp\/v2\/comments?post=2322"}],"version-history":[{"count":4,"href":"https:\/\/www.gta.be\/fr\/wp-json\/wp\/v2\/pages\/2322\/revisions"}],"predecessor-version":[{"id":2407,"href":"https:\/\/www.gta.be\/fr\/wp-json\/wp\/v2\/pages\/2322\/revisions\/2407"}],"wp:attachment":[{"href":"https:\/\/www.gta.be\/fr\/wp-json\/wp\/v2\/media?parent=2322"}],"curies":[{"name":"wp","href":"https:\/\/api.w.org\/{rel}","templated":true}]}}