{"id":2502,"date":"2023-12-10T14:02:52","date_gmt":"2023-12-10T13:02:52","guid":{"rendered":"https:\/\/www.gta.be\/fr\/?page_id=2502"},"modified":"2026-01-14T17:12:46","modified_gmt":"2026-01-14T16:12:46","slug":"principe-de-base-du-balisage","status":"publish","type":"page","link":"https:\/\/www.gta.be\/fr\/principe-de-base-du-balisage\/","title":{"rendered":"Principe de base du balisage"},"content":{"rendered":"\n<style type=\"text\/css\" data-created_by=\"avia_inline_auto\" id=\"style-css-av-bagwc6-4a4cf94897e3d880be4bcbca83aa1022\">\n.avia-section.av-bagwc6-4a4cf94897e3d880be4bcbca83aa1022{\nbackground-repeat:no-repeat;\nbackground-image:url(https:\/\/www.gta.be\/fr\/wp-content\/uploads\/2023\/02\/balisage-gta-scaled.jpg);\nbackground-position:50% 50%;\nbackground-attachment:fixed;\n}\n<\/style>\n<div id='av_section_1'  class='avia-section av-bagwc6-4a4cf94897e3d880be4bcbca83aa1022 main_color avia-section-default avia-no-shadow  avia-builder-el-0  el_before_av_section  avia-builder-el-first  avia-full-stretch avia-bg-style-fixed av-minimum-height av-minimum-height-custom  container_wrap fullsize'  data-section-bg-repeat='stretch' data-av_minimum_height_px='250'><div class='container av-section-cont-open' style='height:250px'><main  role=\"main\" itemprop=\"mainContentOfPage\"  class='template-page content  av-content-full alpha units'><div class='post-entry post-entry-type-page post-entry-2502'><div class='entry-content-wrapper clearfix'>\n<\/div><\/div><\/main><!-- close content main element --><\/div><\/div>\n<style type=\"text\/css\" data-created_by=\"avia_inline_auto\" id=\"style-css-av-9fjznq-27cea6100d98cd9f647a5cbbba46683d\">\n.avia-section.av-9fjznq-27cea6100d98cd9f647a5cbbba46683d{\nbackground-color:#ffffff;\nbackground-image:unset;\n}\n<\/style>\n<div id='av_section_2'  class='avia-section av-9fjznq-27cea6100d98cd9f647a5cbbba46683d alternate_color avia-section-huge avia-no-border-styling  avia-builder-el-1  el_after_av_section  el_before_av_layout_row  avia-bg-style-scroll container_wrap fullsize'  ><div class='container av-section-cont-open' ><div class='template-page content  av-content-full alpha units'><div class='post-entry post-entry-type-page post-entry-2502'><div class='entry-content-wrapper clearfix'>\n\n<style type=\"text\/css\" data-created_by=\"avia_inline_auto\" id=\"style-css-av-6vpg5y-3f87289fae0ee02725eb78da27a7dce9\">\n#top .flex_column.av-6vpg5y-3f87289fae0ee02725eb78da27a7dce9{\nmargin-top:-200px;\nmargin-bottom:0px;\n}\n.flex_column.av-6vpg5y-3f87289fae0ee02725eb78da27a7dce9{\n-webkit-border-radius:0px 0px 0px 0px;\n-moz-border-radius:0px 0px 0px 0px;\nborder-radius:0px 0px 0px 0px;\npadding:30px 30px 30px 30px;\nbackground-color:#ffffff;\n}\n.responsive #top #wrap_all .flex_column.av-6vpg5y-3f87289fae0ee02725eb78da27a7dce9{\nmargin-top:-200px;\nmargin-bottom:0px;\n}\n<\/style>\n<div class='flex_column av-6vpg5y-3f87289fae0ee02725eb78da27a7dce9 av_one_full  avia-builder-el-2  avia-builder-el-no-sibling  first flex_column_div '     ><p>\n<style type=\"text\/css\" data-created_by=\"avia_inline_auto\" id=\"style-css-av-lpzhxq45-ac65f16feed0a241c276e164aa529ea5\">\n#top .av-special-heading.av-lpzhxq45-ac65f16feed0a241c276e164aa529ea5{\npadding-bottom:20px;\nfont-size:40px;\n}\nbody .av-special-heading.av-lpzhxq45-ac65f16feed0a241c276e164aa529ea5 .av-special-heading-tag .heading-char{\nfont-size:25px;\n}\n#top #wrap_all .av-special-heading.av-lpzhxq45-ac65f16feed0a241c276e164aa529ea5 .av-special-heading-tag{\nfont-size:40px;\n}\n.av-special-heading.av-lpzhxq45-ac65f16feed0a241c276e164aa529ea5 .av-subheading{\nfont-size:15px;\n}\n\n@media only screen and (min-width: 480px) and (max-width: 767px){ \n#top #wrap_all .av-special-heading.av-lpzhxq45-ac65f16feed0a241c276e164aa529ea5 .av-special-heading-tag{\nfont-size:0.8em;\n}\n}\n\n@media only screen and (max-width: 479px){ \n#top #wrap_all .av-special-heading.av-lpzhxq45-ac65f16feed0a241c276e164aa529ea5 .av-special-heading-tag{\nfont-size:0.8em;\n}\n}\n<\/style>\n<div  class='av-special-heading av-lpzhxq45-ac65f16feed0a241c276e164aa529ea5 av-special-heading-h1 blockquote modern-quote modern-centered  avia-builder-el-3  el_before_av_textblock  avia-builder-el-first  av-inherit-size'><h1 class='av-special-heading-tag'  itemprop=\"headline\"  >Principes de base<\/h1><div class=\"special-heading-border\"><div class=\"special-heading-inner-border\"><\/div><\/div><\/div><br \/>\n<section  class='av_textblock_section av-lpziuv7k-491ed431242c384bb6a80c262afc6722'  itemscope=\"itemscope\" itemtype=\"https:\/\/schema.org\/CreativeWork\" ><div class='avia_textblock'  itemprop=\"text\" ><div class=\"template-page content av-content-full alpha units\">\n<div class=\"post-entry post-entry-type-page post-entry-154\">\n<div class=\"entry-content-wrapper clearfix\">\n<div class=\"flex_column av-3eizn6-cc7cea486f634e6f98e9e3679b9501ab av_one_full avia-builder-el-11 el_before_av_one_full avia-builder-el-first first flex_column_div av-zero-column-padding \">\n<div class=\"av-special-heading av-369mea-d90eac99dbf58dde81152028f5e4308d av-special-heading-h3 blockquote modern-quote avia-builder-el-12 el_before_av_textblock avia-builder-el-first \"><\/div>\n<\/div>\n<div class=\"flex_column av-r7shu-39fce2f06b7d69b11b097fd35d623c4e av_one_full avia-builder-el-17 el_after_av_one_full avia-builder-el-last first flex_column_div av-zero-column-padding column-top-margin\">\n<section class=\"av_textblock_section av-lejp9o3t-03b24f5e2ba2e1f840424657799d1c37\">\n<div class=\"avia_textblock\">\n<h2><strong>Comment lire le balisage ?<\/strong><\/h2>\n<ul>\n<li>la <strong>balise<\/strong> que l&rsquo;on appelle aussi \u00ab\u00a0jalon\u00a0\u00bb est un signe.<br \/>\nDans le cas de la GTA, il s&rsquo;agit des traits jaune et blanc.<br \/>\nIl confirme que vous devez continuer sur le chemin o\u00f9 vous vous trouvez ;<\/li>\n<li>le <strong>doublement de balises<\/strong> correspond \u00e0 2 jalons (ou signes) identiques et superpos\u00e9s.<br \/>\nCe doublement indique que vous allez changer de direction.<br \/>\nApr\u00e8s avoir chang\u00e9 de direction, vous verrez \u00e0 nouveau une balise dite \u00ab\u00a0de confirmation\u00a0\u00bb ;<\/li>\n<li>la <strong>croix<\/strong> indique qu&rsquo;il ne faut pas emprunter le chemin concern\u00e9 par le balisage ;<\/li>\n<li>la <strong>balise directionnelle simple<\/strong> est une balise avec un fl\u00e8che donnant la direction \u00e0 suivre ;<\/li>\n<li>la <strong>balise directionnelle compl\u00e8te<\/strong> contient d&rsquo;autres informations comme l&rsquo;altitude.<\/li>\n<\/ul>\n<p>Des baliseurs exp\u00e9riment\u00e9s veillent \u00e0 l\u2019entretien du balisage. N\u00e9anmoins, <strong>des impr\u00e9vus peuvent arriver comme, par exemple, une mise \u00e0 blanc d\u2019une parcelle en for\u00eat ou un poteau cass\u00e9<\/strong>. Si vous constatez un probl\u00e8me, n\u2019h\u00e9sitez pas \u00e0 \u00e0 nous le communiquer.<\/p>\n<\/div>\n<\/section>\n<\/div>\n<\/div>\n<\/div>\n<\/div>\n<\/div><\/section><\/p><\/div><\/div><\/div><\/div><!-- close content main div --><\/div><\/div><div id='av-layout-grid-1'  class='av-layout-grid-container av-5ll7na-d6038621633de345aa7b5e1b3605f735 entry-content-wrapper main_color av-flex-cells  avia-builder-el-5  el_after_av_section  el_before_av_layout_row  grid-row-not-first  container_wrap fullsize'  >\n\n<style type=\"text\/css\" data-created_by=\"avia_inline_auto\" id=\"style-css-av-4eykqe-cf9dfdc1306a5d08aa2e71a479be33dc\">\n.flex_cell.av-4eykqe-cf9dfdc1306a5d08aa2e71a479be33dc{\nvertical-align:top;\nheight:400px;\nmin-height:400px;\nbackground:url(https:\/\/www.gta.be\/fr\/wp-content\/uploads\/2023\/02\/\u00a9Jusseret-4-1030x687.jpg) 50% 50% no-repeat scroll ;\n}\n.responsive #top #wrap_all .flex_cell.av-4eykqe-cf9dfdc1306a5d08aa2e71a479be33dc{\npadding:30px 30px 30px 30px !important;\n}\n<\/style>\n<div class='flex_cell av-4eykqe-cf9dfdc1306a5d08aa2e71a479be33dc av-gridrow-cell av_one_half no_margin  avia-builder-el-6  el_before_av_cell_one_half  avia-builder-el-first  avia-full-stretch' ><div class='flex_cell_inner'><\/div><\/div>\n<style type=\"text\/css\" data-created_by=\"avia_inline_auto\" id=\"style-css-av-lpziz07s-446e04d3d96891b1f96b7346e7d4e5fd\">\n.flex_cell.av-lpziz07s-446e04d3d96891b1f96b7346e7d4e5fd{\nvertical-align:top;\nheight:400px;\nmin-height:400px;\nbackground:url(https:\/\/www.gta.be\/fr\/wp-content\/uploads\/2023\/03\/balisage_randonnee-1024x1024-1.jpg) 50% 50% no-repeat scroll ;\n}\n.responsive #top #wrap_all .flex_cell.av-lpziz07s-446e04d3d96891b1f96b7346e7d4e5fd{\npadding:30px 30px 30px 30px !important;\n}\n<\/style>\n<div class='flex_cell av-lpziz07s-446e04d3d96891b1f96b7346e7d4e5fd av-gridrow-cell av_one_half no_margin  avia-builder-el-7  el_after_av_cell_one_half  avia-builder-el-last  avia-full-stretch' ><div class='flex_cell_inner'><\/div><\/div>\n<\/div><\/p>\n<div id='av-layout-grid-2'  class='av-layout-grid-container av-237qs6-7929e9d321fb9a90785a1ae3ab690f86 entry-content-wrapper main_color av-flex-cells  avia-builder-el-8  el_after_av_layout_row  avia-builder-el-last  grid-row-not-first  container_wrap fullsize'  >\n\n<style type=\"text\/css\" data-created_by=\"avia_inline_auto\" id=\"style-css-av-lpzj47cl-b1c3bf10361b8344e05474288e36bee1\">\n.flex_cell.av-lpzj47cl-b1c3bf10361b8344e05474288e36bee1{\nvertical-align:top;\nheight:400px;\nmin-height:400px;\nbackground:url(https:\/\/www.gta.be\/fr\/wp-content\/uploads\/2023\/02\/sentier-rhin-meuse-gtabelgique-5.jpg) 50% 50% no-repeat scroll ;\n}\n.responsive #top #wrap_all .flex_cell.av-lpzj47cl-b1c3bf10361b8344e05474288e36bee1{\npadding:30px 30px 30px 30px !important;\n}\n<\/style>\n<div class='flex_cell av-lpzj47cl-b1c3bf10361b8344e05474288e36bee1 av-gridrow-cell av_one_half no_margin  avia-builder-el-9  el_before_av_cell_one_half  avia-builder-el-first  avia-full-stretch' ><div class='flex_cell_inner'><\/div><\/div>\n<style type=\"text\/css\" data-created_by=\"avia_inline_auto\" id=\"style-css-av-lpzj5plp-3b29155c0561cc860a6e98aec8ed3847\">\n.flex_cell.av-lpzj5plp-3b29155c0561cc860a6e98aec8ed3847{\nvertical-align:top;\nheight:400px;\nmin-height:400px;\nbackground:url(https:\/\/www.gta.be\/fr\/wp-content\/uploads\/2023\/08\/balisage\u00a9jusseret-1030x773.jpg) 50% 50% no-repeat scroll ;\n}\n.responsive #top #wrap_all .flex_cell.av-lpzj5plp-3b29155c0561cc860a6e98aec8ed3847{\npadding:30px 30px 30px 30px !important;\n}\n<\/style>\n<div class='flex_cell av-lpzj5plp-3b29155c0561cc860a6e98aec8ed3847 av-gridrow-cell av_one_half no_margin  avia-builder-el-10  el_after_av_cell_one_half  avia-builder-el-last  avia-full-stretch' ><div class='flex_cell_inner'><\/div><\/div>\n<\/div>\n","protected":false},"excerpt":{"rendered":"","protected":false},"author":1,"featured_media":0,"parent":0,"menu_order":0,"comment_status":"closed","ping_status":"closed","template":"","meta":{"_seopress_robots_primary_cat":"","_seopress_titles_title":"","_seopress_titles_desc":"","_seopress_robots_index":"","footnotes":""},"class_list":["post-2502","page","type-page","status-publish","hentry"],"_links":{"self":[{"href":"https:\/\/www.gta.be\/fr\/wp-json\/wp\/v2\/pages\/2502","targetHints":{"allow":["GET"]}}],"collection":[{"href":"https:\/\/www.gta.be\/fr\/wp-json\/wp\/v2\/pages"}],"about":[{"href":"https:\/\/www.gta.be\/fr\/wp-json\/wp\/v2\/types\/page"}],"author":[{"embeddable":true,"href":"https:\/\/www.gta.be\/fr\/wp-json\/wp\/v2\/users\/1"}],"replies":[{"embeddable":true,"href":"https:\/\/www.gta.be\/fr\/wp-json\/wp\/v2\/comments?post=2502"}],"version-history":[{"count":13,"href":"https:\/\/www.gta.be\/fr\/wp-json\/wp\/v2\/pages\/2502\/revisions"}],"predecessor-version":[{"id":4201,"href":"https:\/\/www.gta.be\/fr\/wp-json\/wp\/v2\/pages\/2502\/revisions\/4201"}],"wp:attachment":[{"href":"https:\/\/www.gta.be\/fr\/wp-json\/wp\/v2\/media?parent=2502"}],"curies":[{"name":"wp","href":"https:\/\/api.w.org\/{rel}","templated":true}]}}