{"id":755,"date":"2023-02-15T18:17:09","date_gmt":"2023-02-15T17:17:09","guid":{"rendered":"https:\/\/wp.gta.be\/fr\/?page_id=755"},"modified":"2024-01-17T14:36:08","modified_gmt":"2024-01-17T13:36:08","slug":"ardenne-transfrontaliere","status":"publish","type":"page","link":"https:\/\/www.gta.be\/fr\/ardenne-transfrontaliere\/","title":{"rendered":"Le Grand Tour de l&rsquo;Ardenne transfrontali\u00e8re"},"content":{"rendered":"\n<style type=\"text\/css\" data-created_by=\"avia_inline_auto\" id=\"style-css-av-5xx102-6ae85f0bc8e7bcc4cf339569bb6a2709\">\n.avia-section.av-5xx102-6ae85f0bc8e7bcc4cf339569bb6a2709{\nbackground-repeat:no-repeat;\nbackground-image:url(https:\/\/www.gta.be\/fr\/wp-content\/uploads\/2023\/03\/Grandtour_ardennetransfrontaliere_3.jpg);\nbackground-position:50% 50%;\nbackground-attachment:fixed;\n}\n<\/style>\n<div id='av_section_1'  class='avia-section av-5xx102-6ae85f0bc8e7bcc4cf339569bb6a2709 main_color avia-section-default avia-no-shadow  avia-builder-el-0  el_before_av_section  avia-builder-el-first  avia-full-stretch avia-bg-style-fixed av-minimum-height av-minimum-height-custom  container_wrap fullsize'  data-section-bg-repeat='stretch' data-av_minimum_height_px='250'><div class='container av-section-cont-open' style='height:250px'><main  role=\"main\" itemprop=\"mainContentOfPage\"  class='template-page content  av-content-full alpha units'><div class='post-entry post-entry-type-page post-entry-755'><div class='entry-content-wrapper clearfix'>\n<\/div><\/div><\/main><!-- close content main element --><\/div><\/div><div id='av_section_2'  class='avia-section av-5qpym2-0bc51e6eab1368f83e31e05a4f543bf8 main_color avia-section-huge avia-no-border-styling  avia-builder-el-1  el_after_av_section  el_before_av_layout_row  avia-bg-style-scroll container_wrap fullsize'  ><div class='container av-section-cont-open' ><div class='template-page content  av-content-full alpha units'><div class='post-entry post-entry-type-page post-entry-755'><div class='entry-content-wrapper clearfix'>\n\n<style type=\"text\/css\" data-created_by=\"avia_inline_auto\" id=\"style-css-av-5kdo8y-2f4c242b46089aa80a41ac50ddc67b5f\">\n#top .flex_column.av-5kdo8y-2f4c242b46089aa80a41ac50ddc67b5f{\nmargin-top:-200px;\nmargin-bottom:0px;\n}\n.flex_column.av-5kdo8y-2f4c242b46089aa80a41ac50ddc67b5f{\n-webkit-border-radius:0px 0px 0px 0px;\n-moz-border-radius:0px 0px 0px 0px;\nborder-radius:0px 0px 0px 0px;\npadding:30px 30px 30px 30px;\nbackground-color:#ffffff;\n}\n.responsive #top #wrap_all .flex_column.av-5kdo8y-2f4c242b46089aa80a41ac50ddc67b5f{\nmargin-top:-200px;\nmargin-bottom:0px;\n}\n<\/style>\n<div class='flex_column av-5kdo8y-2f4c242b46089aa80a41ac50ddc67b5f av_one_full  avia-builder-el-2  el_before_av_one_full  avia-builder-el-first  first flex_column_div '     ><style type=\"text\/css\" data-created_by=\"avia_inline_auto\" id=\"style-css-av-5dsg4i-97a22d0b8e9084ecbf8f9495082201a6\">\n#top .av-special-heading.av-5dsg4i-97a22d0b8e9084ecbf8f9495082201a6{\npadding-bottom:20px;\nfont-size:40px;\n}\nbody .av-special-heading.av-5dsg4i-97a22d0b8e9084ecbf8f9495082201a6 .av-special-heading-tag .heading-char{\nfont-size:25px;\n}\n#top #wrap_all .av-special-heading.av-5dsg4i-97a22d0b8e9084ecbf8f9495082201a6 .av-special-heading-tag{\nfont-size:40px;\n}\n.av-special-heading.av-5dsg4i-97a22d0b8e9084ecbf8f9495082201a6 .av-subheading{\nfont-size:15px;\n}\n\n@media only screen and (min-width: 480px) and (max-width: 767px){ \n#top #wrap_all .av-special-heading.av-5dsg4i-97a22d0b8e9084ecbf8f9495082201a6 .av-special-heading-tag{\nfont-size:0.8em;\n}\n}\n\n@media only screen and (max-width: 479px){ \n#top #wrap_all .av-special-heading.av-5dsg4i-97a22d0b8e9084ecbf8f9495082201a6 .av-special-heading-tag{\nfont-size:0.8em;\n}\n}\n<\/style>\n<div  class='av-special-heading av-5dsg4i-97a22d0b8e9084ecbf8f9495082201a6 av-special-heading-h1 blockquote modern-quote modern-centered  avia-builder-el-3  avia-builder-el-no-sibling  av-inherit-size'><h1 class='av-special-heading-tag'  itemprop=\"headline\"  >Le Grand Tour de l\u2019Ardenne transfrontali\u00e8re<\/h1><div class=\"special-heading-border\"><div class=\"special-heading-inner-border\"><\/div><\/div><\/div><\/div>\n<style type=\"text\/css\" data-created_by=\"avia_inline_auto\" id=\"style-css-av-53ni0a-0d379158b446eeae46c37c7779b588f6\">\n.flex_column.av-53ni0a-0d379158b446eeae46c37c7779b588f6{\n-webkit-border-radius:0px 0px 0px 0px;\n-moz-border-radius:0px 0px 0px 0px;\nborder-radius:0px 0px 0px 0px;\npadding:0px 0px 0px 0px;\nbackground-color:#ffffff;\n}\n<\/style>\n<div class='flex_column av-53ni0a-0d379158b446eeae46c37c7779b588f6 av_one_full  avia-builder-el-4  el_after_av_one_full  avia-builder-el-last  first flex_column_div av-zero-column-padding column-top-margin'     ><p>\n<style type=\"text\/css\" data-created_by=\"avia_inline_auto\" id=\"style-css-av-4twrgq-1a85247fb4ea3607cf41b45f7bf15f57\">\n#top .av-special-heading.av-4twrgq-1a85247fb4ea3607cf41b45f7bf15f57{\npadding-bottom:0;\n}\nbody .av-special-heading.av-4twrgq-1a85247fb4ea3607cf41b45f7bf15f57 .av-special-heading-tag .heading-char{\nfont-size:25px;\n}\n.av-special-heading.av-4twrgq-1a85247fb4ea3607cf41b45f7bf15f57 .av-subheading{\nfont-size:15px;\n}\n<\/style>\n<div  class='av-special-heading av-4twrgq-1a85247fb4ea3607cf41b45f7bf15f57 av-special-heading-h3 blockquote modern-quote  avia-builder-el-5  el_before_av_textblock  avia-builder-el-first '><h3 class='av-special-heading-tag'  itemprop=\"headline\"  >L\u2019aventure \u00e0 v\u00e9lo en Ardenne<\/h3><div class=\"special-heading-border\"><div class=\"special-heading-inner-border\"><\/div><\/div><\/div><br \/>\n<section  class='av_textblock_section av-4qim36-8a7efd827768e9317b47dfab72dae1ef'  itemscope=\"itemscope\" itemtype=\"https:\/\/schema.org\/CreativeWork\" ><div class='avia_textblock'  itemprop=\"text\" ><p>Cet itin\u00e9raire GTA est une boucle de 151 km qui traverse le d\u00e9partement des Ardennes fran\u00e7aises et l\u2019Ardenne belge, par la province de Luxembourg et le sud de la province de Namur. Son d\u00e9nivel\u00e9 est de 2167 m\u00e8tres.<\/p>\n<p>Le circuit du Grand Tour de l\u2019Ardenne transfrontali\u00e8re est recommand\u00e9 au d\u00e9part de Bouillon (Pont de France). Il vous emm\u00e8ne dans les r\u00e9gions de Corbion, Sedan, Charleville M\u00e9zi\u00e8res, Montherm\u00e9, Bohan, Vresse-sur-Semois et Rochehaut.<\/p>\n<p>Non balis\u00e9, il est \u00e0 suivre gr\u00e2ce aux traces gpx.<\/p>\n<\/div><\/section><\/p><\/div><\/div><\/div><\/div><!-- close content main div --><\/div><\/div><div id='av-layout-grid-1'  class='av-layout-grid-container av-3zownm-ffd3b61e06e897e1de6c9cae9a2ecabd entry-content-wrapper main_color av-flex-cells  avia-builder-el-7  el_after_av_section  el_before_av_section  grid-row-not-first  container_wrap fullsize'  >\n\n<style type=\"text\/css\" data-created_by=\"avia_inline_auto\" id=\"style-css-av-3x5fg2-4f0df582562cbea75e47ae1e1538a5f5\">\n.flex_cell.av-3x5fg2-4f0df582562cbea75e47ae1e1538a5f5{\nvertical-align:top;\nheight:400px;\nmin-height:400px;\nbackground:url(https:\/\/www.gta.be\/fr\/wp-content\/uploads\/2023\/03\/Grandtour_ardennetransfrontaliere_7.jpg) 50% 50% no-repeat scroll ;\n}\n.responsive #top #wrap_all .flex_cell.av-3x5fg2-4f0df582562cbea75e47ae1e1538a5f5{\npadding:30px 30px 30px 30px !important;\n}\n<\/style>\n<div class='flex_cell av-3x5fg2-4f0df582562cbea75e47ae1e1538a5f5 av-gridrow-cell av_one_half no_margin  avia-builder-el-8  el_before_av_cell_one_half  avia-builder-el-first  avia-full-stretch' ><div class='flex_cell_inner'><\/div><\/div>\n<style type=\"text\/css\" data-created_by=\"avia_inline_auto\" id=\"style-css-av-3r5yi2-3215c2da9511b03f2b859b07a0ff0667\">\n.flex_cell.av-3r5yi2-3215c2da9511b03f2b859b07a0ff0667{\nvertical-align:top;\nheight:400px;\nmin-height:400px;\nbackground:url(https:\/\/www.gta.be\/fr\/wp-content\/uploads\/2023\/03\/Grandtour_ardennetransfrontaliere-1.jpg) 50% 50% no-repeat scroll ;\n}\n.responsive #top #wrap_all .flex_cell.av-3r5yi2-3215c2da9511b03f2b859b07a0ff0667{\npadding:30px 30px 30px 30px !important;\n}\n<\/style>\n<div class='flex_cell av-3r5yi2-3215c2da9511b03f2b859b07a0ff0667 av-gridrow-cell av_one_half no_margin  avia-builder-el-9  el_after_av_cell_one_half  avia-builder-el-last  avia-full-stretch' ><div class='flex_cell_inner'><\/div><\/div>\n<\/div><\/p>\n<div id='av_section_3'  class='avia-section av-3kxfxu-b43d7f622a138d7f2bfe57d8a762b1a7 main_color avia-section-huge avia-no-border-styling  avia-builder-el-10  el_after_av_layout_row  el_before_av_layout_row  avia-bg-style-scroll container_wrap fullsize'  ><div class='container av-section-cont-open' ><div class='template-page content  av-content-full alpha units'><div class='post-entry post-entry-type-page post-entry-755'><div class='entry-content-wrapper clearfix'>\n\n<style type=\"text\/css\" data-created_by=\"avia_inline_auto\" id=\"style-css-av-3eizn6-cc7cea486f634e6f98e9e3679b9501ab\">\n.flex_column.av-3eizn6-cc7cea486f634e6f98e9e3679b9501ab{\n-webkit-border-radius:0px 0px 0px 0px;\n-moz-border-radius:0px 0px 0px 0px;\nborder-radius:0px 0px 0px 0px;\npadding:0px 0px 0px 0px;\n}\n<\/style>\n<div class='flex_column av-3eizn6-cc7cea486f634e6f98e9e3679b9501ab av_one_half  avia-builder-el-11  el_before_av_one_half  avia-builder-el-first  first flex_column_div av-zero-column-padding '     ><p>\n<style type=\"text\/css\" data-created_by=\"avia_inline_auto\" id=\"style-css-av-369mea-aa6999b2e5eeeb5925416de2ab81b22e\">\n#top .av-special-heading.av-369mea-aa6999b2e5eeeb5925416de2ab81b22e{\npadding-bottom:0;\n}\nbody .av-special-heading.av-369mea-aa6999b2e5eeeb5925416de2ab81b22e .av-special-heading-tag .heading-char{\nfont-size:25px;\n}\n.av-special-heading.av-369mea-aa6999b2e5eeeb5925416de2ab81b22e .av-subheading{\nfont-size:15px;\n}\n<\/style>\n<div  class='av-special-heading av-369mea-aa6999b2e5eeeb5925416de2ab81b22e av-special-heading-h3 blockquote modern-quote  avia-builder-el-12  el_before_av_textblock  avia-builder-el-first '><h3 class='av-special-heading-tag'  itemprop=\"headline\"  >Quelques sites ardennais \u00e0 d\u00e9couvrir <\/h3><div class=\"special-heading-border\"><div class=\"special-heading-inner-border\"><\/div><\/div><\/div><br \/>\n<section  class='av_textblock_section av-3544ki-6c145df9dbab580e640f251eb9aa19f2'  itemscope=\"itemscope\" itemtype=\"https:\/\/schema.org\/CreativeWork\" ><div class='avia_textblock'  itemprop=\"text\" ><ul>\n<li>Bouillon (le Ch\u00e2teau-fort, l\u2019Arch\u00e9oscope Godefroid de Bouillon, le Mus\u00e9e Ducal, le Parc animalier, le train touristique)<\/li>\n<li>Corbion (les ruines de la Maison des Couleuvres, l\u2019Atelier-Mus\u00e9e du tabac de la Semois) \u2013 7,1 km<\/li>\n<li>Sedan (la ville et ses balades comment\u00e9es, le Ch\u00e2teau-fort) \u2013 28,7 km<\/li>\n<li>Bazeilles (la Maison de la Derni\u00e8re cartouche)<\/li>\n<li>Remilly-Aillicourt (confluent de la Chiers et de la Meuse) \u2013 35 km<\/li>\n<li>Charleville-M\u00e9zi\u00e8res (la place ducale, la basilique, le Mus\u00e9e Arthur-Rimbaud, le Mus\u00e9e de l\u2019Ardenne) \u2013 70,9 k<\/li>\n<li>Montherm\u00e9 (l\u2019abbaye de Laval-Dieu, les croisi\u00e8res fluviales) \u2013 92,1 km<\/li>\n<li>Vresse-sur-Semois (la Glycine, le Centre d\u2019Art de l\u2019Ecole de Vresse) _ 123,1 km<\/li>\n<li>En quittant le parcours d\u2019environ 5 km: le village de Lafor\u00eat et le pont des clayes en saison<\/li>\n<li>Rochehaut (le point de vue, l\u2019Agri-Mus\u00e9e) \u2013 133,5 km<\/li>\n<li>Alle-sur-semois (Ardois\u2019Alle, R\u00e9cr\u00e9alle) \u2013 128 km<\/li>\n<\/ul>\n<\/div><\/section><\/p><\/div>\n<style type=\"text\/css\" data-created_by=\"avia_inline_auto\" id=\"style-css-av-2vd0wq-792c7f257d9039766b106877430357de\">\n.flex_column.av-2vd0wq-792c7f257d9039766b106877430357de{\n-webkit-border-radius:0px 0px 0px 0px;\n-moz-border-radius:0px 0px 0px 0px;\nborder-radius:0px 0px 0px 0px;\npadding:0px 0px 0px 0px;\n}\n<\/style>\n<div class='flex_column av-2vd0wq-792c7f257d9039766b106877430357de av_one_half  avia-builder-el-14  el_after_av_one_half  avia-builder-el-last  flex_column_div av-zero-column-padding '     ><p>\n<style type=\"text\/css\" data-created_by=\"avia_inline_auto\" id=\"style-css-av-2ojydm-0f19f4d26b9938829a1069972d207f98\">\n#top .av-special-heading.av-2ojydm-0f19f4d26b9938829a1069972d207f98{\npadding-bottom:0;\n}\nbody .av-special-heading.av-2ojydm-0f19f4d26b9938829a1069972d207f98 .av-special-heading-tag .heading-char{\nfont-size:25px;\n}\n.av-special-heading.av-2ojydm-0f19f4d26b9938829a1069972d207f98 .av-subheading{\nfont-size:15px;\n}\n<\/style>\n<div  class='av-special-heading av-2ojydm-0f19f4d26b9938829a1069972d207f98 av-special-heading-h3 blockquote modern-quote  avia-builder-el-15  el_before_av_textblock  avia-builder-el-first '><h3 class='av-special-heading-tag'  itemprop=\"headline\"  >En roulant \u00ab Le Grand Tour de l\u2019Ardenne transfrontali\u00e8re \u00bb <\/h3><div class=\"special-heading-border\"><div class=\"special-heading-inner-border\"><\/div><\/div><\/div><br \/>\n<section  class='av_textblock_section av-2m6ewi-4505e1cc92e9efee437d3e77164f6bcb'  itemscope=\"itemscope\" itemtype=\"https:\/\/schema.org\/CreativeWork\" ><div class='avia_textblock'  itemprop=\"text\" ><ul>\n<li>Entre Remilly-Allicourt et Montherm\u00e9 vous roulez sur la Voie verte Trans-Ardennes (cet itin\u00e9raire relie Charleville-M\u00e9zi\u00e8res et Givet)<\/li>\n<li>De Montherm\u00e9 \u00e0 Bohan en passant par Haute-Rivi\u00e8re, vous parcourez un tron\u00e7on de la Voie Verte Trans-Semoysienne (cet itin\u00e9raire relie Montherm\u00e9 \u00e0 la commune de Thilay)<\/li>\n<li>De Montherm\u00e9 \u00e0 Vresse-sur Semois c\u2019est aussi un tron\u00e7on de la V\u00e9loroute Lesse et Semois que vous parcourez (cet itin\u00e9raire en boucle passe notamment par Vresse-sur-Semois, Montherm\u00e9, Fumay et Daverdisse)<\/li>\n<li>A Mouzaive, vous rejoignez la Transardennaise \u00e0 v\u00e9lo jusqu\u2019\u00e0 Bouillon<\/li>\n<\/ul>\n<\/div><\/section><\/p><\/div>\n\n<\/div><\/div><\/div><!-- close content main div --><\/div><\/div><div id='av-layout-grid-2'  class='av-layout-grid-container av-2e7rgi-c5dafd94be4c5707dfb9ea30c1c4f05f entry-content-wrapper main_color av-flex-cells  avia-builder-el-17  el_after_av_section  el_before_av_section  grid-row-not-first  container_wrap fullsize'  >\n\n<style type=\"text\/css\" data-created_by=\"avia_inline_auto\" id=\"style-css-av-27d1ii-93564c298b4683a16bd02674a83c0244\">\n.flex_cell.av-27d1ii-93564c298b4683a16bd02674a83c0244{\nvertical-align:top;\nheight:400px;\nmin-height:400px;\nbackground:url(https:\/\/www.gta.be\/fr\/wp-content\/uploads\/2023\/03\/Grandtour_ardennetransfrontaliere_5.jpg) 50% 50% no-repeat scroll ;\n}\n.responsive #top #wrap_all .flex_cell.av-27d1ii-93564c298b4683a16bd02674a83c0244{\npadding:30px 30px 30px 30px !important;\n}\n<\/style>\n<div class='flex_cell av-27d1ii-93564c298b4683a16bd02674a83c0244 av-gridrow-cell av_one_half no_margin  avia-builder-el-18  el_before_av_cell_one_half  avia-builder-el-first  avia-full-stretch' ><div class='flex_cell_inner'><\/div><\/div>\n<style type=\"text\/css\" data-created_by=\"avia_inline_auto\" id=\"style-css-av-221vki-82fd7e0a1604247c842c42b24e994c2b\">\n.flex_cell.av-221vki-82fd7e0a1604247c842c42b24e994c2b{\nvertical-align:top;\nheight:400px;\nmin-height:400px;\nbackground:url(https:\/\/www.gta.be\/fr\/wp-content\/uploads\/2023\/03\/Grandtour_ardennetransfrontaliere_6.jpg) 50% 50% no-repeat scroll ;\n}\n.responsive #top #wrap_all .flex_cell.av-221vki-82fd7e0a1604247c842c42b24e994c2b{\npadding:30px 30px 30px 30px !important;\n}\n<\/style>\n<div class='flex_cell av-221vki-82fd7e0a1604247c842c42b24e994c2b av-gridrow-cell av_one_half no_margin  avia-builder-el-19  el_after_av_cell_one_half  avia-builder-el-last  avia-full-stretch' ><div class='flex_cell_inner'><\/div><\/div>\n<\/div>\n<div id='av_section_4'  class='avia-section av-32fsu-857ad3976094b05f7c3a1107cae6d1c7 main_color avia-section-huge avia-no-border-styling  avia-builder-el-20  el_after_av_layout_row  el_before_av_layout_row  avia-bg-style-scroll container_wrap fullsize'  ><div class='container av-section-cont-open' ><div class='template-page content  av-content-full alpha units'><div class='post-entry post-entry-type-page post-entry-755'><div class='entry-content-wrapper clearfix'>\n\n<style type=\"text\/css\" data-created_by=\"avia_inline_auto\" id=\"style-css-av-2ule6-5ad31ce35ff9d1cf3e9a051ee2b18170\">\n.flex_column.av-2ule6-5ad31ce35ff9d1cf3e9a051ee2b18170{\n-webkit-border-radius:0px 0px 0px 0px;\n-moz-border-radius:0px 0px 0px 0px;\nborder-radius:0px 0px 0px 0px;\npadding:0px 0px 0px 0px;\n}\n<\/style>\n<div class='flex_column av-2ule6-5ad31ce35ff9d1cf3e9a051ee2b18170 av_one_half  avia-builder-el-21  avia-builder-el-no-sibling  first flex_column_div av-zero-column-padding '     ><p>\n<style type=\"text\/css\" data-created_by=\"avia_inline_auto\" id=\"style-css-av-le36kcxx-7bf1929e8e18fd819ce31e24b78575fd\">\n#top .av-special-heading.av-le36kcxx-7bf1929e8e18fd819ce31e24b78575fd{\npadding-bottom:0;\n}\nbody .av-special-heading.av-le36kcxx-7bf1929e8e18fd819ce31e24b78575fd .av-special-heading-tag .heading-char{\nfont-size:25px;\n}\n.av-special-heading.av-le36kcxx-7bf1929e8e18fd819ce31e24b78575fd .av-subheading{\nfont-size:15px;\n}\n<\/style>\n<div  class='av-special-heading av-le36kcxx-7bf1929e8e18fd819ce31e24b78575fd av-special-heading-h3 blockquote modern-quote  avia-builder-el-22  el_before_av_textblock  avia-builder-el-first '><h3 class='av-special-heading-tag'  itemprop=\"headline\"  >Connexion<\/h3><div class=\"special-heading-border\"><div class=\"special-heading-inner-border\"><\/div><\/div><\/div><br \/>\n<section  class='av_textblock_section av-le36ltt5-edd15bc4a04f9aa15558dfa0a38dee76'  itemscope=\"itemscope\" itemtype=\"https:\/\/schema.org\/CreativeWork\" ><div class='avia_textblock'  itemprop=\"text\" ><p>Lorsque vous \u00eates \u00e0 Remilly-Allicourt, vous vous trouvez \u00e0 environ 5 km de Douzy, lieu d\u2019arriv\u00e9e de la V\u00e9loroute Centre Ardenne.<br \/>\nCet itin\u00e9raire relie Amberloup dans la commune de Sainte-Ode (Belgique) \u00e0 Douzy (France) en 126 km.<\/p>\n<\/div><\/section><\/p><\/div>\n\n<\/div><\/div><\/div><!-- close content main div --><\/div><\/div><div id='av-layout-grid-3'  class='av-layout-grid-container av-6r7w6-42165771a5f973f321b34bc1237c3236 entry-content-wrapper main_color av-flex-cells  avia-builder-el-24  el_after_av_section  el_before_av_layout_row  grid-row-not-first  container_wrap fullsize'  >\n\n<style type=\"text\/css\" data-created_by=\"avia_inline_auto\" id=\"style-css-av-le1juw59-6e4a8906ed37caee7ac5be64d1414a9b\">\n.flex_cell.av-le1juw59-6e4a8906ed37caee7ac5be64d1414a9b{\nvertical-align:top;\nheight:400px;\nmin-height:400px;\nbackground:url(https:\/\/www.gta.be\/fr\/wp-content\/uploads\/2023\/03\/Grandtour_ardennetransfrontaliere_2.jpg) 50% 50% no-repeat scroll ;\n}\n.responsive #top #wrap_all .flex_cell.av-le1juw59-6e4a8906ed37caee7ac5be64d1414a9b{\npadding:30px 30px 30px 30px !important;\n}\n<\/style>\n<div class='flex_cell av-le1juw59-6e4a8906ed37caee7ac5be64d1414a9b av-gridrow-cell av_one_half no_margin  avia-builder-el-25  el_before_av_cell_one_half  avia-builder-el-first  avia-full-stretch' ><div class='flex_cell_inner'><\/div><\/div>\n<style type=\"text\/css\" data-created_by=\"avia_inline_auto\" id=\"style-css-av-le1jvqa9-fe9ba0684d799605c9b90dbe1ce04a9c\">\n.flex_cell.av-le1jvqa9-fe9ba0684d799605c9b90dbe1ce04a9c{\nvertical-align:top;\nheight:400px;\nmin-height:400px;\nbackground:url(https:\/\/www.gta.be\/fr\/wp-content\/uploads\/2023\/03\/Grandtour_ardennetransfrontaliere_10.jpg) 50% 50% no-repeat scroll ;\n}\n.responsive #top #wrap_all .flex_cell.av-le1jvqa9-fe9ba0684d799605c9b90dbe1ce04a9c{\npadding:30px 30px 30px 30px !important;\n}\n<\/style>\n<div class='flex_cell av-le1jvqa9-fe9ba0684d799605c9b90dbe1ce04a9c av-gridrow-cell av_one_half no_margin  avia-builder-el-26  el_after_av_cell_one_half  avia-builder-el-last  avia-full-stretch' ><div class='flex_cell_inner'><\/div><\/div>\n<\/div>\n<div id='av-layout-grid-4'  class='av-layout-grid-container av-ablt2-2ac936968ff0f3dcbeabc4688cc1000a entry-content-wrapper main_color av-flex-cells  avia-builder-el-27  el_after_av_layout_row  el_before_av_button_big  grid-row-not-first  container_wrap fullsize'  >\n\n<style type=\"text\/css\" data-created_by=\"avia_inline_auto\" id=\"style-css-av-le37thi1-eef3f0978d2c5ef058a3ea28a5f1dfdb\">\n.flex_cell.av-le37thi1-eef3f0978d2c5ef058a3ea28a5f1dfdb{\nvertical-align:top;\nheight:400px;\nmin-height:400px;\nbackground:url(https:\/\/www.gta.be\/fr\/wp-content\/uploads\/2023\/03\/Grandtour_ardennetransfrontaliere_8.jpg) 50% 50% no-repeat scroll ;\n}\n.responsive #top #wrap_all .flex_cell.av-le37thi1-eef3f0978d2c5ef058a3ea28a5f1dfdb{\npadding:30px 30px 30px 30px !important;\n}\n<\/style>\n<div class='flex_cell av-le37thi1-eef3f0978d2c5ef058a3ea28a5f1dfdb av-gridrow-cell av_one_half no_margin  avia-builder-el-28  el_before_av_cell_one_half  avia-builder-el-first  avia-full-stretch' ><div class='flex_cell_inner'><\/div><\/div>\n<style type=\"text\/css\" data-created_by=\"avia_inline_auto\" id=\"style-css-av-le37u9m8-59a5f8638b3b38f1ee65293671cda0ab\">\n.flex_cell.av-le37u9m8-59a5f8638b3b38f1ee65293671cda0ab{\nvertical-align:top;\nheight:400px;\nmin-height:400px;\nbackground:url(https:\/\/www.gta.be\/fr\/wp-content\/uploads\/2023\/03\/Grandtour_ardennetransfrontaliere_9.jpg) 50% 50% no-repeat scroll ;\n}\n.responsive #top #wrap_all .flex_cell.av-le37u9m8-59a5f8638b3b38f1ee65293671cda0ab{\npadding:30px 30px 30px 30px !important;\n}\n<\/style>\n<div class='flex_cell av-le37u9m8-59a5f8638b3b38f1ee65293671cda0ab av-gridrow-cell av_one_half no_margin  avia-builder-el-29  el_after_av_cell_one_half  avia-builder-el-last  avia-full-stretch' ><div class='flex_cell_inner'><\/div><\/div>\n<\/div>\n<div  class='avia-button-wrap avia-button-center  avia-builder-el-30  el_after_av_layout_row  avia-builder-el-last '>\n<style type=\"text\/css\" data-created_by=\"avia_inline_auto\" id=\"style-css-av-btv4y-11a3bbf62ddf5756a50a7d5912f65d21\">\n#top #wrap_all .avia-button.av-btv4y-11a3bbf62ddf5756a50a7d5912f65d21{\nbackground-color:#191e24;\nborder-color:#191e24;\n-webkit-transition:all 0.4s ease-in-out;\n-moz-transition:all 0.4s ease-in-out;\n-ms-transition:all 0.4s ease-in-out;\n-o-transition:all 0.4s ease-in-out;\ntransition:all 0.4s ease-in-out;\n}\n#top #wrap_all .avia-button.av-btv4y-11a3bbf62ddf5756a50a7d5912f65d21:hover{\ncolor:white;\n-webkit-transition:all 0.4s ease-in-out;\n-moz-transition:all 0.4s ease-in-out;\n-ms-transition:all 0.4s ease-in-out;\n-o-transition:all 0.4s ease-in-out;\ntransition:all 0.4s ease-in-out;\n}\n<\/style>\n<a href='https:\/\/wp.gta.be\/fr\/shop\/' class='avia-font-color-theme-color avia-button avia-button-fullwidth av-btv4y-11a3bbf62ddf5756a50a7d5912f65d21 avia-icon_select-no avia-color-custom'  ><span class='avia_iconbox_title' >Boutique en ligne<\/span><span class='avia_button_background avia-button avia-button-fullwidth avia-color-theme-color'><\/span><\/a><\/div>\n","protected":false},"excerpt":{"rendered":"","protected":false},"author":1,"featured_media":0,"parent":0,"menu_order":0,"comment_status":"open","ping_status":"closed","template":"","meta":{"_seopress_robots_primary_cat":"","_seopress_titles_title":"Le Grand Tour de l&#039;Ardenne transfrontali\u00e8re","_seopress_titles_desc":"Boucle de 151 km \u00e0 v\u00e9lo, traversant le d\u00e9partement des Ardennes fran\u00e7aises et l\u2019Ardenne belge, par la province de Luxembourg et le sud de la province de Namur.","_seopress_robots_index":"","footnotes":""},"class_list":["post-755","page","type-page","status-publish","hentry"],"_links":{"self":[{"href":"https:\/\/www.gta.be\/fr\/wp-json\/wp\/v2\/pages\/755","targetHints":{"allow":["GET"]}}],"collection":[{"href":"https:\/\/www.gta.be\/fr\/wp-json\/wp\/v2\/pages"}],"about":[{"href":"https:\/\/www.gta.be\/fr\/wp-json\/wp\/v2\/types\/page"}],"author":[{"embeddable":true,"href":"https:\/\/www.gta.be\/fr\/wp-json\/wp\/v2\/users\/1"}],"replies":[{"embeddable":true,"href":"https:\/\/www.gta.be\/fr\/wp-json\/wp\/v2\/comments?post=755"}],"version-history":[{"count":14,"href":"https:\/\/www.gta.be\/fr\/wp-json\/wp\/v2\/pages\/755\/revisions"}],"predecessor-version":[{"id":2582,"href":"https:\/\/www.gta.be\/fr\/wp-json\/wp\/v2\/pages\/755\/revisions\/2582"}],"wp:attachment":[{"href":"https:\/\/www.gta.be\/fr\/wp-json\/wp\/v2\/media?parent=755"}],"curies":[{"name":"wp","href":"https:\/\/api.w.org\/{rel}","templated":true}]}}