{"id":1120,"date":"2023-03-04T14:31:40","date_gmt":"2023-03-04T13:31:40","guid":{"rendered":"https:\/\/wp.gta.be\/fr\/?post_type=product&#038;p=1120"},"modified":"2026-03-29T14:06:57","modified_gmt":"2026-03-29T12:06:57","slug":"guide-transardennaise-transfamenne","status":"publish","type":"product","link":"https:\/\/www.gta.be\/fr\/produit\/guide-transardennaise-transfamenne\/","title":{"rendered":"GTA &#8211; Guide Transardennaise &#038; Transfamenne \u00e0 pied"},"content":{"rendered":"<p><strong>4e de couverture:<\/strong><\/p>\n<p>\u00ab\u00a0L&rsquo;Ardenne&#8230; Un mot qui donne des fourmis dans les jambes de tous ceux qui r\u00eavent d&rsquo;un autre tourisme, loin des routes encombr\u00e9es de la pollution des villes.<br \/>\nPr\u00e8s de trente ans apr\u00e8s sa premi\u00e8re publication, voici une nouvelle \u00e9dition de ce guide incontournable pour qui souhaite \u00ab\u00a0ne pas marcher idiot\u00a0\u00bb.<br \/>\nVous y trouverez des itin\u00e9raires balis\u00e9s, des conseils pratiques et surtout un tr\u00e9sor d&rsquo;informations sur le patrimoine local, tant naturel que culturel, mat\u00e9riel qu&rsquo;immat\u00e9riel: aper\u00e7u de la faune, de la flore et des ressources naturelles ; description et histoire des \u00e9difices et des sites remarquables ; donn\u00e9es sur la langue et les modes de vie des habitants, etc.<\/p>\n<p>Cette nouvelle \u00e9dition se veut plus proche encore des Ardennais, de leurs croyances, leurs f\u00eates, des l\u00e9gendes qu&rsquo;ils aiment raconter&#8230;<\/p>\n<p>En plus des 153 km en ligne de La Roche-en-Ardenne \u00e0 Bouillon, le randonneur exp\u00e9riment\u00e9 d\u00e9couvrira un parcours de 57 km permettant de relier Nassogne au point de d\u00e9part, La Roche, \u00e0 travers la Famenne &#8211; d&rsquo;o\u00f9 son nom \u00ab\u00a0La Transfamenne\u00a0\u00bb. Et pour les moins sportifs ou les familles avec enfants, le livre offre une douzaine de promenades en boucle dont la longueur varie entre 4,7 et 14 km.<\/p>\n<p>Ce guide est une invitation \u00e0 l&rsquo;aventure, \u00e0 l&rsquo;exploration, \u00e0 la d\u00e9couverte, aux rencontres attachantes, \u00e0 l&rsquo;enrichissement culturel, au ressourcement au sein d&rsquo;une vaste nature accueillante\u00a0\u00bb.<\/p>\n","protected":false},"excerpt":{"rendered":"<p>Guide accompagnant l&rsquo;itin\u00e9raire p\u00e9destre La Transardennaise ainsi ce que celui de La Transfamenne.<br \/>\nInformations sur les r\u00e9gions travers\u00e9es, distances d&rsquo;un lieu \u00e0 l&rsquo;autre pour vous permettre de planifier plus facilement votre randonn\u00e9e.<br \/>\n\u00c9galement inclus: 12 promenades en Ardenne et Famenne.<\/p>\n","protected":false},"featured_media":1121,"template":"","meta":{"_seopress_robots_primary_cat":"none","_seopress_titles_title":"Acheter le topoguide GTA pour la Transardennaise et la Transfamenne \u00e0 pied","_seopress_titles_desc":"Randonn\u00e9e sur les grands itin\u00e9raires GTA la Transardennaise de La Roche \u00e0 Bouillon, la Tranfamenne de Nassogne \u00e0 La Roche. Carte aussi en vente sur ce site.","_seopress_robots_index":""},"product_brand":[],"product_cat":[47],"product_tag":[],"class_list":{"0":"post-1120","1":"product","2":"type-product","3":"status-publish","4":"has-post-thumbnail","6":"product_cat-editions-gta","8":"first","9":"instock","10":"shipping-taxable","11":"purchasable","12":"product-type-simple"},"_links":{"self":[{"href":"https:\/\/www.gta.be\/fr\/wp-json\/wp\/v2\/product\/1120","targetHints":{"allow":["GET"]}}],"collection":[{"href":"https:\/\/www.gta.be\/fr\/wp-json\/wp\/v2\/product"}],"about":[{"href":"https:\/\/www.gta.be\/fr\/wp-json\/wp\/v2\/types\/product"}],"wp:featuredmedia":[{"embeddable":true,"href":"https:\/\/www.gta.be\/fr\/wp-json\/wp\/v2\/media\/1121"}],"wp:attachment":[{"href":"https:\/\/www.gta.be\/fr\/wp-json\/wp\/v2\/media?parent=1120"}],"wp:term":[{"taxonomy":"product_brand","embeddable":true,"href":"https:\/\/www.gta.be\/fr\/wp-json\/wp\/v2\/product_brand?post=1120"},{"taxonomy":"product_cat","embeddable":true,"href":"https:\/\/www.gta.be\/fr\/wp-json\/wp\/v2\/product_cat?post=1120"},{"taxonomy":"product_tag","embeddable":true,"href":"https:\/\/www.gta.be\/fr\/wp-json\/wp\/v2\/product_tag?post=1120"}],"curies":[{"name":"wp","href":"https:\/\/api.w.org\/{rel}","templated":true}]}}