{"id":1129,"date":"2023-03-04T14:34:16","date_gmt":"2023-03-04T13:34:16","guid":{"rendered":"https:\/\/wp.gta.be\/fr\/?post_type=product&#038;p=1129"},"modified":"2026-05-15T13:46:30","modified_gmt":"2026-05-15T11:46:30","slug":"carte-transardennaise-transfamenne","status":"publish","type":"product","link":"https:\/\/www.gta.be\/fr\/produit\/carte-transardennaise-transfamenne\/","title":{"rendered":"GTA &#8211; Carte Transardennaise &#038; Transfamenne \u00e0 pied"},"content":{"rendered":"","protected":false},"excerpt":{"rendered":"<p>Carte IGN avec les trac\u00e9s des itin\u00e9raires GTA p\u00e9destres La Transardennaise et La Transfamenne:<\/p>\n<ul>\n<li><a href=\"https:\/\/www.gta.be\/fr\/la-transardennaise\">153 km de La Roche-en-Ardenne \u00e0 Bouillon<\/a><\/li>\n<li><a href=\"https:\/\/www.gta.be\/fr\/la-transfamenne\">57 km de Nassogne \u00e0 La Roche-en-Ardenne<\/a><\/li>\n<\/ul>\n<p>La carte est \u00e0 l&rsquo;\u00e9chelle 1:50 000.<\/p>\n","protected":false},"featured_media":3753,"template":"","meta":{"_seopress_robots_primary_cat":"none","_seopress_titles_title":"Acheter la carte de la Transardennaise Transfamenne \u00e0 pied","_seopress_titles_desc":"Randonn\u00e9e p\u00e9destre en Ardenne sur les grands itin\u00e9raires p\u00e9destres GTA la Transardennaise et la Transfamenne. Topoguide \u00e9galement en vente sur ce site.","_seopress_robots_index":"","_seopress_analysis_target_kw":"carte,transardennaise,transfamenne"},"product_brand":[],"product_cat":[38,47],"product_tag":[],"class_list":{"0":"post-1129","1":"product","2":"type-product","3":"status-publish","4":"has-post-thumbnail","6":"product_cat-carte","7":"product_cat-editions-gta","9":"first","10":"instock","11":"shipping-taxable","12":"purchasable","13":"product-type-simple"},"_links":{"self":[{"href":"https:\/\/www.gta.be\/fr\/wp-json\/wp\/v2\/product\/1129","targetHints":{"allow":["GET"]}}],"collection":[{"href":"https:\/\/www.gta.be\/fr\/wp-json\/wp\/v2\/product"}],"about":[{"href":"https:\/\/www.gta.be\/fr\/wp-json\/wp\/v2\/types\/product"}],"wp:featuredmedia":[{"embeddable":true,"href":"https:\/\/www.gta.be\/fr\/wp-json\/wp\/v2\/media\/3753"}],"wp:attachment":[{"href":"https:\/\/www.gta.be\/fr\/wp-json\/wp\/v2\/media?parent=1129"}],"wp:term":[{"taxonomy":"product_brand","embeddable":true,"href":"https:\/\/www.gta.be\/fr\/wp-json\/wp\/v2\/product_brand?post=1129"},{"taxonomy":"product_cat","embeddable":true,"href":"https:\/\/www.gta.be\/fr\/wp-json\/wp\/v2\/product_cat?post=1129"},{"taxonomy":"product_tag","embeddable":true,"href":"https:\/\/www.gta.be\/fr\/wp-json\/wp\/v2\/product_tag?post=1129"}],"curies":[{"name":"wp","href":"https:\/\/api.w.org\/{rel}","templated":true}]}}