{"id":1134,"date":"2023-03-04T14:36:12","date_gmt":"2023-03-04T13:36:12","guid":{"rendered":"https:\/\/wp.gta.be\/fr\/?post_type=product&#038;p=1134"},"modified":"2026-03-26T11:56:58","modified_gmt":"2026-03-26T10:56:58","slug":"lots-de-cartes-transgaumaise-a-pied","status":"publish","type":"product","link":"https:\/\/www.gta.be\/fr\/produit\/lots-de-cartes-transgaumaise-a-pied\/","title":{"rendered":"GTA &#8211; Cartes Transgaumaise \u00e0 pied"},"content":{"rendered":"","protected":false},"excerpt":{"rendered":"<p>Lot reprenant les 20 cartes \u00e9tapes pour l&rsquo;itin\u00e9raire p\u00e9destre GTA La Transgaumaise.<\/p>\n","protected":false},"featured_media":1135,"template":"","meta":{"_seopress_robots_primary_cat":"none","_seopress_titles_title":"Acheter la carte de la Transgaumaise \u00e0 pied","_seopress_titles_desc":"Lot reprenant les 20 cartes \u00e9tapes pour l'itin\u00e9raire p\u00e9destre GTA La Transgaumaise au d\u00e9part \u00e0 la Vall\u00e9e de Rabais (Virton).","_seopress_robots_index":""},"product_brand":[],"product_cat":[38,47],"product_tag":[],"class_list":{"0":"post-1134","1":"product","2":"type-product","3":"status-publish","4":"has-post-thumbnail","6":"product_cat-carte","7":"product_cat-editions-gta","9":"first","10":"instock","11":"shipping-taxable","12":"purchasable","13":"product-type-simple"},"_links":{"self":[{"href":"https:\/\/www.gta.be\/fr\/wp-json\/wp\/v2\/product\/1134","targetHints":{"allow":["GET"]}}],"collection":[{"href":"https:\/\/www.gta.be\/fr\/wp-json\/wp\/v2\/product"}],"about":[{"href":"https:\/\/www.gta.be\/fr\/wp-json\/wp\/v2\/types\/product"}],"wp:featuredmedia":[{"embeddable":true,"href":"https:\/\/www.gta.be\/fr\/wp-json\/wp\/v2\/media\/1135"}],"wp:attachment":[{"href":"https:\/\/www.gta.be\/fr\/wp-json\/wp\/v2\/media?parent=1134"}],"wp:term":[{"taxonomy":"product_brand","embeddable":true,"href":"https:\/\/www.gta.be\/fr\/wp-json\/wp\/v2\/product_brand?post=1134"},{"taxonomy":"product_cat","embeddable":true,"href":"https:\/\/www.gta.be\/fr\/wp-json\/wp\/v2\/product_cat?post=1134"},{"taxonomy":"product_tag","embeddable":true,"href":"https:\/\/www.gta.be\/fr\/wp-json\/wp\/v2\/product_tag?post=1134"}],"curies":[{"name":"wp","href":"https:\/\/api.w.org\/{rel}","templated":true}]}}