{"id":1150,"date":"2023-03-04T14:43:21","date_gmt":"2023-03-04T13:43:21","guid":{"rendered":"https:\/\/wp.gta.be\/fr\/?post_type=product&#038;p=1150"},"modified":"2024-01-17T13:49:42","modified_gmt":"2024-01-17T12:49:42","slug":"la-route-de-la-sure","status":"publish","type":"product","link":"https:\/\/www.gta.be\/fr\/produit\/la-route-de-la-sure\/","title":{"rendered":"GTA &#8211; Roadbook Route de la S\u00fbre"},"content":{"rendered":"","protected":false},"excerpt":{"rendered":"<p>Roadbook de la route touristique \u00ab\u00a0La Route de la S\u00fbre\u00a0\u00bb, 86 km et 4 circuits dans l&rsquo;Ardenne transfrontali\u00e8re, dans la province de Luxembourg avec passage par le Grand-D\u00fbch\u00e9 du Luxembourg.<\/p>\n","protected":false},"featured_media":1151,"template":"","meta":{"_seopress_robots_primary_cat":"none","_seopress_titles_title":"Roadbook La Route de la S\u00fbre","_seopress_titles_desc":"Roadbook de la route touristique &quot;La Route de la S\u00fbre&quot;, 86 km et 4 circuits dans l&#039;Ardenne transfrontali\u00e8re.","_seopress_robots_index":""},"product_brand":[],"product_cat":[47],"product_tag":[],"class_list":{"0":"post-1150","1":"product","2":"type-product","3":"status-publish","4":"has-post-thumbnail","6":"product_cat-editions-gta","8":"first","9":"instock","10":"shipping-taxable","11":"purchasable","12":"product-type-simple"},"_links":{"self":[{"href":"https:\/\/www.gta.be\/fr\/wp-json\/wp\/v2\/product\/1150","targetHints":{"allow":["GET"]}}],"collection":[{"href":"https:\/\/www.gta.be\/fr\/wp-json\/wp\/v2\/product"}],"about":[{"href":"https:\/\/www.gta.be\/fr\/wp-json\/wp\/v2\/types\/product"}],"wp:featuredmedia":[{"embeddable":true,"href":"https:\/\/www.gta.be\/fr\/wp-json\/wp\/v2\/media\/1151"}],"wp:attachment":[{"href":"https:\/\/www.gta.be\/fr\/wp-json\/wp\/v2\/media?parent=1150"}],"wp:term":[{"taxonomy":"product_brand","embeddable":true,"href":"https:\/\/www.gta.be\/fr\/wp-json\/wp\/v2\/product_brand?post=1150"},{"taxonomy":"product_cat","embeddable":true,"href":"https:\/\/www.gta.be\/fr\/wp-json\/wp\/v2\/product_cat?post=1150"},{"taxonomy":"product_tag","embeddable":true,"href":"https:\/\/www.gta.be\/fr\/wp-json\/wp\/v2\/product_tag?post=1150"}],"curies":[{"name":"wp","href":"https:\/\/api.w.org\/{rel}","templated":true}]}}