{"id":1153,"date":"2023-03-04T14:44:30","date_gmt":"2023-03-04T13:44:30","guid":{"rendered":"https:\/\/wp.gta.be\/fr\/?post_type=product&#038;p=1153"},"modified":"2026-03-24T17:35:22","modified_gmt":"2026-03-24T16:35:22","slug":"carte-750-km-a-velo","status":"publish","type":"product","link":"https:\/\/www.gta.be\/fr\/produit\/carte-750-km-a-velo\/","title":{"rendered":"Carte 750 km \u00e0 v\u00e9lo"},"content":{"rendered":"","protected":false},"excerpt":{"rendered":"<p>Carte qui accompagne le r\u00e9seau v\u00e9lo points-noeuds dans la r\u00e9gion du Coeur de l&rsquo;Ardenne et du Parc naturel des Deux Ourthes.<\/p>\n<p>Les communes concern\u00e9es sont Bertogne, Durbuy, Erez\u00e9e, Gouvy, Hotton, Houffalize, Manhay, La Roche-en-Ardenne, Rendeux, Sainte-Ode, Tenneville, Vielsalm.<\/p>\n","protected":false},"featured_media":1154,"template":"","meta":{"_seopress_robots_primary_cat":"none","_seopress_titles_title":"Carte 750 km \u00e0 v\u00e9lo Points-noeuds Parc naturel des Deux Ourthes","_seopress_titles_desc":"Carte qui accompagne le r\u00e9seau v\u00e9lo points-noeuds dans la r\u00e9gion du Coeur de l'Ardenne et du Parc naturel des Deux Ourthes.","_seopress_robots_index":""},"product_brand":[],"product_cat":[38,48],"product_tag":[],"class_list":{"0":"post-1153","1":"product","2":"type-product","3":"status-publish","4":"has-post-thumbnail","6":"product_cat-carte","7":"product_cat-editions-partenaires","9":"first","10":"instock","11":"shipping-taxable","12":"purchasable","13":"product-type-simple"},"_links":{"self":[{"href":"https:\/\/www.gta.be\/fr\/wp-json\/wp\/v2\/product\/1153","targetHints":{"allow":["GET"]}}],"collection":[{"href":"https:\/\/www.gta.be\/fr\/wp-json\/wp\/v2\/product"}],"about":[{"href":"https:\/\/www.gta.be\/fr\/wp-json\/wp\/v2\/types\/product"}],"wp:featuredmedia":[{"embeddable":true,"href":"https:\/\/www.gta.be\/fr\/wp-json\/wp\/v2\/media\/1154"}],"wp:attachment":[{"href":"https:\/\/www.gta.be\/fr\/wp-json\/wp\/v2\/media?parent=1153"}],"wp:term":[{"taxonomy":"product_brand","embeddable":true,"href":"https:\/\/www.gta.be\/fr\/wp-json\/wp\/v2\/product_brand?post=1153"},{"taxonomy":"product_cat","embeddable":true,"href":"https:\/\/www.gta.be\/fr\/wp-json\/wp\/v2\/product_cat?post=1153"},{"taxonomy":"product_tag","embeddable":true,"href":"https:\/\/www.gta.be\/fr\/wp-json\/wp\/v2\/product_tag?post=1153"}],"curies":[{"name":"wp","href":"https:\/\/api.w.org\/{rel}","templated":true}]}}