{"id":1163,"date":"2023-03-04T14:51:05","date_gmt":"2023-03-04T13:51:05","guid":{"rendered":"https:\/\/wp.gta.be\/fr\/?post_type=product&#038;p=1163"},"modified":"2026-03-02T09:31:34","modified_gmt":"2026-03-02T08:31:34","slug":"carnet-de-route-chemin-de-la-liberte","status":"publish","type":"product","link":"https:\/\/www.gta.be\/fr\/produit\/carnet-de-route-chemin-de-la-liberte\/","title":{"rendered":"GTA &#8211; Carnet de route Chemin de la Libert\u00e9"},"content":{"rendered":"","protected":false},"excerpt":{"rendered":"<p>Ce carnet de route est d\u00e9di\u00e9 \u00e0 l&rsquo;itin\u00e9raire GTA Le Chemin de la Libert\u00e9 &#8211; The Freedom Trail.<br \/>\nIl comprend notamment un tableau r\u00e9capitulatif des distances interm\u00e9diaires (points-rep\u00e8res) et la guidance sur l&rsquo;itin\u00e9raire \u00e0 suivre.<\/p>\n","protected":false},"featured_media":1932,"template":"","meta":{"_seopress_robots_primary_cat":"none","_seopress_titles_title":"GTA - Carnet de route Chemin de la Libert\u00e9","_seopress_titles_desc":"Ce carnet de route est d\u00e9di\u00e9 \u00e0 l'itin\u00e9raire GTA Le Chemin de la Libert\u00e9 - The Freedom Trail. Grand itin\u00e9raire de randonn\u00e9e en boucle. 68 km au d\u00e9part de Bastogne.","_seopress_robots_index":""},"product_brand":[],"product_cat":[47],"product_tag":[],"class_list":{"0":"post-1163","1":"product","2":"type-product","3":"status-publish","4":"has-post-thumbnail","6":"product_cat-editions-gta","8":"first","9":"instock","10":"shipping-taxable","11":"purchasable","12":"product-type-simple"},"_links":{"self":[{"href":"https:\/\/www.gta.be\/fr\/wp-json\/wp\/v2\/product\/1163","targetHints":{"allow":["GET"]}}],"collection":[{"href":"https:\/\/www.gta.be\/fr\/wp-json\/wp\/v2\/product"}],"about":[{"href":"https:\/\/www.gta.be\/fr\/wp-json\/wp\/v2\/types\/product"}],"wp:featuredmedia":[{"embeddable":true,"href":"https:\/\/www.gta.be\/fr\/wp-json\/wp\/v2\/media\/1932"}],"wp:attachment":[{"href":"https:\/\/www.gta.be\/fr\/wp-json\/wp\/v2\/media?parent=1163"}],"wp:term":[{"taxonomy":"product_brand","embeddable":true,"href":"https:\/\/www.gta.be\/fr\/wp-json\/wp\/v2\/product_brand?post=1163"},{"taxonomy":"product_cat","embeddable":true,"href":"https:\/\/www.gta.be\/fr\/wp-json\/wp\/v2\/product_cat?post=1163"},{"taxonomy":"product_tag","embeddable":true,"href":"https:\/\/www.gta.be\/fr\/wp-json\/wp\/v2\/product_tag?post=1163"}],"curies":[{"name":"wp","href":"https:\/\/api.w.org\/{rel}","templated":true}]}}