{"id":1165,"date":"2023-03-04T14:51:34","date_gmt":"2023-03-04T13:51:34","guid":{"rendered":"https:\/\/wp.gta.be\/fr\/?post_type=product&#038;p=1165"},"modified":"2026-04-15T17:28:08","modified_gmt":"2026-04-15T15:28:08","slug":"carte-chemin-de-la-liberte","status":"publish","type":"product","link":"https:\/\/www.gta.be\/fr\/produit\/carte-chemin-de-la-liberte\/","title":{"rendered":"GTA &#8211; Carte Le Chemin de la Libert\u00e9 &#8211; The Freedom Trail"},"content":{"rendered":"","protected":false},"excerpt":{"rendered":"<p>Carte qui accompagne l&rsquo;itin\u00e9raire Le Chemin de la Libert\u00e9 &#8211; The Freedom Trail \u00e0 l&rsquo;\u00e9chelle 1:25 000.<\/p>\n","protected":false},"featured_media":1930,"template":"","meta":{"_seopress_robots_primary_cat":"none","_seopress_titles_title":"Acheter la carte du Chemin de la Libert\u00e9 The Freedom Trail","_seopress_titles_desc":"Carte de randonn\u00e9e pour le grand itin\u00e9raire GTA le Chemin de la Libert\u00e9 The Freedom Trail au d\u00e9part de Bastogne.","_seopress_robots_index":""},"product_brand":[],"product_cat":[38,47],"product_tag":[],"class_list":{"0":"post-1165","1":"product","2":"type-product","3":"status-publish","4":"has-post-thumbnail","6":"product_cat-carte","7":"product_cat-editions-gta","9":"first","10":"instock","11":"shipping-taxable","12":"purchasable","13":"product-type-simple"},"_links":{"self":[{"href":"https:\/\/www.gta.be\/fr\/wp-json\/wp\/v2\/product\/1165","targetHints":{"allow":["GET"]}}],"collection":[{"href":"https:\/\/www.gta.be\/fr\/wp-json\/wp\/v2\/product"}],"about":[{"href":"https:\/\/www.gta.be\/fr\/wp-json\/wp\/v2\/types\/product"}],"wp:featuredmedia":[{"embeddable":true,"href":"https:\/\/www.gta.be\/fr\/wp-json\/wp\/v2\/media\/1930"}],"wp:attachment":[{"href":"https:\/\/www.gta.be\/fr\/wp-json\/wp\/v2\/media?parent=1165"}],"wp:term":[{"taxonomy":"product_brand","embeddable":true,"href":"https:\/\/www.gta.be\/fr\/wp-json\/wp\/v2\/product_brand?post=1165"},{"taxonomy":"product_cat","embeddable":true,"href":"https:\/\/www.gta.be\/fr\/wp-json\/wp\/v2\/product_cat?post=1165"},{"taxonomy":"product_tag","embeddable":true,"href":"https:\/\/www.gta.be\/fr\/wp-json\/wp\/v2\/product_tag?post=1165"}],"curies":[{"name":"wp","href":"https:\/\/api.w.org\/{rel}","templated":true}]}}