{"id":1171,"date":"2023-03-04T14:53:26","date_gmt":"2023-03-04T13:53:26","guid":{"rendered":"https:\/\/wp.gta.be\/fr\/?post_type=product&#038;p=1171"},"modified":"2026-01-20T21:22:36","modified_gmt":"2026-01-20T20:22:36","slug":"carte-saint-hubert","status":"publish","type":"product","link":"https:\/\/www.gta.be\/fr\/produit\/carte-saint-hubert\/","title":{"rendered":"Carte de Saint-Hubert"},"content":{"rendered":"","protected":false},"excerpt":{"rendered":"<p>Carte de promenade des itin\u00e9raires p\u00e9destres et VTT balis\u00e9s dans la commune de Saint-Hubert.<\/p>\n","protected":false},"featured_media":1218,"template":"","meta":{"_seopress_robots_primary_cat":"none","_seopress_titles_title":"Acheter la carte de promenade de Saint-Hubert BELGIQUE","_seopress_titles_desc":"Carte IGN de la commune de Saint-Hubert avec 30 balades \u00e0 pied et 6 circuits VTT. Prix de vente de la carte : 8 \u20ac. En stock.","_seopress_robots_index":""},"product_brand":[],"product_cat":[48],"product_tag":[],"class_list":{"0":"post-1171","1":"product","2":"type-product","3":"status-publish","4":"has-post-thumbnail","6":"product_cat-editions-partenaires","8":"first","9":"outofstock","10":"shipping-taxable","11":"purchasable","12":"product-type-simple"},"_links":{"self":[{"href":"https:\/\/www.gta.be\/fr\/wp-json\/wp\/v2\/product\/1171","targetHints":{"allow":["GET"]}}],"collection":[{"href":"https:\/\/www.gta.be\/fr\/wp-json\/wp\/v2\/product"}],"about":[{"href":"https:\/\/www.gta.be\/fr\/wp-json\/wp\/v2\/types\/product"}],"wp:featuredmedia":[{"embeddable":true,"href":"https:\/\/www.gta.be\/fr\/wp-json\/wp\/v2\/media\/1218"}],"wp:attachment":[{"href":"https:\/\/www.gta.be\/fr\/wp-json\/wp\/v2\/media?parent=1171"}],"wp:term":[{"taxonomy":"product_brand","embeddable":true,"href":"https:\/\/www.gta.be\/fr\/wp-json\/wp\/v2\/product_brand?post=1171"},{"taxonomy":"product_cat","embeddable":true,"href":"https:\/\/www.gta.be\/fr\/wp-json\/wp\/v2\/product_cat?post=1171"},{"taxonomy":"product_tag","embeddable":true,"href":"https:\/\/www.gta.be\/fr\/wp-json\/wp\/v2\/product_tag?post=1171"}],"curies":[{"name":"wp","href":"https:\/\/api.w.org\/{rel}","templated":true}]}}