{"id":1176,"date":"2023-03-04T14:55:32","date_gmt":"2023-03-04T13:55:32","guid":{"rendered":"https:\/\/wp.gta.be\/fr\/?post_type=product&#038;p=1176"},"modified":"2026-04-11T17:12:42","modified_gmt":"2026-04-11T15:12:42","slug":"carte-escapardenne","status":"publish","type":"product","link":"https:\/\/www.gta.be\/fr\/produit\/carte-escapardenne\/","title":{"rendered":"Carte Escapardenne Trail"},"content":{"rendered":"","protected":false},"excerpt":{"rendered":"<p>Carte IGN \u00e0 l&rsquo;\u00e9chelle 1:30 000 accompagnant l&rsquo;itin\u00e9raire <a href=\"https:\/\/www.gta.be\/fr\/escapardenne\/\">Escapardenne<\/a> ainsi que le Lee Trail. La distance de l&rsquo;Escapardenne est de 106 km, la distance du Lee Trail est de 52 km.<\/p>\n<p>Le Lee Trail permet aux randonneurs de rejoindre Kautenbach au d\u00e9part d&rsquo;Ettelbruck.<br \/>\nL&rsquo;Escapardenne Eislek Trail permet, au d\u00e9part de Kautenbach de rejoindre La Roche-en-Ardenne.<\/p>\n","protected":false},"featured_media":1178,"template":"","meta":{"_seopress_robots_primary_cat":"none","_seopress_titles_title":"Carte Escapardenne Trail","_seopress_titles_desc":"Carte IGN accompagnant les itin\u00e9raires Escapardenne (106 km) et Lee Trail (52 km) en vente sur le site de la Maison de la Randonn\u00e9e.","_seopress_robots_index":""},"product_brand":[],"product_cat":[48],"product_tag":[],"class_list":{"0":"post-1176","1":"product","2":"type-product","3":"status-publish","4":"has-post-thumbnail","6":"product_cat-editions-partenaires","8":"first","9":"instock","10":"shipping-taxable","11":"purchasable","12":"product-type-simple"},"_links":{"self":[{"href":"https:\/\/www.gta.be\/fr\/wp-json\/wp\/v2\/product\/1176","targetHints":{"allow":["GET"]}}],"collection":[{"href":"https:\/\/www.gta.be\/fr\/wp-json\/wp\/v2\/product"}],"about":[{"href":"https:\/\/www.gta.be\/fr\/wp-json\/wp\/v2\/types\/product"}],"wp:featuredmedia":[{"embeddable":true,"href":"https:\/\/www.gta.be\/fr\/wp-json\/wp\/v2\/media\/1178"}],"wp:attachment":[{"href":"https:\/\/www.gta.be\/fr\/wp-json\/wp\/v2\/media?parent=1176"}],"wp:term":[{"taxonomy":"product_brand","embeddable":true,"href":"https:\/\/www.gta.be\/fr\/wp-json\/wp\/v2\/product_brand?post=1176"},{"taxonomy":"product_cat","embeddable":true,"href":"https:\/\/www.gta.be\/fr\/wp-json\/wp\/v2\/product_cat?post=1176"},{"taxonomy":"product_tag","embeddable":true,"href":"https:\/\/www.gta.be\/fr\/wp-json\/wp\/v2\/product_tag?post=1176"}],"curies":[{"name":"wp","href":"https:\/\/api.w.org\/{rel}","templated":true}]}}