{"id":1181,"date":"2023-03-04T14:58:58","date_gmt":"2023-03-04T13:58:58","guid":{"rendered":"https:\/\/wp.gta.be\/fr\/?post_type=product&#038;p=1181"},"modified":"2026-04-11T20:02:27","modified_gmt":"2026-04-11T18:02:27","slug":"topoguide-escapardenne-lee-trail","status":"publish","type":"product","link":"https:\/\/www.gta.be\/fr\/produit\/topoguide-escapardenne-lee-trail\/","title":{"rendered":"Topoguide Escapardenne Lee Trail"},"content":{"rendered":"<p>\u00ab\u00a0Escapardenne Lee Trail, une suite \u00e0 l&rsquo;Escapardenne Eislek Trail.<\/p>\n<p>Un itin\u00e9raire de 52 km faisant la part belle aux sentiers escarp\u00e9s et aux cr\u00eates rocheuses (\u00ab\u00a0Lee\u00a0\u00bb en luxembourgeois) \u00e0 travers la vall\u00e9e bois\u00e9e de la S\u00fbre.<\/p>\n<p>Plusieurs sites incontournables \u00e0 d\u00e9couvrir tels que la GingLee \u00e0 Bourscheid-Moulin, la MolberLee \u00e0 Hoscheid ou encore le village atypique de Dirbach.<\/p>\n<p>D\u00e9coup\u00e9e en 3 jours de marche, cette extension reliant Ettelbruck \u00e0 Kautenbach devrait r\u00e9jouir tous les marcheurs \u00e0 la recherche de patrimoine, de nature, de culture et, bien s\u00fbr de paysage.<\/p>\n<p>Cet itin\u00e9raire de randonn\u00e9e a \u00e9t\u00e9 mis en place dans le cadre du projet Interreg Iva \u00ab\u00a0Escapardenne\u00a0\u00bb. Il est le fruit d&rsquo;une collaboration entre le Parc naturel des Deux Ourthes, c\u00f4t\u00e9 belge et natur&amp;\u00ebmwelt Fondation H\u00ebllef fir d&rsquo;Natur, c\u00f4t\u00e9 luxembourgeois.\u00a0\u00bb<\/p>\n","protected":false},"excerpt":{"rendered":"<p>Topoguide pour l&rsquo;Escapardenne Lee TraiL.<br \/>\nL&rsquo;itin\u00e9raire de 52 km rejoint Kautenbach au d\u00e9part d&rsquo;Ettelbruck.<br \/>\nIl traverse l&rsquo;Ardenne luxembourgeoise.<\/p>\n","protected":false},"featured_media":1964,"template":"","meta":{"_seopress_robots_primary_cat":"none","_seopress_titles_title":"Topoguide Escapardenne Lee Trail","_seopress_titles_desc":"","_seopress_robots_index":""},"product_brand":[],"product_cat":[48],"product_tag":[],"class_list":{"0":"post-1181","1":"product","2":"type-product","3":"status-publish","4":"has-post-thumbnail","6":"product_cat-editions-partenaires","8":"first","9":"onbackorder","10":"shipping-taxable","11":"purchasable","12":"product-type-simple"},"_links":{"self":[{"href":"https:\/\/www.gta.be\/fr\/wp-json\/wp\/v2\/product\/1181","targetHints":{"allow":["GET"]}}],"collection":[{"href":"https:\/\/www.gta.be\/fr\/wp-json\/wp\/v2\/product"}],"about":[{"href":"https:\/\/www.gta.be\/fr\/wp-json\/wp\/v2\/types\/product"}],"wp:featuredmedia":[{"embeddable":true,"href":"https:\/\/www.gta.be\/fr\/wp-json\/wp\/v2\/media\/1964"}],"wp:attachment":[{"href":"https:\/\/www.gta.be\/fr\/wp-json\/wp\/v2\/media?parent=1181"}],"wp:term":[{"taxonomy":"product_brand","embeddable":true,"href":"https:\/\/www.gta.be\/fr\/wp-json\/wp\/v2\/product_brand?post=1181"},{"taxonomy":"product_cat","embeddable":true,"href":"https:\/\/www.gta.be\/fr\/wp-json\/wp\/v2\/product_cat?post=1181"},{"taxonomy":"product_tag","embeddable":true,"href":"https:\/\/www.gta.be\/fr\/wp-json\/wp\/v2\/product_tag?post=1181"}],"curies":[{"name":"wp","href":"https:\/\/api.w.org\/{rel}","templated":true}]}}