{"id":1183,"date":"2023-03-04T15:00:35","date_gmt":"2023-03-04T14:00:35","guid":{"rendered":"https:\/\/wp.gta.be\/fr\/?post_type=product&#038;p=1183"},"modified":"2026-02-21T13:53:31","modified_gmt":"2026-02-21T12:53:31","slug":"guide-escapardenne-eisleck-trail","status":"publish","type":"product","link":"https:\/\/www.gta.be\/fr\/produit\/guide-escapardenne-eisleck-trail\/","title":{"rendered":"Guide Escapardenne Eislek Trail"},"content":{"rendered":"<p><strong>4e de couverture \u00ab\u00a0Escapardenne Eislek Trail\u00a0\u00bb :<\/strong><\/p>\n<p>\u00ab\u00a0Ce grand itin\u00e9raire de randonn\u00e9e a \u00e9t\u00e9 mis en place dans le cadre du projet Interreg IVa \u00ab\u00a0A la d\u00e9couverte du patrimoine de l&rsquo;Ardenne belgo-luxembourgeoise\u00a0\u00bb. Il est le fruit d&rsquo;une collaboration entre le Parc naturel des deux Ourthes, c\u00f4t\u00e9 belge, et natur&amp;\u00ebmwelt &#8211; Fondation H\u00ebllef fir d&rsquo;Nature, c\u00f4t\u00e9 luxembourgeois.<\/p>\n<p>L&rsquo;attention a \u00e9t\u00e9 attir\u00e9e sur la qualit\u00e9 des sentiers, la diversit\u00e9 des paysages et la mise en r\u00e9seau avec des itin\u00e9raires existants.<\/p>\n<p>Tout au long de la randonn\u00e9e, le patrimoine b\u00e2ti naturel ou culturel a \u00e9t\u00e9 mis en \u00e9vidence pour vous faire d\u00e9couvrir les tr\u00e9sors et l&rsquo;authenticit\u00e9 de l&rsquo;Ardenne.<\/p>\n<p>Reliant Kautenbach \u00e0 La Roche-en-Ardenne, le Trail vous emm\u00e8ne notamment au site celtique du Chesl\u00e9, \u00e0 la confluence des deux Ourthes, aux vestiges du canal de Bernistap ou encore jusqu&rsquo;aux villes pittoresques de Clervaux ou de Houffalize.\u00a0\u00bb<\/p>\n","protected":false},"excerpt":{"rendered":"<p>Guide de randonn\u00e9e pour l&rsquo;itin\u00e9raire <a href=\"https:\/\/www.gta.be\/fr\/escapardenne\/\">Escapardenne<\/a> Eislek Trail d&rsquo;une distance de 106 km reliant Kautenbach et La Roche-en-Ardenne.<br \/>\n5 \u00e9tapes sont propos\u00e9es pour parcourir ce grand itin\u00e9raire \u00e0 travers l&rsquo;Ardenne belgo-Luxembourgeoise.<\/p>\n","protected":false},"featured_media":1961,"template":"","meta":{"_seopress_robots_primary_cat":"none","_seopress_titles_title":"Guide Escapardenne Eislek Trail","_seopress_titles_desc":"Guide de randonn\u00e9e pour l'itin\u00e9raire Escapardenne Eislek Trail d'une distance de 106 km reliant Kautenbach et La Roche-en-Ardenne.","_seopress_robots_index":""},"product_brand":[],"product_cat":[48],"product_tag":[],"class_list":{"0":"post-1183","1":"product","2":"type-product","3":"status-publish","4":"has-post-thumbnail","6":"product_cat-editions-partenaires","8":"first","9":"onbackorder","10":"shipping-taxable","11":"purchasable","12":"product-type-simple"},"_links":{"self":[{"href":"https:\/\/www.gta.be\/fr\/wp-json\/wp\/v2\/product\/1183","targetHints":{"allow":["GET"]}}],"collection":[{"href":"https:\/\/www.gta.be\/fr\/wp-json\/wp\/v2\/product"}],"about":[{"href":"https:\/\/www.gta.be\/fr\/wp-json\/wp\/v2\/types\/product"}],"wp:featuredmedia":[{"embeddable":true,"href":"https:\/\/www.gta.be\/fr\/wp-json\/wp\/v2\/media\/1961"}],"wp:attachment":[{"href":"https:\/\/www.gta.be\/fr\/wp-json\/wp\/v2\/media?parent=1183"}],"wp:term":[{"taxonomy":"product_brand","embeddable":true,"href":"https:\/\/www.gta.be\/fr\/wp-json\/wp\/v2\/product_brand?post=1183"},{"taxonomy":"product_cat","embeddable":true,"href":"https:\/\/www.gta.be\/fr\/wp-json\/wp\/v2\/product_cat?post=1183"},{"taxonomy":"product_tag","embeddable":true,"href":"https:\/\/www.gta.be\/fr\/wp-json\/wp\/v2\/product_tag?post=1183"}],"curies":[{"name":"wp","href":"https:\/\/api.w.org\/{rel}","templated":true}]}}