{"id":1965,"date":"2023-08-06T14:27:39","date_gmt":"2023-08-06T12:27:39","guid":{"rendered":"https:\/\/wp.gta.be\/fr\/?post_type=product&#038;p=1965"},"modified":"2024-12-02T18:14:16","modified_gmt":"2024-12-02T17:14:16","slug":"carte-tenneville","status":"publish","type":"product","link":"https:\/\/www.gta.be\/fr\/produit\/carte-tenneville\/","title":{"rendered":"Carte de Tenneville"},"content":{"rendered":"","protected":false},"excerpt":{"rendered":"<p>Carte de promenade \u00e0 l&rsquo;\u00e9chelle 1:25 000 pour la commune de Tenneville:<\/p>\n<ul>\n<li>18 itin\u00e9raires p\u00e9destres (1 \u00e0 13, 4 km)<\/li>\n<li>1 circuit VTT et sa variante (30,2 et 23,4 km)<\/li>\n<\/ul>\n","protected":false},"featured_media":1966,"template":"","meta":{"_seopress_robots_primary_cat":"none","_seopress_titles_title":"Carte de promenade de la commune de Tenneville","_seopress_titles_desc":"","_seopress_robots_index":""},"product_brand":[],"product_cat":[48],"product_tag":[],"class_list":{"0":"post-1965","1":"product","2":"type-product","3":"status-publish","4":"has-post-thumbnail","6":"product_cat-editions-partenaires","8":"first","9":"instock","10":"shipping-taxable","11":"purchasable","12":"product-type-simple"},"_links":{"self":[{"href":"https:\/\/www.gta.be\/fr\/wp-json\/wp\/v2\/product\/1965","targetHints":{"allow":["GET"]}}],"collection":[{"href":"https:\/\/www.gta.be\/fr\/wp-json\/wp\/v2\/product"}],"about":[{"href":"https:\/\/www.gta.be\/fr\/wp-json\/wp\/v2\/types\/product"}],"wp:featuredmedia":[{"embeddable":true,"href":"https:\/\/www.gta.be\/fr\/wp-json\/wp\/v2\/media\/1966"}],"wp:attachment":[{"href":"https:\/\/www.gta.be\/fr\/wp-json\/wp\/v2\/media?parent=1965"}],"wp:term":[{"taxonomy":"product_brand","embeddable":true,"href":"https:\/\/www.gta.be\/fr\/wp-json\/wp\/v2\/product_brand?post=1965"},{"taxonomy":"product_cat","embeddable":true,"href":"https:\/\/www.gta.be\/fr\/wp-json\/wp\/v2\/product_cat?post=1965"},{"taxonomy":"product_tag","embeddable":true,"href":"https:\/\/www.gta.be\/fr\/wp-json\/wp\/v2\/product_tag?post=1965"}],"curies":[{"name":"wp","href":"https:\/\/api.w.org\/{rel}","templated":true}]}}