{"id":1970,"date":"2023-08-06T14:29:20","date_gmt":"2023-08-06T12:29:20","guid":{"rendered":"https:\/\/wp.gta.be\/fr\/?post_type=product&#038;p=1970"},"modified":"2025-10-09T06:49:41","modified_gmt":"2025-10-09T04:49:41","slug":"carte-vaux-sur-sure","status":"publish","type":"product","link":"https:\/\/www.gta.be\/fr\/produit\/carte-vaux-sur-sure\/","title":{"rendered":"Carte Vaux-sur-S\u00fbre"},"content":{"rendered":"","protected":false},"excerpt":{"rendered":"<p>Carte de promenade \u00e0 l&rsquo;\u00e9chelle 1:25 000 pour la commune de Vaux-sur-S\u00fbre:<\/p>\n<ul>\n<li>19 itin\u00e9raires p\u00e9destres de 3,2 \u00e0 14,1 km<\/li>\n<\/ul>\n","protected":false},"featured_media":1971,"template":"","meta":{"_seopress_robots_primary_cat":"none","_seopress_titles_title":"Carte de promenade de la commune de Vaux-sur-S\u00fbre","_seopress_titles_desc":"","_seopress_robots_index":""},"product_brand":[],"product_cat":[48],"product_tag":[],"class_list":{"0":"post-1970","1":"product","2":"type-product","3":"status-publish","4":"has-post-thumbnail","6":"product_cat-editions-partenaires","8":"first","9":"instock","10":"shipping-taxable","11":"purchasable","12":"product-type-simple"},"_links":{"self":[{"href":"https:\/\/www.gta.be\/fr\/wp-json\/wp\/v2\/product\/1970","targetHints":{"allow":["GET"]}}],"collection":[{"href":"https:\/\/www.gta.be\/fr\/wp-json\/wp\/v2\/product"}],"about":[{"href":"https:\/\/www.gta.be\/fr\/wp-json\/wp\/v2\/types\/product"}],"wp:featuredmedia":[{"embeddable":true,"href":"https:\/\/www.gta.be\/fr\/wp-json\/wp\/v2\/media\/1971"}],"wp:attachment":[{"href":"https:\/\/www.gta.be\/fr\/wp-json\/wp\/v2\/media?parent=1970"}],"wp:term":[{"taxonomy":"product_brand","embeddable":true,"href":"https:\/\/www.gta.be\/fr\/wp-json\/wp\/v2\/product_brand?post=1970"},{"taxonomy":"product_cat","embeddable":true,"href":"https:\/\/www.gta.be\/fr\/wp-json\/wp\/v2\/product_cat?post=1970"},{"taxonomy":"product_tag","embeddable":true,"href":"https:\/\/www.gta.be\/fr\/wp-json\/wp\/v2\/product_tag?post=1970"}],"curies":[{"name":"wp","href":"https:\/\/api.w.org\/{rel}","templated":true}]}}