{"id":1973,"date":"2023-08-06T14:31:06","date_gmt":"2023-08-06T12:31:06","guid":{"rendered":"https:\/\/wp.gta.be\/fr\/?post_type=product&#038;p=1973"},"modified":"2024-11-14T16:09:34","modified_gmt":"2024-11-14T15:09:34","slug":"carte-r1-luxembourg","status":"publish","type":"product","link":"https:\/\/www.gta.be\/fr\/produit\/carte-r1-luxembourg\/","title":{"rendered":"Carte R1 Luxembourg"},"content":{"rendered":"","protected":false},"excerpt":{"rendered":"<p>Carte topographique \u00ab\u00a0Luxembourg R1\u00a0\u00bb \u00e0 l&rsquo;\u00e9chelle 1:20 000 pour la r\u00e9gion Clervaux &#8211; Huldange.<\/p>\n","protected":false},"featured_media":1974,"template":"","meta":{"_seopress_robots_primary_cat":"none","_seopress_titles_title":"Carte R1 Luxembourg","_seopress_titles_desc":"","_seopress_robots_index":""},"product_brand":[],"product_cat":[49],"product_tag":[],"class_list":{"0":"post-1973","1":"product","2":"type-product","3":"status-publish","4":"has-post-thumbnail","6":"product_cat-autres","8":"first","9":"outofstock","10":"shipping-taxable","11":"purchasable","12":"product-type-simple"},"_links":{"self":[{"href":"https:\/\/www.gta.be\/fr\/wp-json\/wp\/v2\/product\/1973","targetHints":{"allow":["GET"]}}],"collection":[{"href":"https:\/\/www.gta.be\/fr\/wp-json\/wp\/v2\/product"}],"about":[{"href":"https:\/\/www.gta.be\/fr\/wp-json\/wp\/v2\/types\/product"}],"wp:featuredmedia":[{"embeddable":true,"href":"https:\/\/www.gta.be\/fr\/wp-json\/wp\/v2\/media\/1974"}],"wp:attachment":[{"href":"https:\/\/www.gta.be\/fr\/wp-json\/wp\/v2\/media?parent=1973"}],"wp:term":[{"taxonomy":"product_brand","embeddable":true,"href":"https:\/\/www.gta.be\/fr\/wp-json\/wp\/v2\/product_brand?post=1973"},{"taxonomy":"product_cat","embeddable":true,"href":"https:\/\/www.gta.be\/fr\/wp-json\/wp\/v2\/product_cat?post=1973"},{"taxonomy":"product_tag","embeddable":true,"href":"https:\/\/www.gta.be\/fr\/wp-json\/wp\/v2\/product_tag?post=1973"}],"curies":[{"name":"wp","href":"https:\/\/api.w.org\/{rel}","templated":true}]}}