{"id":1976,"date":"2023-08-06T14:34:26","date_gmt":"2023-08-06T12:34:26","guid":{"rendered":"https:\/\/wp.gta.be\/fr\/?post_type=product&#038;p=1976"},"modified":"2024-08-05T20:16:25","modified_gmt":"2024-08-05T18:16:25","slug":"carte-prumer-land","status":"publish","type":"product","link":"https:\/\/www.gta.be\/fr\/produit\/carte-prumer-land\/","title":{"rendered":"Carte Pr\u00fcmer Land"},"content":{"rendered":"","protected":false},"excerpt":{"rendered":"<p>Carte topographique \u00e0 l&rsquo;\u00e9chelle 1:25 000 pour la r\u00e9gion de Pr\u00fcm.<\/p>\n","protected":false},"featured_media":1977,"template":"","meta":{"_seopress_robots_primary_cat":"none","_seopress_titles_title":"Carte Pr\u00fcmer Land","_seopress_titles_desc":"","_seopress_robots_index":""},"product_brand":[],"product_cat":[49],"product_tag":[],"class_list":{"0":"post-1976","1":"product","2":"type-product","3":"status-publish","4":"has-post-thumbnail","6":"product_cat-autres","8":"first","9":"instock","10":"shipping-taxable","11":"purchasable","12":"product-type-simple"},"_links":{"self":[{"href":"https:\/\/www.gta.be\/fr\/wp-json\/wp\/v2\/product\/1976","targetHints":{"allow":["GET"]}}],"collection":[{"href":"https:\/\/www.gta.be\/fr\/wp-json\/wp\/v2\/product"}],"about":[{"href":"https:\/\/www.gta.be\/fr\/wp-json\/wp\/v2\/types\/product"}],"wp:featuredmedia":[{"embeddable":true,"href":"https:\/\/www.gta.be\/fr\/wp-json\/wp\/v2\/media\/1977"}],"wp:attachment":[{"href":"https:\/\/www.gta.be\/fr\/wp-json\/wp\/v2\/media?parent=1976"}],"wp:term":[{"taxonomy":"product_brand","embeddable":true,"href":"https:\/\/www.gta.be\/fr\/wp-json\/wp\/v2\/product_brand?post=1976"},{"taxonomy":"product_cat","embeddable":true,"href":"https:\/\/www.gta.be\/fr\/wp-json\/wp\/v2\/product_cat?post=1976"},{"taxonomy":"product_tag","embeddable":true,"href":"https:\/\/www.gta.be\/fr\/wp-json\/wp\/v2\/product_tag?post=1976"}],"curies":[{"name":"wp","href":"https:\/\/api.w.org\/{rel}","templated":true}]}}