{"id":1979,"date":"2023-08-06T14:34:57","date_gmt":"2023-08-06T12:34:57","guid":{"rendered":"https:\/\/wp.gta.be\/fr\/?post_type=product&#038;p=1979"},"modified":"2025-07-19T10:26:22","modified_gmt":"2025-07-19T08:26:22","slug":"carte-r2-luxembourg","status":"publish","type":"product","link":"https:\/\/www.gta.be\/fr\/produit\/carte-r2-luxembourg\/","title":{"rendered":"Carte R2 Luxembourg"},"content":{"rendered":"","protected":false},"excerpt":{"rendered":"<p>Carte topographique \u00ab\u00a0Luxembourg R2\u00a0\u00bb \u00e0 l&rsquo;\u00e9chelle 1:20 000 pour la r\u00e9gion Boulaide &#8211; Wiltz.<\/p>\n<p>&nbsp;<\/p>\n","protected":false},"featured_media":2047,"template":"","meta":{"_seopress_robots_primary_cat":"none","_seopress_titles_title":"Carte R2 Luxembourg","_seopress_titles_desc":"Carte topographique \"Luxembourg R2\" \u00e0 l'\u00e9chelle 1:20 000 pour la r\u00e9gion Boulaide - Wiltz.","_seopress_robots_index":""},"product_brand":[],"product_cat":[48],"product_tag":[],"class_list":{"0":"post-1979","1":"product","2":"type-product","3":"status-publish","4":"has-post-thumbnail","6":"product_cat-editions-partenaires","8":"first","9":"instock","10":"shipping-taxable","11":"purchasable","12":"product-type-simple"},"_links":{"self":[{"href":"https:\/\/www.gta.be\/fr\/wp-json\/wp\/v2\/product\/1979","targetHints":{"allow":["GET"]}}],"collection":[{"href":"https:\/\/www.gta.be\/fr\/wp-json\/wp\/v2\/product"}],"about":[{"href":"https:\/\/www.gta.be\/fr\/wp-json\/wp\/v2\/types\/product"}],"wp:featuredmedia":[{"embeddable":true,"href":"https:\/\/www.gta.be\/fr\/wp-json\/wp\/v2\/media\/2047"}],"wp:attachment":[{"href":"https:\/\/www.gta.be\/fr\/wp-json\/wp\/v2\/media?parent=1979"}],"wp:term":[{"taxonomy":"product_brand","embeddable":true,"href":"https:\/\/www.gta.be\/fr\/wp-json\/wp\/v2\/product_brand?post=1979"},{"taxonomy":"product_cat","embeddable":true,"href":"https:\/\/www.gta.be\/fr\/wp-json\/wp\/v2\/product_cat?post=1979"},{"taxonomy":"product_tag","embeddable":true,"href":"https:\/\/www.gta.be\/fr\/wp-json\/wp\/v2\/product_tag?post=1979"}],"curies":[{"name":"wp","href":"https:\/\/api.w.org\/{rel}","templated":true}]}}