{"id":1982,"date":"2023-08-06T14:36:45","date_gmt":"2023-08-06T12:36:45","guid":{"rendered":"https:\/\/wp.gta.be\/fr\/?post_type=product&#038;p=1982"},"modified":"2024-08-05T20:17:04","modified_gmt":"2024-08-05T18:17:04","slug":"carte-vulkaneifel-um-gerolestein","status":"publish","type":"product","link":"https:\/\/www.gta.be\/fr\/produit\/carte-vulkaneifel-um-gerolestein\/","title":{"rendered":"Carte Vulkaneifel um Gerolstein"},"content":{"rendered":"","protected":false},"excerpt":{"rendered":"<p>Carte topographique \u00e0 l&rsquo;\u00e9chelle 1:25 000 pour la r\u00e9gion de Gerolstein.<\/p>\n","protected":false},"featured_media":1983,"template":"","meta":{"_seopress_robots_primary_cat":"none","_seopress_titles_title":"Carte Vulkaneifel um Gerolestein","_seopress_titles_desc":"","_seopress_robots_index":""},"product_brand":[],"product_cat":[38],"product_tag":[],"class_list":{"0":"post-1982","1":"product","2":"type-product","3":"status-publish","4":"has-post-thumbnail","6":"product_cat-carte","8":"first","9":"instock","10":"shipping-taxable","11":"purchasable","12":"product-type-simple"},"_links":{"self":[{"href":"https:\/\/www.gta.be\/fr\/wp-json\/wp\/v2\/product\/1982","targetHints":{"allow":["GET"]}}],"collection":[{"href":"https:\/\/www.gta.be\/fr\/wp-json\/wp\/v2\/product"}],"about":[{"href":"https:\/\/www.gta.be\/fr\/wp-json\/wp\/v2\/types\/product"}],"wp:featuredmedia":[{"embeddable":true,"href":"https:\/\/www.gta.be\/fr\/wp-json\/wp\/v2\/media\/1983"}],"wp:attachment":[{"href":"https:\/\/www.gta.be\/fr\/wp-json\/wp\/v2\/media?parent=1982"}],"wp:term":[{"taxonomy":"product_brand","embeddable":true,"href":"https:\/\/www.gta.be\/fr\/wp-json\/wp\/v2\/product_brand?post=1982"},{"taxonomy":"product_cat","embeddable":true,"href":"https:\/\/www.gta.be\/fr\/wp-json\/wp\/v2\/product_cat?post=1982"},{"taxonomy":"product_tag","embeddable":true,"href":"https:\/\/www.gta.be\/fr\/wp-json\/wp\/v2\/product_tag?post=1982"}],"curies":[{"name":"wp","href":"https:\/\/api.w.org\/{rel}","templated":true}]}}