{"id":2438,"date":"2023-12-02T10:07:50","date_gmt":"2023-12-02T09:07:50","guid":{"rendered":"https:\/\/www.gta.be\/fr\/?post_type=product&#038;p=2438"},"modified":"2026-03-12T18:13:14","modified_gmt":"2026-03-12T17:13:14","slug":"roadbook-18-randos-pedestres","status":"publish","type":"product","link":"https:\/\/www.gta.be\/fr\/produit\/roadbook-18-randos-pedestres\/","title":{"rendered":"Roadbook 18 randos p\u00e9destres"},"content":{"rendered":"","protected":false},"excerpt":{"rendered":"<p>Roadbook reprenant 18 randonn\u00e9es p\u00e9destres dans le Parc naturel des Deux Ourthes.<br \/>\nLes communes du Parc naturel des Deux Ourthes sont Bertogne, Gouvy, Houffalize, La Roche-en-Ardenne, Sainte-Ode et Tenneville.<\/p>\n","protected":false},"featured_media":2439,"template":"","meta":{"_seopress_robots_primary_cat":"none","_seopress_titles_title":"Randonn\u00e9e \u00e0 pied dans le Parc naturel des Deux Ourthes","_seopress_titles_desc":"Roadbook avec 18 promenades pour d\u00e9couvrir \u00e0 pied les communes du PNDO: Bertogne, Gouvy, Houffalize, La Roche-en-Ardenne, Sainte-Ode, Tenneville.","_seopress_robots_index":""},"product_brand":[],"product_cat":[48],"product_tag":[],"class_list":{"0":"post-2438","1":"product","2":"type-product","3":"status-publish","4":"has-post-thumbnail","6":"product_cat-editions-partenaires","8":"first","9":"instock","10":"shipping-taxable","11":"purchasable","12":"product-type-simple"},"_links":{"self":[{"href":"https:\/\/www.gta.be\/fr\/wp-json\/wp\/v2\/product\/2438","targetHints":{"allow":["GET"]}}],"collection":[{"href":"https:\/\/www.gta.be\/fr\/wp-json\/wp\/v2\/product"}],"about":[{"href":"https:\/\/www.gta.be\/fr\/wp-json\/wp\/v2\/types\/product"}],"wp:featuredmedia":[{"embeddable":true,"href":"https:\/\/www.gta.be\/fr\/wp-json\/wp\/v2\/media\/2439"}],"wp:attachment":[{"href":"https:\/\/www.gta.be\/fr\/wp-json\/wp\/v2\/media?parent=2438"}],"wp:term":[{"taxonomy":"product_brand","embeddable":true,"href":"https:\/\/www.gta.be\/fr\/wp-json\/wp\/v2\/product_brand?post=2438"},{"taxonomy":"product_cat","embeddable":true,"href":"https:\/\/www.gta.be\/fr\/wp-json\/wp\/v2\/product_cat?post=2438"},{"taxonomy":"product_tag","embeddable":true,"href":"https:\/\/www.gta.be\/fr\/wp-json\/wp\/v2\/product_tag?post=2438"}],"curies":[{"name":"wp","href":"https:\/\/api.w.org\/{rel}","templated":true}]}}