{"id":2591,"date":"2024-01-18T16:15:54","date_gmt":"2024-01-18T15:15:54","guid":{"rendered":"https:\/\/www.gta.be\/fr\/?post_type=product&#038;p=2591"},"modified":"2026-04-02T09:41:48","modified_gmt":"2026-04-02T07:41:48","slug":"carte-de-daverdisse","status":"publish","type":"product","link":"https:\/\/www.gta.be\/fr\/produit\/carte-de-daverdisse\/","title":{"rendered":"Carte de Daverdisse"},"content":{"rendered":"","protected":false},"excerpt":{"rendered":"<p>Carte \u00e0 l&rsquo;\u00e9chelle 1:15 000 pour la commune de Daverdisse comprenant 20 itin\u00e9raires p\u00e9destres de 4 \u00e0 10 km et 4 circuits VTT de 13 km \u00e0 34 km.<\/p>\n<p class=\"v1MsoNormal\">\n","protected":false},"featured_media":4291,"template":"","meta":{"_seopress_robots_primary_cat":"none","_seopress_titles_title":"Promenade \u00e0 pied et VTT dans la commune de Daverdisse","_seopress_titles_desc":"Carte IGN \u00e0 l'\u00e9chelle 1:15 000 pour la commune de Daverdisse comprenant 20 itin\u00e9raires p\u00e9destres de 5 \u00e0 10 km et 4 circuits VTT de 13 km \u00e0 33 km.","_seopress_robots_index":""},"product_brand":[],"product_cat":[38,48],"product_tag":[],"class_list":{"0":"post-2591","1":"product","2":"type-product","3":"status-publish","4":"has-post-thumbnail","6":"product_cat-carte","7":"product_cat-editions-partenaires","9":"first","10":"instock","11":"shipping-taxable","12":"purchasable","13":"product-type-simple"},"_links":{"self":[{"href":"https:\/\/www.gta.be\/fr\/wp-json\/wp\/v2\/product\/2591","targetHints":{"allow":["GET"]}}],"collection":[{"href":"https:\/\/www.gta.be\/fr\/wp-json\/wp\/v2\/product"}],"about":[{"href":"https:\/\/www.gta.be\/fr\/wp-json\/wp\/v2\/types\/product"}],"wp:featuredmedia":[{"embeddable":true,"href":"https:\/\/www.gta.be\/fr\/wp-json\/wp\/v2\/media\/4291"}],"wp:attachment":[{"href":"https:\/\/www.gta.be\/fr\/wp-json\/wp\/v2\/media?parent=2591"}],"wp:term":[{"taxonomy":"product_brand","embeddable":true,"href":"https:\/\/www.gta.be\/fr\/wp-json\/wp\/v2\/product_brand?post=2591"},{"taxonomy":"product_cat","embeddable":true,"href":"https:\/\/www.gta.be\/fr\/wp-json\/wp\/v2\/product_cat?post=2591"},{"taxonomy":"product_tag","embeddable":true,"href":"https:\/\/www.gta.be\/fr\/wp-json\/wp\/v2\/product_tag?post=2591"}],"curies":[{"name":"wp","href":"https:\/\/api.w.org\/{rel}","templated":true}]}}