{"id":2597,"date":"2024-01-18T16:16:44","date_gmt":"2024-01-18T15:16:44","guid":{"rendered":"https:\/\/www.gta.be\/fr\/?post_type=product&#038;p=2597"},"modified":"2025-07-19T10:02:35","modified_gmt":"2025-07-19T08:02:35","slug":"carte-de-wellin","status":"publish","type":"product","link":"https:\/\/www.gta.be\/fr\/produit\/carte-de-wellin\/","title":{"rendered":"Carte de Wellin"},"content":{"rendered":"","protected":false},"excerpt":{"rendered":"<p>Carte de promenade pour la commune de Wellin \u00e0 l&rsquo;\u00e9chelle 1:15 000 reprenant 15 promenades dont les distances varient de 4,8 km \u00e0 15,4 km.<\/p>\n","protected":false},"featured_media":2600,"template":"","meta":{"_seopress_robots_primary_cat":"none","_seopress_titles_title":"Carte de promenade de la commune de Wellin","_seopress_titles_desc":"Carte de promenade pour la commune de Wellin \u00e0 l'\u00e9chelle 1:15 000 reprenant 15 promenades dont les distances varient de 4,8 km \u00e0 15,4 km.","_seopress_robots_index":""},"product_brand":[],"product_cat":[38],"product_tag":[],"class_list":{"0":"post-2597","1":"product","2":"type-product","3":"status-publish","4":"has-post-thumbnail","6":"product_cat-carte","8":"first","9":"instock","10":"shipping-taxable","11":"purchasable","12":"product-type-simple"},"_links":{"self":[{"href":"https:\/\/www.gta.be\/fr\/wp-json\/wp\/v2\/product\/2597","targetHints":{"allow":["GET"]}}],"collection":[{"href":"https:\/\/www.gta.be\/fr\/wp-json\/wp\/v2\/product"}],"about":[{"href":"https:\/\/www.gta.be\/fr\/wp-json\/wp\/v2\/types\/product"}],"wp:featuredmedia":[{"embeddable":true,"href":"https:\/\/www.gta.be\/fr\/wp-json\/wp\/v2\/media\/2600"}],"wp:attachment":[{"href":"https:\/\/www.gta.be\/fr\/wp-json\/wp\/v2\/media?parent=2597"}],"wp:term":[{"taxonomy":"product_brand","embeddable":true,"href":"https:\/\/www.gta.be\/fr\/wp-json\/wp\/v2\/product_brand?post=2597"},{"taxonomy":"product_cat","embeddable":true,"href":"https:\/\/www.gta.be\/fr\/wp-json\/wp\/v2\/product_cat?post=2597"},{"taxonomy":"product_tag","embeddable":true,"href":"https:\/\/www.gta.be\/fr\/wp-json\/wp\/v2\/product_tag?post=2597"}],"curies":[{"name":"wp","href":"https:\/\/api.w.org\/{rel}","templated":true}]}}