{"id":2602,"date":"2024-01-18T16:18:20","date_gmt":"2024-01-18T15:18:20","guid":{"rendered":"https:\/\/www.gta.be\/fr\/?post_type=product&#038;p=2602"},"modified":"2025-07-31T19:00:14","modified_gmt":"2025-07-31T17:00:14","slug":"carte-de-bertrix","status":"publish","type":"product","link":"https:\/\/www.gta.be\/fr\/produit\/carte-de-bertrix\/","title":{"rendered":"Carte de Bertrix"},"content":{"rendered":"","protected":false},"excerpt":{"rendered":"<p>Carte de promenade pour la commune de Bertrix \u00e0 l&rsquo;\u00e9chelle 1:25 000 comprenant 18 circuits p\u00e9destres de 5,5 km \u00e0 13,3 km.<br \/>\nJ\u00e9honville, arboretum, Mor\u00e9pire, Cugnon, Biourge, Cornichai, Auby-sur-Semois.<\/p>\n","protected":false},"featured_media":2605,"template":"","meta":{"_seopress_robots_primary_cat":"none","_seopress_titles_title":"Acheter la carte de promenade Bertrix","_seopress_titles_desc":"","_seopress_robots_index":""},"product_brand":[],"product_cat":[15],"product_tag":[],"class_list":{"0":"post-2602","1":"product","2":"type-product","3":"status-publish","4":"has-post-thumbnail","6":"product_cat-non-classe","8":"first","9":"instock","10":"shipping-taxable","11":"purchasable","12":"product-type-simple"},"_links":{"self":[{"href":"https:\/\/www.gta.be\/fr\/wp-json\/wp\/v2\/product\/2602","targetHints":{"allow":["GET"]}}],"collection":[{"href":"https:\/\/www.gta.be\/fr\/wp-json\/wp\/v2\/product"}],"about":[{"href":"https:\/\/www.gta.be\/fr\/wp-json\/wp\/v2\/types\/product"}],"wp:featuredmedia":[{"embeddable":true,"href":"https:\/\/www.gta.be\/fr\/wp-json\/wp\/v2\/media\/2605"}],"wp:attachment":[{"href":"https:\/\/www.gta.be\/fr\/wp-json\/wp\/v2\/media?parent=2602"}],"wp:term":[{"taxonomy":"product_brand","embeddable":true,"href":"https:\/\/www.gta.be\/fr\/wp-json\/wp\/v2\/product_brand?post=2602"},{"taxonomy":"product_cat","embeddable":true,"href":"https:\/\/www.gta.be\/fr\/wp-json\/wp\/v2\/product_cat?post=2602"},{"taxonomy":"product_tag","embeddable":true,"href":"https:\/\/www.gta.be\/fr\/wp-json\/wp\/v2\/product_tag?post=2602"}],"curies":[{"name":"wp","href":"https:\/\/api.w.org\/{rel}","templated":true}]}}