{"id":2890,"date":"2024-06-18T07:04:50","date_gmt":"2024-06-18T05:04:50","guid":{"rendered":"https:\/\/www.gta.be\/fr\/?post_type=product&#038;p=2890"},"modified":"2025-09-14T20:49:29","modified_gmt":"2025-09-14T18:49:29","slug":"magnet-jaime-la-marche-2","status":"publish","type":"product","link":"https:\/\/www.gta.be\/fr\/produit\/magnet-jaime-la-marche-2\/","title":{"rendered":"GTA &#8211; Magnet \u00ab\u00a0J&rsquo;aime la marche\u00a0\u00bb"},"content":{"rendered":"","protected":false},"excerpt":{"rendered":"<p>La magnet \u00ab\u00a0J&rsquo;aime la marche\u00a0\u00bb pour celles et ceux qui aiment marcher en Belgique et ailleurs.<\/p>\n","protected":false},"featured_media":2894,"template":"","meta":{"_seopress_robots_primary_cat":"none","_seopress_titles_title":"Magnet \"J'aime la marche\"","_seopress_titles_desc":"A la recherche d'une id\u00e9e cadeau pour une personne qui aime marcher ? La Maison de la Randonn\u00e9e - GTA Belgique vous propose la magnet id\u00e9ale !","_seopress_robots_index":""},"product_brand":[],"product_cat":[47],"product_tag":[],"class_list":{"0":"post-2890","1":"product","2":"type-product","3":"status-publish","4":"has-post-thumbnail","6":"product_cat-editions-gta","8":"first","9":"instock","10":"shipping-taxable","11":"purchasable","12":"product-type-simple"},"_links":{"self":[{"href":"https:\/\/www.gta.be\/fr\/wp-json\/wp\/v2\/product\/2890","targetHints":{"allow":["GET"]}}],"collection":[{"href":"https:\/\/www.gta.be\/fr\/wp-json\/wp\/v2\/product"}],"about":[{"href":"https:\/\/www.gta.be\/fr\/wp-json\/wp\/v2\/types\/product"}],"wp:featuredmedia":[{"embeddable":true,"href":"https:\/\/www.gta.be\/fr\/wp-json\/wp\/v2\/media\/2894"}],"wp:attachment":[{"href":"https:\/\/www.gta.be\/fr\/wp-json\/wp\/v2\/media?parent=2890"}],"wp:term":[{"taxonomy":"product_brand","embeddable":true,"href":"https:\/\/www.gta.be\/fr\/wp-json\/wp\/v2\/product_brand?post=2890"},{"taxonomy":"product_cat","embeddable":true,"href":"https:\/\/www.gta.be\/fr\/wp-json\/wp\/v2\/product_cat?post=2890"},{"taxonomy":"product_tag","embeddable":true,"href":"https:\/\/www.gta.be\/fr\/wp-json\/wp\/v2\/product_tag?post=2890"}],"curies":[{"name":"wp","href":"https:\/\/api.w.org\/{rel}","templated":true}]}}