{"id":3033,"date":"2024-07-30T21:07:27","date_gmt":"2024-07-30T19:07:27","guid":{"rendered":"https:\/\/www.gta.be\/fr\/?post_type=product&#038;p=3033"},"modified":"2025-09-14T20:32:52","modified_gmt":"2025-09-14T18:32:52","slug":"pack-transardennaise-transfamenne","status":"publish","type":"product","link":"https:\/\/www.gta.be\/fr\/produit\/pack-transardennaise-transfamenne\/","title":{"rendered":"GTA -Transardennaise &#038; Transfamenne"},"content":{"rendered":"","protected":false},"excerpt":{"rendered":"<p>Pour vos randonn\u00e9es sur la Transardennaise et la Transfamenne, la Maison de la Randonn\u00e9e &#8211; GTA Belgique vous propose plusieurs supports:<\/p>\n<ul>\n<li><a href=\"https:\/\/www.gta.be\/fr\/produit\/carte-transardennaise-transfamenne\/\"><strong>Carte IGN<\/strong><\/a> avec les trac\u00e9s des itin\u00e9raires GTA <strong>p\u00e9destres<\/strong> La Transardennaise et La Transfamenne (<a href=\"https:\/\/www.gta.be\/fr\/la-transardennaise\">153 km de La Roche-en-Ardenne \u00e0 Bouillon<\/a> et\u00a0<a href=\"https:\/\/www.gta.be\/fr\/la-transfamenne\">57 km de Nassogne \u00e0 La Roche-en-Ardenne)<\/a><br \/>\nLa carte est \u00e0 l&rsquo;\u00e9chelle 1:50 000.<\/li>\n<\/ul>\n<p>&nbsp;<\/p>\n<ul>\n<li><a href=\"https:\/\/www.gta.be\/fr\/produit\/guide-transardennaise-transfamenne\/\">Livre GTA<\/a> de l&rsquo;itin\u00e9raire p\u00e9destre La Transardennaise entre La Roche-en-Ardenne et Bouillon et de l&rsquo;itin\u00e9raire p\u00e9destre La Transfamenne entre Nassogne et La Roche-en-Ardenne.<\/li>\n<\/ul>\n<p>&nbsp;<\/p>\n<ul>\n<li><a href=\"https:\/\/www.gta.be\/fr\/produit\/transardennaise-sud-roadbook\/\"><strong>Roadbook<\/strong> <\/a>en fran\u00e7ais pour l&rsquo;itin\u00e9raire GTA<strong> VTT<\/strong> de La Transardennaise entre La Roche-en-Ardenne et Bouillon (Transardennaise Sud).<\/li>\n<\/ul>\n<p>&nbsp;<\/p>\n<ul>\n<li><a href=\"https:\/\/www.gta.be\/fr\/produit\/rooadbook-transardennaise-nord-vtt\/\"><strong>Roadbook<\/strong> <\/a>en fran\u00e7ais pour l&rsquo;itin\u00e9raire GTA <strong>VTT<\/strong> de La Transardennaise entre Malmedy et La Roche-en-Ardenne (Transardennaise Nord).<\/li>\n<\/ul>\n<p>&nbsp;<\/p>\n<ul>\n<li><a href=\"https:\/\/www.gta.be\/fr\/produit\/roadbook-transardennaise-velo\/\"><strong>Roadbook<\/strong><\/a> en fran\u00e7ais et n\u00e9erlandais pour l&rsquo;itin\u00e9raire GTA <strong>v\u00e9lo <\/strong>de La Transardennaise entre La Roche-en-Ardenne et Bouillon.<\/li>\n<\/ul>\n<p>&nbsp;<\/p>\n<ul>\n<li><a href=\"https:\/\/www.gta.be\/fr\/produit\/magnet-souvenir-la-transardennaise\/\"><strong>Magnet souvenir<\/strong><\/a> de l&rsquo;itin\u00e9raire GTA La Transardennaise.<\/li>\n<\/ul>\n<p>&nbsp;<\/p>\n<ul>\n<li><strong>Magnet<\/strong> pour les fans de rando \u00ab\u00a0<a href=\"https:\/\/www.gta.be\/fr\/produit\/magnet-jaime-la-rando\/\">J&rsquo;aime la rando<\/a>\u00ab\u00a0.<\/li>\n<\/ul>\n<p>&nbsp;<\/p>\n<p>&nbsp;<\/p>\n","protected":false},"featured_media":3733,"template":"","meta":{"_seopress_robots_primary_cat":"none","_seopress_titles_title":"Randonn\u00e9e en itin\u00e9rance sur Transardennaise et Transfamenne","_seopress_titles_desc":"Acheter carte, livre, roadbook pour les randonn\u00e9es mythiques sur les grands itin\u00e9raires GTA la Transardennaise et la Transfamenne.","_seopress_robots_index":""},"product_brand":[],"product_cat":[47],"product_tag":[],"class_list":{"0":"post-3033","1":"product","2":"type-product","3":"status-publish","4":"has-post-thumbnail","6":"product_cat-editions-gta","8":"first","9":"instock","10":"featured","11":"shipping-taxable","12":"product-type-grouped"},"_links":{"self":[{"href":"https:\/\/www.gta.be\/fr\/wp-json\/wp\/v2\/product\/3033","targetHints":{"allow":["GET"]}}],"collection":[{"href":"https:\/\/www.gta.be\/fr\/wp-json\/wp\/v2\/product"}],"about":[{"href":"https:\/\/www.gta.be\/fr\/wp-json\/wp\/v2\/types\/product"}],"wp:featuredmedia":[{"embeddable":true,"href":"https:\/\/www.gta.be\/fr\/wp-json\/wp\/v2\/media\/3733"}],"wp:attachment":[{"href":"https:\/\/www.gta.be\/fr\/wp-json\/wp\/v2\/media?parent=3033"}],"wp:term":[{"taxonomy":"product_brand","embeddable":true,"href":"https:\/\/www.gta.be\/fr\/wp-json\/wp\/v2\/product_brand?post=3033"},{"taxonomy":"product_cat","embeddable":true,"href":"https:\/\/www.gta.be\/fr\/wp-json\/wp\/v2\/product_cat?post=3033"},{"taxonomy":"product_tag","embeddable":true,"href":"https:\/\/www.gta.be\/fr\/wp-json\/wp\/v2\/product_tag?post=3033"}],"curies":[{"name":"wp","href":"https:\/\/api.w.org\/{rel}","templated":true}]}}