{"id":3091,"date":"2024-07-31T13:40:39","date_gmt":"2024-07-31T11:40:39","guid":{"rendered":"https:\/\/www.gta.be\/fr\/?post_type=product&#038;p=3091"},"modified":"2026-02-21T13:53:48","modified_gmt":"2026-02-21T12:53:48","slug":"escapardenne","status":"publish","type":"product","link":"https:\/\/www.gta.be\/fr\/produit\/escapardenne\/","title":{"rendered":"Escapardenne"},"content":{"rendered":"","protected":false},"excerpt":{"rendered":"<p>Plusieurs \u00e9ditions sont disponibles pour accompagner votre randonn\u00e9e itin\u00e9rante sur l&rsquo;Escapardenne Trail:<\/p>\n<ul>\n<li><strong>Le guide de randonn\u00e9e<\/strong> pour l\u2019itin\u00e9raire <a href=\"https:\/\/www.gta.be\/fr\/escapardenne\/\">Escapardenne<\/a> Eislek Trail d\u2019une distance de 106 km reliant Kautenbach et La Roche-en-Ardenne.<br \/>\n5 \u00e9tapes sont propos\u00e9es pour parcourir ce grand itin\u00e9raire \u00e0 travers l\u2019Ardenne belgo-Luxembourgeois<\/li>\n<li><strong>La carte IGN<\/strong> \u00e0 l\u2019\u00e9chelle 1:30 000 accompagnant l\u2019itin\u00e9raire <a href=\"https:\/\/www.gta.be\/fr\/escapardenne\/\">Escapardenne<\/a> ainsi que le Lee Trail. La distance de l\u2019Escapardenne est de 106 km, la distance du Lee Trail est de 52 km.<\/li>\n<li><strong>Le topoguide<\/strong> pour l\u2019Escapardenne Lee Trai qui rejoint Kautenbach au d\u00e9part d\u2019Ettelbruck.<\/li>\n<\/ul>\n<p>Le Lee Trail permet aux randonneurs de rejoindre Kautenbach au d\u00e9part d\u2019Ettelbruck.<br \/>\nL\u2019Escapardenne Eislek Trail permet, au d\u00e9part de Kautenbach de rejoindre La Roche-en-Ardenne.<\/p>\n","protected":false},"featured_media":3105,"template":"","meta":{"_seopress_robots_primary_cat":"none","_seopress_titles_title":"Randonner en itin\u00e9rance sur l'Escapardenne Trail","_seopress_titles_desc":"Acheter la carte, le livre, le topoguide de l'Escapardenne Eislek Trail et Lee Trail. Randonn\u00e9e en itin\u00e9rance dans l'Ardenne transfrontali\u00e8re.","_seopress_robots_index":""},"product_brand":[],"product_cat":[48],"product_tag":[],"class_list":{"0":"post-3091","1":"product","2":"type-product","3":"status-publish","4":"has-post-thumbnail","6":"product_cat-editions-partenaires","8":"first","9":"onbackorder","10":"shipping-taxable","11":"product-type-grouped"},"_links":{"self":[{"href":"https:\/\/www.gta.be\/fr\/wp-json\/wp\/v2\/product\/3091","targetHints":{"allow":["GET"]}}],"collection":[{"href":"https:\/\/www.gta.be\/fr\/wp-json\/wp\/v2\/product"}],"about":[{"href":"https:\/\/www.gta.be\/fr\/wp-json\/wp\/v2\/types\/product"}],"wp:featuredmedia":[{"embeddable":true,"href":"https:\/\/www.gta.be\/fr\/wp-json\/wp\/v2\/media\/3105"}],"wp:attachment":[{"href":"https:\/\/www.gta.be\/fr\/wp-json\/wp\/v2\/media?parent=3091"}],"wp:term":[{"taxonomy":"product_brand","embeddable":true,"href":"https:\/\/www.gta.be\/fr\/wp-json\/wp\/v2\/product_brand?post=3091"},{"taxonomy":"product_cat","embeddable":true,"href":"https:\/\/www.gta.be\/fr\/wp-json\/wp\/v2\/product_cat?post=3091"},{"taxonomy":"product_tag","embeddable":true,"href":"https:\/\/www.gta.be\/fr\/wp-json\/wp\/v2\/product_tag?post=3091"}],"curies":[{"name":"wp","href":"https:\/\/api.w.org\/{rel}","templated":true}]}}