{"id":3115,"date":"2024-08-01T07:15:50","date_gmt":"2024-08-01T05:15:50","guid":{"rendered":"https:\/\/www.gta.be\/fr\/?post_type=product&#038;p=3115"},"modified":"2025-09-14T20:52:45","modified_gmt":"2025-09-14T18:52:45","slug":"magnets-souvenirs","status":"publish","type":"product","link":"https:\/\/www.gta.be\/fr\/produit\/magnets-souvenirs\/","title":{"rendered":"Souvenirs de rando"},"content":{"rendered":"","protected":false},"excerpt":{"rendered":"","protected":false},"featured_media":3242,"template":"","meta":{"_seopress_robots_primary_cat":"none","_seopress_titles_title":"Souvenirs de vos randonn\u00e9es sur les grands itin\u00e9raires GTA","_seopress_titles_desc":"La Maison de la Randonn\u00e9e - GTA Belgique propose une s\u00e9rie de magnets pour les fans de rando et de souvenirs !","_seopress_robots_index":"","_seopress_analysis_target_kw":"magnet,souvenirs,randonn\u00e9e,belgique"},"product_brand":[],"product_cat":[47],"product_tag":[],"class_list":{"0":"post-3115","1":"product","2":"type-product","3":"status-publish","4":"has-post-thumbnail","6":"product_cat-editions-gta","8":"first","9":"instock","10":"featured","11":"shipping-taxable","12":"product-type-grouped"},"_links":{"self":[{"href":"https:\/\/www.gta.be\/fr\/wp-json\/wp\/v2\/product\/3115","targetHints":{"allow":["GET"]}}],"collection":[{"href":"https:\/\/www.gta.be\/fr\/wp-json\/wp\/v2\/product"}],"about":[{"href":"https:\/\/www.gta.be\/fr\/wp-json\/wp\/v2\/types\/product"}],"wp:featuredmedia":[{"embeddable":true,"href":"https:\/\/www.gta.be\/fr\/wp-json\/wp\/v2\/media\/3242"}],"wp:attachment":[{"href":"https:\/\/www.gta.be\/fr\/wp-json\/wp\/v2\/media?parent=3115"}],"wp:term":[{"taxonomy":"product_brand","embeddable":true,"href":"https:\/\/www.gta.be\/fr\/wp-json\/wp\/v2\/product_brand?post=3115"},{"taxonomy":"product_cat","embeddable":true,"href":"https:\/\/www.gta.be\/fr\/wp-json\/wp\/v2\/product_cat?post=3115"},{"taxonomy":"product_tag","embeddable":true,"href":"https:\/\/www.gta.be\/fr\/wp-json\/wp\/v2\/product_tag?post=3115"}],"curies":[{"name":"wp","href":"https:\/\/api.w.org\/{rel}","templated":true}]}}