{"id":3186,"date":"2024-09-05T20:27:04","date_gmt":"2024-09-05T18:27:04","guid":{"rendered":"https:\/\/www.gta.be\/fr\/?post_type=product&#038;p=3186"},"modified":"2025-09-14T20:54:38","modified_gmt":"2025-09-14T18:54:38","slug":"pack-transardennaise-a-pied","status":"publish","type":"product","link":"https:\/\/www.gta.be\/fr\/produit\/pack-transardennaise-a-pied\/","title":{"rendered":"Pack Transardennaise &#038; Transfamenne \u00e0 pied"},"content":{"rendered":"","protected":false},"excerpt":{"rendered":"<p>En un clic procurez vous les essentiels pour vos randonn\u00e9es sur les itin\u00e9raires GTA de la Transardennaise et la Transfamenne \u00e0 pied :<\/p>\n<ul>\n<li>1 x la carte IGN<\/li>\n<li>1 x le guide GTA<\/li>\n<li>1 x la magnet souvenir \u00ab\u00a0Transardennaise\u00a0\u00bb pour vous rem\u00e9morer chaque jour votre grande travers\u00e9e de l&rsquo;Ardenne<\/li>\n<li>1 x la magnet \u00ab\u00a0J&rsquo;aime la rando\u00a0\u00bb \u00e0 garder pour soi ou \u00e0 offrir<\/li>\n<\/ul>\n","protected":false},"featured_media":3633,"template":"","meta":{"_seopress_robots_primary_cat":"none","_seopress_titles_title":"Acheter le pack \"La Transardennaise & Transfamenne \u00e0 pied\"","_seopress_titles_desc":"En un clic procurez vous les essentiels pour votre randonn\u00e9e la Transardennaise \u00e0 pied ainsi que la Transfamenne \u00e0 pied. Carte, guide, souvenirs.","_seopress_robots_index":""},"product_brand":[],"product_cat":[47],"product_tag":[],"class_list":{"0":"post-3186","1":"product","2":"type-product","3":"status-publish","4":"has-post-thumbnail","6":"product_cat-editions-gta","8":"first","9":"instock","10":"shipping-taxable","11":"purchasable","12":"product-type-simple"},"_links":{"self":[{"href":"https:\/\/www.gta.be\/fr\/wp-json\/wp\/v2\/product\/3186","targetHints":{"allow":["GET"]}}],"collection":[{"href":"https:\/\/www.gta.be\/fr\/wp-json\/wp\/v2\/product"}],"about":[{"href":"https:\/\/www.gta.be\/fr\/wp-json\/wp\/v2\/types\/product"}],"wp:featuredmedia":[{"embeddable":true,"href":"https:\/\/www.gta.be\/fr\/wp-json\/wp\/v2\/media\/3633"}],"wp:attachment":[{"href":"https:\/\/www.gta.be\/fr\/wp-json\/wp\/v2\/media?parent=3186"}],"wp:term":[{"taxonomy":"product_brand","embeddable":true,"href":"https:\/\/www.gta.be\/fr\/wp-json\/wp\/v2\/product_brand?post=3186"},{"taxonomy":"product_cat","embeddable":true,"href":"https:\/\/www.gta.be\/fr\/wp-json\/wp\/v2\/product_cat?post=3186"},{"taxonomy":"product_tag","embeddable":true,"href":"https:\/\/www.gta.be\/fr\/wp-json\/wp\/v2\/product_tag?post=3186"}],"curies":[{"name":"wp","href":"https:\/\/api.w.org\/{rel}","templated":true}]}}