{"id":3201,"date":"2024-09-05T20:43:58","date_gmt":"2024-09-05T18:43:58","guid":{"rendered":"https:\/\/www.gta.be\/fr\/?post_type=product&#038;p=3201"},"modified":"2025-09-14T14:28:58","modified_gmt":"2025-09-14T12:28:58","slug":"pack-transgaumaise-a-pied","status":"publish","type":"product","link":"https:\/\/www.gta.be\/fr\/produit\/pack-transgaumaise-a-pied\/","title":{"rendered":"Pack Transgaumaise \u00e0 pied"},"content":{"rendered":"","protected":false},"excerpt":{"rendered":"<p>En un clic procurez vous les essentiels pour votre randonn\u00e9e \u00ab\u00a0la Transgaumaise \u00e0 pied\u00a0\u00bb<\/p>\n<ul>\n<li>1 x le lot reprenant les diff\u00e9rentes cartes-\u00e9tapes<\/li>\n<li>1 x le guide GTA consacr\u00e9 \u00e0 l&rsquo;itin\u00e9raire<\/li>\n<li>1 x la magnet souvenir pour vous rappeler votre randonn\u00e9e dans la petit Provence belge<\/li>\n<\/ul>\n<p>&nbsp;<\/p>\n","protected":false},"featured_media":3208,"template":"","meta":{"_seopress_robots_primary_cat":"none","_seopress_titles_title":"Acheter le pack \"Transgaumaise \u00e0 pied\"","_seopress_titles_desc":"En un clic procurez vous les essentiels pour votre randonn\u00e9e \u00ab la Transgaumaise \u00e0 pied \u00bb:; le lot de cartes, le guide GTA et la magnet souvenir","_seopress_robots_index":""},"product_brand":[],"product_cat":[47],"product_tag":[],"class_list":{"0":"post-3201","1":"product","2":"type-product","3":"status-publish","4":"has-post-thumbnail","6":"product_cat-editions-gta","8":"first","9":"instock","10":"shipping-taxable","11":"purchasable","12":"product-type-simple"},"_links":{"self":[{"href":"https:\/\/www.gta.be\/fr\/wp-json\/wp\/v2\/product\/3201","targetHints":{"allow":["GET"]}}],"collection":[{"href":"https:\/\/www.gta.be\/fr\/wp-json\/wp\/v2\/product"}],"about":[{"href":"https:\/\/www.gta.be\/fr\/wp-json\/wp\/v2\/types\/product"}],"wp:featuredmedia":[{"embeddable":true,"href":"https:\/\/www.gta.be\/fr\/wp-json\/wp\/v2\/media\/3208"}],"wp:attachment":[{"href":"https:\/\/www.gta.be\/fr\/wp-json\/wp\/v2\/media?parent=3201"}],"wp:term":[{"taxonomy":"product_brand","embeddable":true,"href":"https:\/\/www.gta.be\/fr\/wp-json\/wp\/v2\/product_brand?post=3201"},{"taxonomy":"product_cat","embeddable":true,"href":"https:\/\/www.gta.be\/fr\/wp-json\/wp\/v2\/product_cat?post=3201"},{"taxonomy":"product_tag","embeddable":true,"href":"https:\/\/www.gta.be\/fr\/wp-json\/wp\/v2\/product_tag?post=3201"}],"curies":[{"name":"wp","href":"https:\/\/api.w.org\/{rel}","templated":true}]}}