{"id":3233,"date":"2024-09-10T18:06:13","date_gmt":"2024-09-10T16:06:13","guid":{"rendered":"https:\/\/www.gta.be\/fr\/?post_type=product&#038;p=3233"},"modified":"2024-09-17T18:54:43","modified_gmt":"2024-09-17T16:54:43","slug":"idees-cadeaux","status":"publish","type":"product","link":"https:\/\/www.gta.be\/fr\/produit\/idees-cadeaux\/","title":{"rendered":"Id\u00e9es cadeaux"},"content":{"rendered":"","protected":false},"excerpt":{"rendered":"","protected":false},"featured_media":3236,"template":"","meta":{"_seopress_robots_primary_cat":"none","_seopress_titles_title":"Id\u00e9es cadeaux pour les fans de randonn\u00e9e et de marche","_seopress_titles_desc":"La Maison de la Randonn\u00e9e vous propose des magnets comme id\u00e9es cadeaux pour quelqu'un qui aime la marche ou la rando.","_seopress_robots_index":""},"product_brand":[],"product_cat":[47],"product_tag":[],"class_list":{"0":"post-3233","1":"product","2":"type-product","3":"status-publish","4":"has-post-thumbnail","6":"product_cat-editions-gta","8":"first","9":"instock","10":"featured","11":"shipping-taxable","12":"product-type-grouped"},"_links":{"self":[{"href":"https:\/\/www.gta.be\/fr\/wp-json\/wp\/v2\/product\/3233","targetHints":{"allow":["GET"]}}],"collection":[{"href":"https:\/\/www.gta.be\/fr\/wp-json\/wp\/v2\/product"}],"about":[{"href":"https:\/\/www.gta.be\/fr\/wp-json\/wp\/v2\/types\/product"}],"wp:featuredmedia":[{"embeddable":true,"href":"https:\/\/www.gta.be\/fr\/wp-json\/wp\/v2\/media\/3236"}],"wp:attachment":[{"href":"https:\/\/www.gta.be\/fr\/wp-json\/wp\/v2\/media?parent=3233"}],"wp:term":[{"taxonomy":"product_brand","embeddable":true,"href":"https:\/\/www.gta.be\/fr\/wp-json\/wp\/v2\/product_brand?post=3233"},{"taxonomy":"product_cat","embeddable":true,"href":"https:\/\/www.gta.be\/fr\/wp-json\/wp\/v2\/product_cat?post=3233"},{"taxonomy":"product_tag","embeddable":true,"href":"https:\/\/www.gta.be\/fr\/wp-json\/wp\/v2\/product_tag?post=3233"}],"curies":[{"name":"wp","href":"https:\/\/api.w.org\/{rel}","templated":true}]}}