{"id":3252,"date":"2024-09-12T19:50:25","date_gmt":"2024-09-12T17:50:25","guid":{"rendered":"https:\/\/www.gta.be\/fr\/?post_type=product&#038;p=3252"},"modified":"2025-01-05T16:22:38","modified_gmt":"2025-01-05T15:22:38","slug":"cartes-des-cantons-de-lest","status":"publish","type":"product","link":"https:\/\/www.gta.be\/fr\/produit\/cartes-des-cantons-de-lest\/","title":{"rendered":"Cartes des Cantons de l&rsquo;Est"},"content":{"rendered":"","protected":false},"excerpt":{"rendered":"","protected":false},"featured_media":3256,"template":"","meta":{"_seopress_robots_primary_cat":"none","_seopress_titles_title":"Promenade et randonn\u00e9e dans les Cantons de l'Est","_seopress_titles_desc":"Cartes pour se promener \u00e0 pied ou randonner \u00e0 VTT dans les Cantons de l'Est.","_seopress_robots_index":""},"product_brand":[],"product_cat":[48],"product_tag":[],"class_list":{"0":"post-3252","1":"product","2":"type-product","3":"status-publish","4":"has-post-thumbnail","6":"product_cat-editions-partenaires","8":"first","9":"instock","10":"shipping-taxable","11":"product-type-grouped"},"_links":{"self":[{"href":"https:\/\/www.gta.be\/fr\/wp-json\/wp\/v2\/product\/3252","targetHints":{"allow":["GET"]}}],"collection":[{"href":"https:\/\/www.gta.be\/fr\/wp-json\/wp\/v2\/product"}],"about":[{"href":"https:\/\/www.gta.be\/fr\/wp-json\/wp\/v2\/types\/product"}],"wp:featuredmedia":[{"embeddable":true,"href":"https:\/\/www.gta.be\/fr\/wp-json\/wp\/v2\/media\/3256"}],"wp:attachment":[{"href":"https:\/\/www.gta.be\/fr\/wp-json\/wp\/v2\/media?parent=3252"}],"wp:term":[{"taxonomy":"product_brand","embeddable":true,"href":"https:\/\/www.gta.be\/fr\/wp-json\/wp\/v2\/product_brand?post=3252"},{"taxonomy":"product_cat","embeddable":true,"href":"https:\/\/www.gta.be\/fr\/wp-json\/wp\/v2\/product_cat?post=3252"},{"taxonomy":"product_tag","embeddable":true,"href":"https:\/\/www.gta.be\/fr\/wp-json\/wp\/v2\/product_tag?post=3252"}],"curies":[{"name":"wp","href":"https:\/\/api.w.org\/{rel}","templated":true}]}}