{"id":3293,"date":"2024-09-24T18:16:24","date_gmt":"2024-09-24T16:16:24","guid":{"rendered":"https:\/\/www.gta.be\/fr\/?post_type=product&#038;p=3293"},"modified":"2025-09-14T14:23:44","modified_gmt":"2025-09-14T12:23:44","slug":"carte-de-virton","status":"publish","type":"product","link":"https:\/\/www.gta.be\/fr\/produit\/carte-de-virton\/","title":{"rendered":"Carte de Virton"},"content":{"rendered":"","protected":false},"excerpt":{"rendered":"<p>Carte de promenade pour la commune de Virton:<\/p>\n<ul>\n<li>24 itin\u00e9raires p\u00e9destres de 3,3 \u00e0 18,7 km<\/li>\n<li>8 circuits VTT de 3 \u00e0 22 km<\/li>\n<li>4 parcours cyclistes<\/li>\n<li>2 parcours \u00e9questres<\/li>\n<\/ul>\n","protected":false},"featured_media":3296,"template":"","meta":{"_seopress_robots_primary_cat":"none","_seopress_titles_title":"Acheter la carte de promenade de Virton","_seopress_titles_desc":"Carte de promenade pour la commune de Virton : balades \u00e0 pied, \u00e0 VTT, \u00e0 v\u00e9lo, \u00e0 cheval.","_seopress_robots_index":""},"product_brand":[],"product_cat":[38,47],"product_tag":[],"class_list":{"0":"post-3293","1":"product","2":"type-product","3":"status-publish","4":"has-post-thumbnail","6":"product_cat-carte","7":"product_cat-editions-gta","9":"first","10":"instock","11":"shipping-taxable","12":"purchasable","13":"product-type-simple"},"_links":{"self":[{"href":"https:\/\/www.gta.be\/fr\/wp-json\/wp\/v2\/product\/3293","targetHints":{"allow":["GET"]}}],"collection":[{"href":"https:\/\/www.gta.be\/fr\/wp-json\/wp\/v2\/product"}],"about":[{"href":"https:\/\/www.gta.be\/fr\/wp-json\/wp\/v2\/types\/product"}],"wp:featuredmedia":[{"embeddable":true,"href":"https:\/\/www.gta.be\/fr\/wp-json\/wp\/v2\/media\/3296"}],"wp:attachment":[{"href":"https:\/\/www.gta.be\/fr\/wp-json\/wp\/v2\/media?parent=3293"}],"wp:term":[{"taxonomy":"product_brand","embeddable":true,"href":"https:\/\/www.gta.be\/fr\/wp-json\/wp\/v2\/product_brand?post=3293"},{"taxonomy":"product_cat","embeddable":true,"href":"https:\/\/www.gta.be\/fr\/wp-json\/wp\/v2\/product_cat?post=3293"},{"taxonomy":"product_tag","embeddable":true,"href":"https:\/\/www.gta.be\/fr\/wp-json\/wp\/v2\/product_tag?post=3293"}],"curies":[{"name":"wp","href":"https:\/\/api.w.org\/{rel}","templated":true}]}}