{"id":3329,"date":"2024-10-02T18:32:45","date_gmt":"2024-10-02T16:32:45","guid":{"rendered":"https:\/\/www.gta.be\/fr\/?post_type=product&#038;p=3329"},"modified":"2026-03-24T17:32:39","modified_gmt":"2026-03-24T16:32:39","slug":"carte-de-tellin","status":"publish","type":"product","link":"https:\/\/www.gta.be\/fr\/produit\/carte-de-tellin\/","title":{"rendered":"Carte de Tellin"},"content":{"rendered":"","protected":false},"excerpt":{"rendered":"<p>Carte de promenade pour la commune de Tellin avec<\/p>\n<ul>\n<li>19 itin\u00e9raires de 1,2 km \u00e0 12,5 km<\/li>\n<li>1 itin\u00e9raire VTT de 20,2 km<\/li>\n<\/ul>\n","protected":false},"featured_media":3332,"template":"","meta":{"_seopress_robots_primary_cat":"none","_seopress_titles_title":"Acheter la carte de promenade de la commune de Tellin","_seopress_titles_desc":"Carte de promenade pour la commune de Tellin avec 19 itin\u00e9raires de 1,2 km \u00e0 12,5 km et 1 itin\u00e9raire VTT de 20,2 km. Tellin en For\u00eat de St=Hubert.","_seopress_robots_index":""},"product_brand":[],"product_cat":[38,48],"product_tag":[],"class_list":{"0":"post-3329","1":"product","2":"type-product","3":"status-publish","4":"has-post-thumbnail","6":"product_cat-carte","7":"product_cat-editions-partenaires","9":"first","10":"instock","11":"shipping-taxable","12":"purchasable","13":"product-type-simple"},"_links":{"self":[{"href":"https:\/\/www.gta.be\/fr\/wp-json\/wp\/v2\/product\/3329","targetHints":{"allow":["GET"]}}],"collection":[{"href":"https:\/\/www.gta.be\/fr\/wp-json\/wp\/v2\/product"}],"about":[{"href":"https:\/\/www.gta.be\/fr\/wp-json\/wp\/v2\/types\/product"}],"wp:featuredmedia":[{"embeddable":true,"href":"https:\/\/www.gta.be\/fr\/wp-json\/wp\/v2\/media\/3332"}],"wp:attachment":[{"href":"https:\/\/www.gta.be\/fr\/wp-json\/wp\/v2\/media?parent=3329"}],"wp:term":[{"taxonomy":"product_brand","embeddable":true,"href":"https:\/\/www.gta.be\/fr\/wp-json\/wp\/v2\/product_brand?post=3329"},{"taxonomy":"product_cat","embeddable":true,"href":"https:\/\/www.gta.be\/fr\/wp-json\/wp\/v2\/product_cat?post=3329"},{"taxonomy":"product_tag","embeddable":true,"href":"https:\/\/www.gta.be\/fr\/wp-json\/wp\/v2\/product_tag?post=3329"}],"curies":[{"name":"wp","href":"https:\/\/api.w.org\/{rel}","templated":true}]}}