{"id":3345,"date":"2024-10-08T18:27:33","date_gmt":"2024-10-08T16:27:33","guid":{"rendered":"https:\/\/www.gta.be\/fr\/?post_type=product&#038;p=3345"},"modified":"2025-10-09T06:29:31","modified_gmt":"2025-10-09T04:29:31","slug":"carte-des-profondeurs-de-la-foret-ardennaise-aux-paysages-de-plateau","status":"publish","type":"product","link":"https:\/\/www.gta.be\/fr\/produit\/carte-des-profondeurs-de-la-foret-ardennaise-aux-paysages-de-plateau\/","title":{"rendered":"Carte Des profondeurs de la for\u00eat ardennaise aux paysages de plateau"},"content":{"rendered":"","protected":false},"excerpt":{"rendered":"<p>Carte de cet itin\u00e9raire de 101 km au d\u00e9part de La Roche-en-Ardenne et passant par Laneuville-au-Bois, Hubermont, Gives, Nadrin.<\/p>\n<p>Il s&rsquo;agit de <a href=\"https:\/\/pndo.be\/fr\/parc-en-action\/developpement-economique-et-rural\/bivouacs-et-boucles-escapardenne\/\" target=\"_blank\" rel=\"noopener\">l&rsquo;une des boucles propos\u00e9es en compl\u00e9ment des itin\u00e9raires Escapardenne Eislek et Lee Trail<\/a>.<\/p>\n","protected":false},"featured_media":3349,"template":"","meta":{"_seopress_robots_primary_cat":"none","_seopress_titles_title":"Acheter carte Parc naturel des Deux Ourthes","_seopress_titles_desc":"Carte de l'itin\u00e9raire Des profondeurs de la for\u00eat ardennaise aux paysages de plateau. Boucle \u00e0 pied au d\u00e9part de La Roche-en-Ardenne via Nadrin.","_seopress_robots_index":""},"product_brand":[],"product_cat":[38,48],"product_tag":[],"class_list":{"0":"post-3345","1":"product","2":"type-product","3":"status-publish","4":"has-post-thumbnail","6":"product_cat-carte","7":"product_cat-editions-partenaires","9":"first","10":"instock","11":"shipping-taxable","12":"purchasable","13":"product-type-simple"},"_links":{"self":[{"href":"https:\/\/www.gta.be\/fr\/wp-json\/wp\/v2\/product\/3345","targetHints":{"allow":["GET"]}}],"collection":[{"href":"https:\/\/www.gta.be\/fr\/wp-json\/wp\/v2\/product"}],"about":[{"href":"https:\/\/www.gta.be\/fr\/wp-json\/wp\/v2\/types\/product"}],"wp:featuredmedia":[{"embeddable":true,"href":"https:\/\/www.gta.be\/fr\/wp-json\/wp\/v2\/media\/3349"}],"wp:attachment":[{"href":"https:\/\/www.gta.be\/fr\/wp-json\/wp\/v2\/media?parent=3345"}],"wp:term":[{"taxonomy":"product_brand","embeddable":true,"href":"https:\/\/www.gta.be\/fr\/wp-json\/wp\/v2\/product_brand?post=3345"},{"taxonomy":"product_cat","embeddable":true,"href":"https:\/\/www.gta.be\/fr\/wp-json\/wp\/v2\/product_cat?post=3345"},{"taxonomy":"product_tag","embeddable":true,"href":"https:\/\/www.gta.be\/fr\/wp-json\/wp\/v2\/product_tag?post=3345"}],"curies":[{"name":"wp","href":"https:\/\/api.w.org\/{rel}","templated":true}]}}