{"id":3355,"date":"2024-10-08T18:49:24","date_gmt":"2024-10-08T16:49:24","guid":{"rendered":"https:\/\/www.gta.be\/fr\/?post_type=product&#038;p=3355"},"modified":"2026-04-02T09:37:52","modified_gmt":"2026-04-02T07:37:52","slug":"carte-de-chiny-florenville-herbeumont","status":"publish","type":"product","link":"https:\/\/www.gta.be\/fr\/produit\/carte-de-chiny-florenville-herbeumont\/","title":{"rendered":"Carte de Chiny &#8211; Florenville &#8211; Herbeumont"},"content":{"rendered":"","protected":false},"excerpt":{"rendered":"<p>Carte de promenade p\u00e9destre \u00e0 l&rsquo;\u00e9chelle 1:25 000 reprenant 45 parcours balis\u00e9s de 2 \u00e0 13 km.<\/p>\n","protected":false},"featured_media":4290,"template":"","meta":{"_seopress_robots_primary_cat":"none","_seopress_titles_title":"Acheter la carte de Chiny - Florenville - Herbeumont","_seopress_titles_desc":"Carte IGN pour Chiny, Florenville Herbeumont: Chassepierre, Izel, Jamoigne, Lacuisine, Muno, Orval, Sainte-C\u00e9cile, Suxy, Villers-devant-Orval...","_seopress_robots_index":""},"product_brand":[],"product_cat":[38,48],"product_tag":[],"class_list":{"0":"post-3355","1":"product","2":"type-product","3":"status-publish","4":"has-post-thumbnail","6":"product_cat-carte","7":"product_cat-editions-partenaires","9":"first","10":"instock","11":"shipping-taxable","12":"purchasable","13":"product-type-simple"},"_links":{"self":[{"href":"https:\/\/www.gta.be\/fr\/wp-json\/wp\/v2\/product\/3355","targetHints":{"allow":["GET"]}}],"collection":[{"href":"https:\/\/www.gta.be\/fr\/wp-json\/wp\/v2\/product"}],"about":[{"href":"https:\/\/www.gta.be\/fr\/wp-json\/wp\/v2\/types\/product"}],"wp:featuredmedia":[{"embeddable":true,"href":"https:\/\/www.gta.be\/fr\/wp-json\/wp\/v2\/media\/4290"}],"wp:attachment":[{"href":"https:\/\/www.gta.be\/fr\/wp-json\/wp\/v2\/media?parent=3355"}],"wp:term":[{"taxonomy":"product_brand","embeddable":true,"href":"https:\/\/www.gta.be\/fr\/wp-json\/wp\/v2\/product_brand?post=3355"},{"taxonomy":"product_cat","embeddable":true,"href":"https:\/\/www.gta.be\/fr\/wp-json\/wp\/v2\/product_cat?post=3355"},{"taxonomy":"product_tag","embeddable":true,"href":"https:\/\/www.gta.be\/fr\/wp-json\/wp\/v2\/product_tag?post=3355"}],"curies":[{"name":"wp","href":"https:\/\/api.w.org\/{rel}","templated":true}]}}