{"id":3361,"date":"2024-10-08T18:55:02","date_gmt":"2024-10-08T16:55:02","guid":{"rendered":"https:\/\/www.gta.be\/fr\/?post_type=product&#038;p=3361"},"modified":"2026-04-06T21:12:20","modified_gmt":"2026-04-06T19:12:20","slug":"carte-de-ortho-hives","status":"publish","type":"product","link":"https:\/\/www.gta.be\/fr\/produit\/carte-de-ortho-hives\/","title":{"rendered":"Carte de Ortho &#8211; Hives"},"content":{"rendered":"","protected":false},"excerpt":{"rendered":"<p>Carte IGN \u00e0 l&rsquo;\u00e9chelle 1:25 000 pour Ortho &#8211; Hives comprenant 14 promenades p\u00e9destres de 3,3 km \u00e0 13,5 km.<\/p>\n","protected":false},"featured_media":3364,"template":"","meta":{"_seopress_robots_primary_cat":"none","_seopress_titles_title":"Acheter la carte de promenade Ortho Hives","_seopress_titles_desc":"Carte IGN pour Ortho - Hives: Nisramont, Warempage, Mousny, Buisson.","_seopress_robots_index":""},"product_brand":[],"product_cat":[38,48],"product_tag":[],"class_list":{"0":"post-3361","1":"product","2":"type-product","3":"status-publish","4":"has-post-thumbnail","6":"product_cat-carte","7":"product_cat-editions-partenaires","9":"first","10":"outofstock","11":"shipping-taxable","12":"purchasable","13":"product-type-simple"},"_links":{"self":[{"href":"https:\/\/www.gta.be\/fr\/wp-json\/wp\/v2\/product\/3361","targetHints":{"allow":["GET"]}}],"collection":[{"href":"https:\/\/www.gta.be\/fr\/wp-json\/wp\/v2\/product"}],"about":[{"href":"https:\/\/www.gta.be\/fr\/wp-json\/wp\/v2\/types\/product"}],"wp:featuredmedia":[{"embeddable":true,"href":"https:\/\/www.gta.be\/fr\/wp-json\/wp\/v2\/media\/3364"}],"wp:attachment":[{"href":"https:\/\/www.gta.be\/fr\/wp-json\/wp\/v2\/media?parent=3361"}],"wp:term":[{"taxonomy":"product_brand","embeddable":true,"href":"https:\/\/www.gta.be\/fr\/wp-json\/wp\/v2\/product_brand?post=3361"},{"taxonomy":"product_cat","embeddable":true,"href":"https:\/\/www.gta.be\/fr\/wp-json\/wp\/v2\/product_cat?post=3361"},{"taxonomy":"product_tag","embeddable":true,"href":"https:\/\/www.gta.be\/fr\/wp-json\/wp\/v2\/product_tag?post=3361"}],"curies":[{"name":"wp","href":"https:\/\/api.w.org\/{rel}","templated":true}]}}