{"id":3366,"date":"2024-10-09T19:15:07","date_gmt":"2024-10-09T17:15:07","guid":{"rendered":"https:\/\/www.gta.be\/fr\/?post_type=product&#038;p=3366"},"modified":"2025-09-14T14:20:11","modified_gmt":"2025-09-14T12:20:11","slug":"carte-de-leglise","status":"publish","type":"product","link":"https:\/\/www.gta.be\/fr\/produit\/carte-de-leglise\/","title":{"rendered":"Carte de L\u00e9glise"},"content":{"rendered":"","protected":false},"excerpt":{"rendered":"<p>Cette carte propose 19 balades Tarpan pour d\u00e9couvrir la commune de L\u00e9glise.<br \/>\nDes itin\u00e9raires de 4 \u00e0 14,5 km.<\/p>\n","protected":false},"featured_media":3369,"template":"","meta":{"_seopress_robots_primary_cat":"none","_seopress_titles_title":"Acheter la carte de promenade de L\u00e9glise","_seopress_titles_desc":"Carte de promenade avec 19 itin\u00e9raires pour d\u00e9couvrir la commune de L\u00e9glise dans la province de Luxembourg.","_seopress_robots_index":""},"product_brand":[],"product_cat":[38,48],"product_tag":[],"class_list":{"0":"post-3366","1":"product","2":"type-product","3":"status-publish","4":"has-post-thumbnail","6":"product_cat-carte","7":"product_cat-editions-partenaires","9":"first","10":"instock","11":"shipping-taxable","12":"purchasable","13":"product-type-simple"},"_links":{"self":[{"href":"https:\/\/www.gta.be\/fr\/wp-json\/wp\/v2\/product\/3366","targetHints":{"allow":["GET"]}}],"collection":[{"href":"https:\/\/www.gta.be\/fr\/wp-json\/wp\/v2\/product"}],"about":[{"href":"https:\/\/www.gta.be\/fr\/wp-json\/wp\/v2\/types\/product"}],"wp:featuredmedia":[{"embeddable":true,"href":"https:\/\/www.gta.be\/fr\/wp-json\/wp\/v2\/media\/3369"}],"wp:attachment":[{"href":"https:\/\/www.gta.be\/fr\/wp-json\/wp\/v2\/media?parent=3366"}],"wp:term":[{"taxonomy":"product_brand","embeddable":true,"href":"https:\/\/www.gta.be\/fr\/wp-json\/wp\/v2\/product_brand?post=3366"},{"taxonomy":"product_cat","embeddable":true,"href":"https:\/\/www.gta.be\/fr\/wp-json\/wp\/v2\/product_cat?post=3366"},{"taxonomy":"product_tag","embeddable":true,"href":"https:\/\/www.gta.be\/fr\/wp-json\/wp\/v2\/product_tag?post=3366"}],"curies":[{"name":"wp","href":"https:\/\/api.w.org\/{rel}","templated":true}]}}