{"id":3380,"date":"2024-10-18T07:53:47","date_gmt":"2024-10-18T05:53:47","guid":{"rendered":"https:\/\/www.gta.be\/fr\/?post_type=product&#038;p=3380"},"modified":"2025-09-14T14:15:36","modified_gmt":"2025-09-14T12:15:36","slug":"carte-darlon-2","status":"publish","type":"product","link":"https:\/\/www.gta.be\/fr\/produit\/carte-darlon-2\/","title":{"rendered":"Carte d&rsquo;Arlon"},"content":{"rendered":"","protected":false},"excerpt":{"rendered":"<p>Carte de promenade IGN d&rsquo;Arlon \u00e0 l&rsquo;\u00e9chelle 1:25 000 avec 10 itin\u00e9raires p\u00e9destres de 2,5 \u00e0 10,3 km.<\/p>\n<p>&nbsp;<\/p>\n","protected":false},"featured_media":3383,"template":"","meta":{"_seopress_robots_primary_cat":"none","_seopress_titles_title":"Acheter la carte de promenade d'Arlon","_seopress_titles_desc":"Carte IGN reprenant 10 promenades \u00e0 pied dans la commune d'Arlon.","_seopress_robots_index":""},"product_brand":[],"product_cat":[38,48],"product_tag":[],"class_list":{"0":"post-3380","1":"product","2":"type-product","3":"status-publish","4":"has-post-thumbnail","6":"product_cat-carte","7":"product_cat-editions-partenaires","9":"first","10":"instock","11":"shipping-taxable","12":"purchasable","13":"product-type-simple"},"_links":{"self":[{"href":"https:\/\/www.gta.be\/fr\/wp-json\/wp\/v2\/product\/3380","targetHints":{"allow":["GET"]}}],"collection":[{"href":"https:\/\/www.gta.be\/fr\/wp-json\/wp\/v2\/product"}],"about":[{"href":"https:\/\/www.gta.be\/fr\/wp-json\/wp\/v2\/types\/product"}],"wp:featuredmedia":[{"embeddable":true,"href":"https:\/\/www.gta.be\/fr\/wp-json\/wp\/v2\/media\/3383"}],"wp:attachment":[{"href":"https:\/\/www.gta.be\/fr\/wp-json\/wp\/v2\/media?parent=3380"}],"wp:term":[{"taxonomy":"product_brand","embeddable":true,"href":"https:\/\/www.gta.be\/fr\/wp-json\/wp\/v2\/product_brand?post=3380"},{"taxonomy":"product_cat","embeddable":true,"href":"https:\/\/www.gta.be\/fr\/wp-json\/wp\/v2\/product_cat?post=3380"},{"taxonomy":"product_tag","embeddable":true,"href":"https:\/\/www.gta.be\/fr\/wp-json\/wp\/v2\/product_tag?post=3380"}],"curies":[{"name":"wp","href":"https:\/\/api.w.org\/{rel}","templated":true}]}}