{"id":3395,"date":"2024-10-18T08:18:40","date_gmt":"2024-10-18T06:18:40","guid":{"rendered":"https:\/\/www.gta.be\/fr\/?post_type=product&#038;p=3395"},"modified":"2025-09-21T14:15:34","modified_gmt":"2025-09-21T12:15:34","slug":"carte-de-gouvy","status":"publish","type":"product","link":"https:\/\/www.gta.be\/fr\/produit\/carte-de-gouvy\/","title":{"rendered":"Carte de Gouvy"},"content":{"rendered":"","protected":false},"excerpt":{"rendered":"<p>Carte IGN pour la commune de Gouvy reprenant 37 parcours de 2,4 km \u00e0 16,4 km.<\/p>\n","protected":false},"featured_media":3398,"template":"","meta":{"_seopress_robots_primary_cat":"none","_seopress_titles_title":"Acheter la carte de promenade de Gouvy","_seopress_titles_desc":"Carte IGN de promenade \u00e0 pied pour la commune de Gouvy. 37 parcours \u00e0 d\u00e9couvrir.","_seopress_robots_index":""},"product_brand":[],"product_cat":[38,48],"product_tag":[],"class_list":{"0":"post-3395","1":"product","2":"type-product","3":"status-publish","4":"has-post-thumbnail","6":"product_cat-carte","7":"product_cat-editions-partenaires","9":"first","10":"instock","11":"shipping-taxable","12":"purchasable","13":"product-type-simple"},"_links":{"self":[{"href":"https:\/\/www.gta.be\/fr\/wp-json\/wp\/v2\/product\/3395","targetHints":{"allow":["GET"]}}],"collection":[{"href":"https:\/\/www.gta.be\/fr\/wp-json\/wp\/v2\/product"}],"about":[{"href":"https:\/\/www.gta.be\/fr\/wp-json\/wp\/v2\/types\/product"}],"wp:featuredmedia":[{"embeddable":true,"href":"https:\/\/www.gta.be\/fr\/wp-json\/wp\/v2\/media\/3398"}],"wp:attachment":[{"href":"https:\/\/www.gta.be\/fr\/wp-json\/wp\/v2\/media?parent=3395"}],"wp:term":[{"taxonomy":"product_brand","embeddable":true,"href":"https:\/\/www.gta.be\/fr\/wp-json\/wp\/v2\/product_brand?post=3395"},{"taxonomy":"product_cat","embeddable":true,"href":"https:\/\/www.gta.be\/fr\/wp-json\/wp\/v2\/product_cat?post=3395"},{"taxonomy":"product_tag","embeddable":true,"href":"https:\/\/www.gta.be\/fr\/wp-json\/wp\/v2\/product_tag?post=3395"}],"curies":[{"name":"wp","href":"https:\/\/api.w.org\/{rel}","templated":true}]}}