{"id":3400,"date":"2024-10-18T18:44:45","date_gmt":"2024-10-18T16:44:45","guid":{"rendered":"https:\/\/www.gta.be\/fr\/?post_type=product&#038;p=3400"},"modified":"2026-03-24T17:34:02","modified_gmt":"2026-03-24T16:34:02","slug":"carte-de-neufchateau","status":"publish","type":"product","link":"https:\/\/www.gta.be\/fr\/produit\/carte-de-neufchateau\/","title":{"rendered":"Carte de Neufch\u00e2teau"},"content":{"rendered":"","protected":false},"excerpt":{"rendered":"<p>Carte IGN \u00e0 l&rsquo;\u00e9chelle 1:25 000 pour la commune de Neufch\u00e2teau.<br \/>\n9 itin\u00e9raires de 5 \u00e0 14,3 km.<\/p>\n","protected":false},"featured_media":3403,"template":"","meta":{"_seopress_robots_primary_cat":"none","_seopress_titles_title":"Acheter la carte de promenade de Neufch\u00e2teau","_seopress_titles_desc":"Carte IGN pour la commune de Neufch\u00e2teau Montplainchamps,Petitvoir, Grandvoir dans la province de Luxembourg. Itin\u00e9raires p\u00e9destres.","_seopress_robots_index":""},"product_brand":[],"product_cat":[38,48],"product_tag":[],"class_list":{"0":"post-3400","1":"product","2":"type-product","3":"status-publish","4":"has-post-thumbnail","6":"product_cat-carte","7":"product_cat-editions-partenaires","9":"first","10":"instock","11":"shipping-taxable","12":"purchasable","13":"product-type-simple"},"_links":{"self":[{"href":"https:\/\/www.gta.be\/fr\/wp-json\/wp\/v2\/product\/3400","targetHints":{"allow":["GET"]}}],"collection":[{"href":"https:\/\/www.gta.be\/fr\/wp-json\/wp\/v2\/product"}],"about":[{"href":"https:\/\/www.gta.be\/fr\/wp-json\/wp\/v2\/types\/product"}],"wp:featuredmedia":[{"embeddable":true,"href":"https:\/\/www.gta.be\/fr\/wp-json\/wp\/v2\/media\/3403"}],"wp:attachment":[{"href":"https:\/\/www.gta.be\/fr\/wp-json\/wp\/v2\/media?parent=3400"}],"wp:term":[{"taxonomy":"product_brand","embeddable":true,"href":"https:\/\/www.gta.be\/fr\/wp-json\/wp\/v2\/product_brand?post=3400"},{"taxonomy":"product_cat","embeddable":true,"href":"https:\/\/www.gta.be\/fr\/wp-json\/wp\/v2\/product_cat?post=3400"},{"taxonomy":"product_tag","embeddable":true,"href":"https:\/\/www.gta.be\/fr\/wp-json\/wp\/v2\/product_tag?post=3400"}],"curies":[{"name":"wp","href":"https:\/\/api.w.org\/{rel}","templated":true}]}}