{"id":3410,"date":"2024-10-18T18:59:05","date_gmt":"2024-10-18T16:59:05","guid":{"rendered":"https:\/\/www.gta.be\/fr\/?post_type=product&#038;p=3410"},"modified":"2026-03-31T14:10:53","modified_gmt":"2026-03-31T12:10:53","slug":"carte-dherbeumont","status":"publish","type":"product","link":"https:\/\/www.gta.be\/fr\/produit\/carte-dherbeumont\/","title":{"rendered":"Carte d&rsquo;Herbeumont &#8211; Martilly &#8211; St-M\u00e9dard &#8211; Straimont"},"content":{"rendered":"","protected":false},"excerpt":{"rendered":"<p>Carte IGN \u00e0 l&rsquo;\u00e9chelle 1:25 000 pour la commune d&rsquo;Herbeumont reprenant 21 parcours de 2,5 km \u00e0 20 km.<\/p>\n","protected":false},"featured_media":3413,"template":"","meta":{"_seopress_robots_primary_cat":"none","_seopress_titles_title":"Acheter la carte de promenade d'Herbeumont","_seopress_titles_desc":"Carte IGN pour la commune d'Herbeumont (Herbeumont, Martilly, Saint-M\u00e9dard, Straimont). 21 parcours.","_seopress_robots_index":""},"product_brand":[],"product_cat":[38,48],"product_tag":[],"class_list":{"0":"post-3410","1":"product","2":"type-product","3":"status-publish","4":"has-post-thumbnail","6":"product_cat-carte","7":"product_cat-editions-partenaires","9":"first","10":"outofstock","11":"shipping-taxable","12":"purchasable","13":"product-type-simple"},"_links":{"self":[{"href":"https:\/\/www.gta.be\/fr\/wp-json\/wp\/v2\/product\/3410","targetHints":{"allow":["GET"]}}],"collection":[{"href":"https:\/\/www.gta.be\/fr\/wp-json\/wp\/v2\/product"}],"about":[{"href":"https:\/\/www.gta.be\/fr\/wp-json\/wp\/v2\/types\/product"}],"wp:featuredmedia":[{"embeddable":true,"href":"https:\/\/www.gta.be\/fr\/wp-json\/wp\/v2\/media\/3413"}],"wp:attachment":[{"href":"https:\/\/www.gta.be\/fr\/wp-json\/wp\/v2\/media?parent=3410"}],"wp:term":[{"taxonomy":"product_brand","embeddable":true,"href":"https:\/\/www.gta.be\/fr\/wp-json\/wp\/v2\/product_brand?post=3410"},{"taxonomy":"product_cat","embeddable":true,"href":"https:\/\/www.gta.be\/fr\/wp-json\/wp\/v2\/product_cat?post=3410"},{"taxonomy":"product_tag","embeddable":true,"href":"https:\/\/www.gta.be\/fr\/wp-json\/wp\/v2\/product_tag?post=3410"}],"curies":[{"name":"wp","href":"https:\/\/api.w.org\/{rel}","templated":true}]}}