{"id":3416,"date":"2024-10-18T19:01:50","date_gmt":"2024-10-18T17:01:50","guid":{"rendered":"https:\/\/www.gta.be\/fr\/?post_type=product&#038;p=3416"},"modified":"2025-08-03T06:38:00","modified_gmt":"2025-08-03T04:38:00","slug":"carte-de-vielsalm","status":"publish","type":"product","link":"https:\/\/www.gta.be\/fr\/produit\/carte-de-vielsalm\/","title":{"rendered":"Carte de Vielsalm"},"content":{"rendered":"","protected":false},"excerpt":{"rendered":"<p>Carte IGN de promenade pour la commune de Vielsalm (Vielsalm, Petit-Thier, Grand-Halleux, H\u00e9bronval, Baraque de Fraiture) proposant 11 itin\u00e9raires p\u00e9destres de 5 km \u00e0 13 km.<\/p>\n","protected":false},"featured_media":3420,"template":"","meta":{"_seopress_robots_primary_cat":"none","_seopress_titles_title":"Acheter la carte de promenade de Vielsalm","_seopress_titles_desc":"Carte IGN pour la commune de Vielsalm reprenant 11 itin\u00e9raires p\u00e9destres de 5 \u00e0 13 km.","_seopress_robots_index":""},"product_brand":[],"product_cat":[38,48],"product_tag":[],"class_list":{"0":"post-3416","1":"product","2":"type-product","3":"status-publish","4":"has-post-thumbnail","6":"product_cat-carte","7":"product_cat-editions-partenaires","9":"first","10":"outofstock","11":"shipping-taxable","12":"purchasable","13":"product-type-simple"},"_links":{"self":[{"href":"https:\/\/www.gta.be\/fr\/wp-json\/wp\/v2\/product\/3416","targetHints":{"allow":["GET"]}}],"collection":[{"href":"https:\/\/www.gta.be\/fr\/wp-json\/wp\/v2\/product"}],"about":[{"href":"https:\/\/www.gta.be\/fr\/wp-json\/wp\/v2\/types\/product"}],"wp:featuredmedia":[{"embeddable":true,"href":"https:\/\/www.gta.be\/fr\/wp-json\/wp\/v2\/media\/3420"}],"wp:attachment":[{"href":"https:\/\/www.gta.be\/fr\/wp-json\/wp\/v2\/media?parent=3416"}],"wp:term":[{"taxonomy":"product_brand","embeddable":true,"href":"https:\/\/www.gta.be\/fr\/wp-json\/wp\/v2\/product_brand?post=3416"},{"taxonomy":"product_cat","embeddable":true,"href":"https:\/\/www.gta.be\/fr\/wp-json\/wp\/v2\/product_cat?post=3416"},{"taxonomy":"product_tag","embeddable":true,"href":"https:\/\/www.gta.be\/fr\/wp-json\/wp\/v2\/product_tag?post=3416"}],"curies":[{"name":"wp","href":"https:\/\/api.w.org\/{rel}","templated":true}]}}