{"id":3423,"date":"2024-10-18T19:13:23","date_gmt":"2024-10-18T17:13:23","guid":{"rendered":"https:\/\/www.gta.be\/fr\/?post_type=product&#038;p=3423"},"modified":"2025-09-14T14:24:10","modified_gmt":"2025-09-14T12:24:10","slug":"carte-parc-naturel-de-la-vallee-de-lattert","status":"publish","type":"product","link":"https:\/\/www.gta.be\/fr\/produit\/carte-parc-naturel-de-la-vallee-de-lattert\/","title":{"rendered":"Carte Parc naturel de la Vall\u00e9e de l&rsquo;Attert"},"content":{"rendered":"","protected":false},"excerpt":{"rendered":"<p>Carte IGN \u00ab\u00a0Parc naturel de la Vall\u00e9e de l&rsquo;Attert\u00a0\u00bb reprenant 8 parcours d&rsquo;environ 5 \u00e0 42 km ainsi qu&rsquo;un parcours cyclo d&rsquo;environ 27 km.<\/p>\n","protected":false},"featured_media":3426,"template":"","meta":{"_seopress_robots_primary_cat":"none","_seopress_titles_title":"Acheter la carte de promenade Parc naturel Vall\u00e9e de l'Attert","_seopress_titles_desc":"Carte IGN \u00e0 l'\u00e9chelle 1:25 000 \"Parc naturel de la Vall\u00e9e de l'Attert\"","_seopress_robots_index":""},"product_brand":[],"product_cat":[38,48],"product_tag":[],"class_list":{"0":"post-3423","1":"product","2":"type-product","3":"status-publish","4":"has-post-thumbnail","6":"product_cat-carte","7":"product_cat-editions-partenaires","9":"first","10":"instock","11":"shipping-taxable","12":"purchasable","13":"product-type-simple"},"_links":{"self":[{"href":"https:\/\/www.gta.be\/fr\/wp-json\/wp\/v2\/product\/3423","targetHints":{"allow":["GET"]}}],"collection":[{"href":"https:\/\/www.gta.be\/fr\/wp-json\/wp\/v2\/product"}],"about":[{"href":"https:\/\/www.gta.be\/fr\/wp-json\/wp\/v2\/types\/product"}],"wp:featuredmedia":[{"embeddable":true,"href":"https:\/\/www.gta.be\/fr\/wp-json\/wp\/v2\/media\/3426"}],"wp:attachment":[{"href":"https:\/\/www.gta.be\/fr\/wp-json\/wp\/v2\/media?parent=3423"}],"wp:term":[{"taxonomy":"product_brand","embeddable":true,"href":"https:\/\/www.gta.be\/fr\/wp-json\/wp\/v2\/product_brand?post=3423"},{"taxonomy":"product_cat","embeddable":true,"href":"https:\/\/www.gta.be\/fr\/wp-json\/wp\/v2\/product_cat?post=3423"},{"taxonomy":"product_tag","embeddable":true,"href":"https:\/\/www.gta.be\/fr\/wp-json\/wp\/v2\/product_tag?post=3423"}],"curies":[{"name":"wp","href":"https:\/\/api.w.org\/{rel}","templated":true}]}}