{"id":3428,"date":"2024-10-18T19:19:05","date_gmt":"2024-10-18T17:19:05","guid":{"rendered":"https:\/\/www.gta.be\/fr\/?post_type=product&#038;p=3428"},"modified":"2025-07-19T10:35:36","modified_gmt":"2025-07-19T08:35:36","slug":"carte-de-la-vallee-de-lourthe-a-la-vallee-des-fees-du-plateau-des-tailles-au-canal-de-bernistap","status":"publish","type":"product","link":"https:\/\/www.gta.be\/fr\/produit\/carte-de-la-vallee-de-lourthe-a-la-vallee-des-fees-du-plateau-des-tailles-au-canal-de-bernistap\/","title":{"rendered":"Carte De la vall\u00e9e de l&rsquo;Ourthe \u00e0 la vall\u00e9e des f\u00e9es &#038; Du plateau des Tailles au Canal de Bernistap"},"content":{"rendered":"","protected":false},"excerpt":{"rendered":"<p>Carte de promenade de 2 boucles:<\/p>\n<ul>\n<li>De la vall\u00e9e de l&rsquo;Ourthe \u00e0 la vall\u00e9e des f\u00e9es (30 km)<\/li>\n<li>Du plateau des Tailles au Canal de Bernistap (55 km)<\/li>\n<\/ul>\n<p>Il s\u2019agit de <a href=\"https:\/\/pndo.be\/fr\/parc-en-action\/developpement-economique-et-rural\/bivouacs-et-boucles-escapardenne\/\" target=\"_blank\" rel=\"noopener\">boucles propos\u00e9es en compl\u00e9ment des itin\u00e9raires Escapardenne Eislek et Lee Trail<\/a>.<\/p>\n","protected":false},"featured_media":3431,"template":"","meta":{"_seopress_robots_primary_cat":"none","_seopress_titles_title":"Boucles compl\u00e9mentaires \u00e0 Escapardenne","_seopress_titles_desc":"2 parcours sur cette carte : De la vall\u00e9e de l'Ourthe \u00e0 la vall\u00e9e des f\u00e9es (30 km), Du plateau des Tailles au Canal de Bernistap (55 km).","_seopress_robots_index":""},"product_brand":[],"product_cat":[38,48],"product_tag":[],"class_list":{"0":"post-3428","1":"product","2":"type-product","3":"status-publish","4":"has-post-thumbnail","6":"product_cat-carte","7":"product_cat-editions-partenaires","9":"first","10":"outofstock","11":"shipping-taxable","12":"purchasable","13":"product-type-simple"},"_links":{"self":[{"href":"https:\/\/www.gta.be\/fr\/wp-json\/wp\/v2\/product\/3428","targetHints":{"allow":["GET"]}}],"collection":[{"href":"https:\/\/www.gta.be\/fr\/wp-json\/wp\/v2\/product"}],"about":[{"href":"https:\/\/www.gta.be\/fr\/wp-json\/wp\/v2\/types\/product"}],"wp:featuredmedia":[{"embeddable":true,"href":"https:\/\/www.gta.be\/fr\/wp-json\/wp\/v2\/media\/3431"}],"wp:attachment":[{"href":"https:\/\/www.gta.be\/fr\/wp-json\/wp\/v2\/media?parent=3428"}],"wp:term":[{"taxonomy":"product_brand","embeddable":true,"href":"https:\/\/www.gta.be\/fr\/wp-json\/wp\/v2\/product_brand?post=3428"},{"taxonomy":"product_cat","embeddable":true,"href":"https:\/\/www.gta.be\/fr\/wp-json\/wp\/v2\/product_cat?post=3428"},{"taxonomy":"product_tag","embeddable":true,"href":"https:\/\/www.gta.be\/fr\/wp-json\/wp\/v2\/product_tag?post=3428"}],"curies":[{"name":"wp","href":"https:\/\/api.w.org\/{rel}","templated":true}]}}